{"id":9675,"date":"2021-05-27T18:01:23","date_gmt":"2021-05-27T16:01:23","guid":{"rendered":"https:\/\/juedisches-dortmund.de\/en\/?page_id=9675"},"modified":"2021-08-16T15:25:40","modified_gmt":"2021-08-16T13:25:40","slug":"hartmann","status":"publish","type":"page","link":"https:\/\/juedisches-dortmund.de\/en\/hartmann\/","title":{"rendered":"Hartmann"},"content":{"rendered":"\t\t<div data-elementor-type=\"wp-page\" data-elementor-id=\"9675\" class=\"elementor elementor-9675\">\n\t\t\t\t\t\t<section class=\"elementor-section elementor-top-section elementor-element elementor-element-1ffe6d9 elementor-section-boxed elementor-section-height-default elementor-section-height-default\" data-id=\"1ffe6d9\" data-element_type=\"section\" data-e-type=\"section\">\n\t\t\t\t\t\t<div class=\"elementor-container elementor-column-gap-default\">\n\t\t\t\t\t<div class=\"elementor-column elementor-col-100 elementor-top-column elementor-element elementor-element-fd0b5b4\" data-id=\"fd0b5b4\" data-element_type=\"column\" data-e-type=\"column\">\n\t\t\t<div class=\"elementor-widget-wrap elementor-element-populated\">\n\t\t\t\t\t\t<div class=\"elementor-element elementor-element-5c8192b elementor-widget elementor-widget-spacer\" data-id=\"5c8192b\" data-element_type=\"widget\" data-e-type=\"widget\" data-widget_type=\"spacer.default\">\n\t\t\t\t<div class=\"elementor-widget-container\">\n\t\t\t\t\t\t\t<div class=\"elementor-spacer\">\n\t\t\t<div class=\"elementor-spacer-inner\"><\/div>\n\t\t<\/div>\n\t\t\t\t\t\t<\/div>\n\t\t\t\t<\/div>\n\t\t\t\t\t<\/div>\n\t\t<\/div>\n\t\t\t\t\t<\/div>\n\t\t<\/section>\n\t\t\t\t<section class=\"elementor-section elementor-top-section elementor-element elementor-element-19c7b7e elementor-section-boxed elementor-section-height-default elementor-section-height-default\" data-id=\"19c7b7e\" data-element_type=\"section\" data-e-type=\"section\">\n\t\t\t\t\t\t<div class=\"elementor-container elementor-column-gap-wider\">\n\t\t\t\t\t<div class=\"elementor-column elementor-col-33 elementor-top-column elementor-element elementor-element-78fa5d9\" data-id=\"78fa5d9\" data-element_type=\"column\" data-e-type=\"column\">\n\t\t\t<div class=\"elementor-widget-wrap elementor-element-populated\">\n\t\t\t\t\t\t<div class=\"elementor-element elementor-element-4062366 elementor-widget elementor-widget-text-editor\" data-id=\"4062366\" data-element_type=\"widget\" data-e-type=\"widget\" data-widget_type=\"text-editor.default\">\n\t\t\t\t<div class=\"elementor-widget-container\">\n\t\t\t\t\t\t\t\t\t<h5>Wilhelm Hartmann, born 7.5.1882 in Halle (Saale)<br \/><br \/>Berta Hartmann, n\u00e9e Schuberten, born 31.8.1888 in Dortmund<br \/><br \/>Maria Reinhardt, n\u00e9e Hartmann, born 27.7.1919 in Buttst\u00e4dt in Thuringia <br \/><br \/>Josef Hartmann, born 6.7.1934 in M\u00fcnster<br \/><br \/>Heinrich Hartmann, born 8.\/18.3.1914 in Leipzig<br \/><br \/>Robert Hartmann, born 30.8.1921 in Havixbeck<br \/><br \/>Paul Hartmann, born 6.2.1925 in Versmold<\/h5>\t\t\t\t\t\t\t\t<\/div>\n\t\t\t\t<\/div>\n\t\t\t\t<div class=\"elementor-element elementor-element-d9b02c7 elementor-widget-divider--view-line elementor-widget elementor-widget-divider\" data-id=\"d9b02c7\" data-element_type=\"widget\" data-e-type=\"widget\" data-widget_type=\"divider.default\">\n\t\t\t\t<div class=\"elementor-widget-container\">\n\t\t\t\t\t\t\t<div class=\"elementor-divider\">\n\t\t\t<span class=\"elementor-divider-separator\">\n\t\t\t\t\t\t<\/span>\n\t\t<\/div>\n\t\t\t\t\t\t<\/div>\n\t\t\t\t<\/div>\n\t\t\t\t<div class=\"elementor-element elementor-element-d4e96a8 elementor-widget elementor-widget-text-editor\" data-id=\"d4e96a8\" data-element_type=\"widget\" data-e-type=\"widget\" data-widget_type=\"text-editor.default\">\n\t\t\t\t<div class=\"elementor-widget-container\">\n\t\t\t\t\t\t\t\t\t<p>Burgweg 38, Do-Nord<\/p>\t\t\t\t\t\t\t\t<\/div>\n\t\t\t\t<\/div>\n\t\t\t\t<div class=\"elementor-element elementor-element-bd6ded6 elementor-widget elementor-widget-button\" data-id=\"bd6ded6\" data-element_type=\"widget\" data-e-type=\"widget\" data-widget_type=\"button.default\">\n\t\t\t\t<div class=\"elementor-widget-container\">\n\t\t\t\t\t\t\t\t\t<div class=\"elementor-button-wrapper\">\n\t\t\t\t\t<a class=\"elementor-button elementor-button-link elementor-size-sm\" href=\"https:\/\/juedisches-dortmund.de\/en\/karte\/?marker=1370\">\n\t\t\t\t\t\t<span class=\"elementor-button-content-wrapper\">\n\t\t\t\t\t\t\t\t\t<span class=\"elementor-button-text\">map<\/span>\n\t\t\t\t\t<\/span>\n\t\t\t\t\t<\/a>\n\t\t\t\t<\/div>\n\t\t\t\t\t\t\t\t<\/div>\n\t\t\t\t<\/div>\n\t\t\t\t<div class=\"elementor-element elementor-element-75da0e6 elementor-widget elementor-widget-text-editor\" data-id=\"75da0e6\" data-element_type=\"widget\" data-e-type=\"widget\" data-widget_type=\"text-editor.default\">\n\t\t\t\t<div class=\"elementor-widget-container\">\n\t\t\t\t\t\t\t\t\t<p><a href=\"https:\/\/juedisches-dortmund.de\/en\/stolpersteine-liste\/\">\u2192 list overview<\/a><\/p>\t\t\t\t\t\t\t\t<\/div>\n\t\t\t\t<\/div>\n\t\t\t\t\t<\/div>\n\t\t<\/div>\n\t\t\t\t<div class=\"elementor-column elementor-col-66 elementor-top-column elementor-element elementor-element-6d6d2f9\" data-id=\"6d6d2f9\" data-element_type=\"column\" data-e-type=\"column\">\n\t\t\t<div class=\"elementor-widget-wrap elementor-element-populated\">\n\t\t\t\t\t\t<div class=\"elementor-element elementor-element-4ddda01 elementor-widget elementor-widget-text-editor\" data-id=\"4ddda01\" data-element_type=\"widget\" data-e-type=\"widget\" data-widget_type=\"text-editor.default\">\n\t\t\t\t<div class=\"elementor-widget-container\">\n\t\t\t\t\t\t\t\t\t<p>Wilhelm Hartmann was a musician by profession. Additionally, together with his wife Berta Hartmann, he operated a textile business based in Dortmund. From 1933, he was conscripted into the Reich Labour Service (\u201cArbeitsdienst\u201d), assigned to duties in construction of the Autobahn in the vicinity of Dortmund.<br \/>On 11 June 1938, Dortmund Criminal Police arrested him at his workplace under the \u201cAction Work-shy &#8211; Reich\u201d programme and took him into \u201cpreventive detention\u201d at Steinwache police station. The reason given for his arrest was a \u201cSpecial order\u201d. <br \/>It emerges from the application for compensation made for him that he was arrested by Dortmund Criminal Police for \u201cwork shyness\u201d after he had committed a criminal offence and also for causing bodily harm on the strength of his previous record.<br \/>Hartmann was taken from Dortmund on 22 June 1938 and committed to Sachsenhausen concentration camp on the same day as prisoner number 2463. On 25 January 1940, he was transferred to Mauthausen concentration camp, and from there on 15 August 1940 to Dachau concentration camp (prisoner number 14765, detention category \u201cCompulsory labour, Reich\u201d), and finally, on 5 July 1941, to Buchenwald concentration camp. There, he was placed in the \u201cASR Gypsy\u201d category, given the prisoner number 7755, and accommodated in Block 25. There, he died at 1.25 a.m. on 19 July 1941, the official cause of death being recorded as a \u201cCollapse\u201d.<\/p><p>The transport on which Hartmann was transferred to Buchenwald was a so-called \u201cinvalid transport\u201d. This was a method by which the SS forces in charge at Dachau sought to get rid of a large number of prisoners who were sick or handicapped or otherwise considered no longer able to work. Consequently, a large number of those transferred to Buchenwald were specifically targeted and killed. It is therefore probable that Hartmann was deliberately murdered in the sick bay. <br \/>Wilhelm Hartmann\u2019s body was cremated on 22 July 1941 and buried anonymously on 8 August 1941 at Dortmund Main Cemetery (Dortmunder Hauptfriedhof), Area 141b, his ashes having been previously sent to his family.<\/p><p>His wife Berta Hartmann was sent to Auschwitz-Birkenau extermination camp on 13 March 1943 and given prisoner number Z-3095. She was murdered there on 27 March 1944.<\/p><p>The Hartmanns had four children. <br \/>The eldest daughter Maria Reinhart worked until her deportation in a fish smoking business, and after the war, according to her own information given in her applications for compensation, was a housewife. She reports that she was deported to Ravensbr\u00fcck even before 1941. She was liberated from there by Soviet troops on 30 April 1945.<br \/>Her son Josef Hartmann, known as Jonni, was still a schoolboy when he was deported from Dortmund and committed to Auschwitz-Birkenau extermination camp as prisoner number Z-2767 on 13 March 1943. His mother states that he was murdered there. He is therefore presumed missing, with his date of death officially set by Dortmund Local Court as 8 May 1945.<\/p><p>After attending Finke School, son Heinrich Hartmann began training as a musician in around 1928. He played together with his father at village events as a means of earning money. After 1933, he was assigned, like his father Wilhelm and his brother Robert, to road building work in construction of the Autobahn near Dortmund. According to information of his sister Maria Reinhardt, Heinrich Hartmann was conscripted into military service and took part in the \u201cPoland campaign\u201d. At an unknown date, he was dismissed again from the army.<br \/>On 8 September, he was taken into \u201cpreventive detention\u201d and held at Steinwache police station, initially until 7 October 1941. From there, he was deported to Dachau concentration, where he was held as prisoner number 27804 until 17 December 1941. Subsequently, he was interned as prisoner number 40547 in Sachsenhausen concentration camp until his death on 16 May 1944. In both camps, he was categorized as an \u201cAZR\u201d prisoner (Compulsory Labour, Reich). Heinrich Hartmann allegedly died of pulmonary tuberculosis.<\/p><p>Robert Hartmann also began training as a musician, but was unable to complete his training. He, too, was assigned after 1933 to road building duties in construction of the Autobahn near Dortmund and worked there until being taken into preventive detention from 18 April 1942 to 9 June 1942 at Steinwache police station. From there, he was deported to Dachau concentration camp, where he was committed on 9 June 1942 as prisoner number 30508. On 4 July 1942, he was subjected to confinement in the punishment block, though for how long is not known. On 17 September 1942, he was transferred first to Neuengamme concentration camp, and from there, on an unknown date, to Bergen-Belsen concentration camp. There, he finally died at 3.00 p.m. on 19 June 1944, allegedly of pulmonary tuberculosis. In the camp, he was categorized as an \u201cAZR. Zig.\u201d prisoner (Compulsory Labour, Reich, Gypsy\u201d).<\/p><p>According to his own information, Paul Hartmann attended Elisabeth School in Dortmund. In 1959, he gave his profession as musician.<br \/>After completing school in Dortmund, he worked for about six months at the Dortmund construction firm of Evers &amp; Kemper, before being arrested while still at his workplace and deported on 3 September 1942 to Sachsenhausen. He was liberated on 22 April 1945.<\/p><p>On 30 September 1959, in the compensation proceedings, the President of Arnsberg Regional Administration awarded the surviving relatives \u2013 Maria Reinhart, Paul Hartmann und Linda Winter \u2013 compensation for deprivation of liberty of Berta, Heinrich and Robert. <br \/>In 1963, they received restitution for the contents of their caravans and their clothes, jewellery and instruments stolen from them on their deportation in March 1943. The caravans were stated to have been in their possession since even before the First World War, and therefore no compensation was payable for them.<\/p><p>Further attempts of the survivors to claim compensation also for loss of life and professional and economic prosperity were recognized in the case of Heinrich and Robert in 1960, but were refused for Wilhelm and Paul. The grounds given for the refusal were that Sinti and Roma were only subject to racial persecution from late 1942\/early 1943 onwards and that Wilhelm and Paul Hartmann were not detained on racial grounds but on the strength of \u201cconsiderations of the security police\u201d. Also in the case of Heinrich and Robert, periods of custody and loss of earnings were, on the same grounds, only recognized as being due for compensation in respect of periods of time after 12 March 1943, the officially recognized date of their deportation from Dortmund.<\/p>\t\t\t\t\t\t\t\t<\/div>\n\t\t\t\t<\/div>\n\t\t\t\t\t<\/div>\n\t\t<\/div>\n\t\t\t\t\t<\/div>\n\t\t<\/section>\n\t\t\t\t<section class=\"elementor-section elementor-top-section elementor-element elementor-element-2d56f5d elementor-section-boxed elementor-section-height-default elementor-section-height-default\" data-id=\"2d56f5d\" data-element_type=\"section\" data-e-type=\"section\">\n\t\t\t\t\t\t<div class=\"elementor-container elementor-column-gap-default\">\n\t\t\t\t\t<div class=\"elementor-column elementor-col-100 elementor-top-column elementor-element elementor-element-9d84aa8\" data-id=\"9d84aa8\" data-element_type=\"column\" data-e-type=\"column\">\n\t\t\t<div class=\"elementor-widget-wrap elementor-element-populated\">\n\t\t\t\t\t\t<div class=\"elementor-element elementor-element-999117b elementor-widget elementor-widget-spacer\" data-id=\"999117b\" data-element_type=\"widget\" data-e-type=\"widget\" data-widget_type=\"spacer.default\">\n\t\t\t\t<div class=\"elementor-widget-container\">\n\t\t\t\t\t\t\t<div class=\"elementor-spacer\">\n\t\t\t<div class=\"elementor-spacer-inner\"><\/div>\n\t\t<\/div>\n\t\t\t\t\t\t<\/div>\n\t\t\t\t<\/div>\n\t\t\t\t\t<\/div>\n\t\t<\/div>\n\t\t\t\t\t<\/div>\n\t\t<\/section>\n\t\t\t\t<\/div>\n\t\t","protected":false},"excerpt":{"rendered":"<p>Wilhelm Hartmann, born 7.5.1882 in Halle (Saale) Berta Hartmann, n\u00e9e Schuberten, born 31.8.1888 in Dortmund Maria Reinhardt, n\u00e9e Hartmann, born 27.7.1919 in Buttst\u00e4dt in Thuringia Josef Hartmann, born 6.7.1934 in M\u00fcnster Heinrich Hartmann, born 8.\/18.3.1914 in Leipzig Robert Hartmann, born 30.8.1921 in Havixbeck Paul Hartmann, born 6.2.1925 in Versmold Burgweg 38, Do-Nord map \u2192 list [&hellip;]<\/p>\n","protected":false},"author":2,"featured_media":0,"parent":0,"menu_order":0,"comment_status":"closed","ping_status":"closed","template":"","meta":{"inline_featured_image":false,"site-sidebar-layout":"no-sidebar","site-content-layout":"default","ast-site-content-layout":"default","site-content-style":"default","site-sidebar-style":"default","ast-global-header-display":"","ast-banner-title-visibility":"","ast-main-header-display":"","ast-hfb-above-header-display":"","ast-hfb-below-header-display":"","ast-hfb-mobile-header-display":"","site-post-title":"disabled","ast-breadcrumbs-content":"","ast-featured-img":"disabled","footer-sml-layout":"","ast-disable-related-posts":"","theme-transparent-header-meta":"default","adv-header-id-meta":"","stick-header-meta":"","header-above-stick-meta":"","header-main-stick-meta":"","header-below-stick-meta":"","astra-migrate-meta-layouts":"default","ast-page-background-enabled":"default","ast-page-background-meta":{"desktop":{"background-color":"","background-image":"","background-repeat":"repeat","background-position":"center center","background-size":"auto","background-attachment":"scroll","background-type":"","background-media":"","overlay-type":"","overlay-color":"","overlay-opacity":"","overlay-gradient":""},"tablet":{"background-color":"","background-image":"","background-repeat":"repeat","background-position":"center center","background-size":"auto","background-attachment":"scroll","background-type":"","background-media":"","overlay-type":"","overlay-color":"","overlay-opacity":"","overlay-gradient":""},"mobile":{"background-color":"","background-image":"","background-repeat":"repeat","background-position":"center center","background-size":"auto","background-attachment":"scroll","background-type":"","background-media":"","overlay-type":"","overlay-color":"","overlay-opacity":"","overlay-gradient":""}},"ast-content-background-meta":{"desktop":{"background-color":"var(--ast-global-color-5)","background-image":"","background-repeat":"repeat","background-position":"center center","background-size":"auto","background-attachment":"scroll","background-type":"","background-media":"","overlay-type":"","overlay-color":"","overlay-opacity":"","overlay-gradient":""},"tablet":{"background-color":"var(--ast-global-color-5)","background-image":"","background-repeat":"repeat","background-position":"center center","background-size":"auto","background-attachment":"scroll","background-type":"","background-media":"","overlay-type":"","overlay-color":"","overlay-opacity":"","overlay-gradient":""},"mobile":{"background-color":"var(--ast-global-color-5)","background-image":"","background-repeat":"repeat","background-position":"center center","background-size":"auto","background-attachment":"scroll","background-type":"","background-media":"","overlay-type":"","overlay-color":"","overlay-opacity":"","overlay-gradient":""}},"footnotes":""},"class_list":["post-9675","page","type-page","status-publish","hentry"],"yoast_head":"<!-- This site is optimized with the Yoast SEO plugin v27.2 - https:\/\/yoast.com\/product\/yoast-seo-wordpress\/ -->\n<title>Hartmann - J\u00fcdisches Dortmund | english<\/title>\n<meta name=\"robots\" content=\"index, follow, max-snippet:-1, max-image-preview:large, max-video-preview:-1\" \/>\n<link rel=\"canonical\" href=\"https:\/\/juedisches-dortmund.de\/en\/hartmann\/\" \/>\n<meta property=\"og:locale\" content=\"de_DE\" \/>\n<meta property=\"og:type\" content=\"article\" \/>\n<meta property=\"og:title\" content=\"Hartmann - J\u00fcdisches Dortmund | english\" \/>\n<meta property=\"og:description\" content=\"Wilhelm Hartmann, born 7.5.1882 in Halle (Saale) Berta Hartmann, n\u00e9e Schuberten, born 31.8.1888 in Dortmund Maria Reinhardt, n\u00e9e Hartmann, born 27.7.1919 in Buttst\u00e4dt in Thuringia Josef Hartmann, born 6.7.1934 in M\u00fcnster Heinrich Hartmann, born 8.\/18.3.1914 in Leipzig Robert Hartmann, born 30.8.1921 in Havixbeck Paul Hartmann, born 6.2.1925 in Versmold Burgweg 38, Do-Nord map \u2192 list [&hellip;]\" \/>\n<meta property=\"og:url\" content=\"https:\/\/juedisches-dortmund.de\/en\/hartmann\/\" \/>\n<meta property=\"og:site_name\" content=\"J\u00fcdisches Dortmund | english\" \/>\n<meta property=\"article:modified_time\" content=\"2021-08-16T13:25:40+00:00\" \/>\n<meta property=\"og:image\" content=\"https:\/\/juedisches-dortmund.de\/en\/wp-content\/uploads\/sites\/5\/2021\/03\/synagoge-Dortmund.jpg\" \/>\n\t<meta property=\"og:image:width\" content=\"980\" \/>\n\t<meta property=\"og:image:height\" content=\"709\" \/>\n\t<meta property=\"og:image:type\" content=\"image\/jpeg\" \/>\n<meta name=\"twitter:card\" content=\"summary_large_image\" \/>\n<meta name=\"twitter:label1\" content=\"Gesch\u00e4tzte Lesezeit\" \/>\n\t<meta name=\"twitter:data1\" content=\"5\u00a0Minuten\" \/>\n<script type=\"application\/ld+json\" class=\"yoast-schema-graph\">{\"@context\":\"https:\/\/schema.org\",\"@graph\":[{\"@type\":\"WebPage\",\"@id\":\"https:\/\/juedisches-dortmund.de\/en\/hartmann\/\",\"url\":\"https:\/\/juedisches-dortmund.de\/en\/hartmann\/\",\"name\":\"Hartmann - J\u00fcdisches Dortmund | english\",\"isPartOf\":{\"@id\":\"https:\/\/juedisches-dortmund.de\/en\/#website\"},\"datePublished\":\"2021-05-27T16:01:23+00:00\",\"dateModified\":\"2021-08-16T13:25:40+00:00\",\"breadcrumb\":{\"@id\":\"https:\/\/juedisches-dortmund.de\/en\/hartmann\/#breadcrumb\"},\"inLanguage\":\"de\",\"potentialAction\":[{\"@type\":\"ReadAction\",\"target\":[\"https:\/\/juedisches-dortmund.de\/en\/hartmann\/\"]}]},{\"@type\":\"BreadcrumbList\",\"@id\":\"https:\/\/juedisches-dortmund.de\/en\/hartmann\/#breadcrumb\",\"itemListElement\":[{\"@type\":\"ListItem\",\"position\":1,\"name\":\"Startseite\",\"item\":\"https:\/\/juedisches-dortmund.de\/en\/\"},{\"@type\":\"ListItem\",\"position\":2,\"name\":\"Hartmann\"}]},{\"@type\":\"WebSite\",\"@id\":\"https:\/\/juedisches-dortmund.de\/en\/#website\",\"url\":\"https:\/\/juedisches-dortmund.de\/en\/\",\"name\":\"J\u00fcdisches Dortmund | english\",\"description\":\"\",\"publisher\":{\"@id\":\"https:\/\/juedisches-dortmund.de\/en\/#organization\"},\"potentialAction\":[{\"@type\":\"SearchAction\",\"target\":{\"@type\":\"EntryPoint\",\"urlTemplate\":\"https:\/\/juedisches-dortmund.de\/en\/?s={search_term_string}\"},\"query-input\":{\"@type\":\"PropertyValueSpecification\",\"valueRequired\":true,\"valueName\":\"search_term_string\"}}],\"inLanguage\":\"de\"},{\"@type\":\"Organization\",\"@id\":\"https:\/\/juedisches-dortmund.de\/en\/#organization\",\"name\":\"J\u00fcdisches Dortmund | english\",\"url\":\"https:\/\/juedisches-dortmund.de\/en\/\",\"logo\":{\"@type\":\"ImageObject\",\"inLanguage\":\"de\",\"@id\":\"https:\/\/juedisches-dortmund.de\/en\/#\/schema\/logo\/image\/\",\"url\":\"https:\/\/juedisches-dortmund.de\/en\/wp-content\/uploads\/sites\/5\/2021\/03\/cropped-logo-height240.png\",\"contentUrl\":\"https:\/\/juedisches-dortmund.de\/en\/wp-content\/uploads\/sites\/5\/2021\/03\/cropped-logo-height240.png\",\"width\":419,\"height\":240,\"caption\":\"J\u00fcdisches Dortmund | english\"},\"image\":{\"@id\":\"https:\/\/juedisches-dortmund.de\/en\/#\/schema\/logo\/image\/\"}}]}<\/script>\n<!-- \/ Yoast SEO plugin. -->","yoast_head_json":{"title":"Hartmann - J\u00fcdisches Dortmund | english","robots":{"index":"index","follow":"follow","max-snippet":"max-snippet:-1","max-image-preview":"max-image-preview:large","max-video-preview":"max-video-preview:-1"},"canonical":"https:\/\/juedisches-dortmund.de\/en\/hartmann\/","og_locale":"de_DE","og_type":"article","og_title":"Hartmann - J\u00fcdisches Dortmund | english","og_description":"Wilhelm Hartmann, born 7.5.1882 in Halle (Saale) Berta Hartmann, n\u00e9e Schuberten, born 31.8.1888 in Dortmund Maria Reinhardt, n\u00e9e Hartmann, born 27.7.1919 in Buttst\u00e4dt in Thuringia Josef Hartmann, born 6.7.1934 in M\u00fcnster Heinrich Hartmann, born 8.\/18.3.1914 in Leipzig Robert Hartmann, born 30.8.1921 in Havixbeck Paul Hartmann, born 6.2.1925 in Versmold Burgweg 38, Do-Nord map \u2192 list [&hellip;]","og_url":"https:\/\/juedisches-dortmund.de\/en\/hartmann\/","og_site_name":"J\u00fcdisches Dortmund | english","article_modified_time":"2021-08-16T13:25:40+00:00","og_image":[{"width":980,"height":709,"url":"https:\/\/juedisches-dortmund.de\/en\/wp-content\/uploads\/sites\/5\/2021\/03\/synagoge-Dortmund.jpg","type":"image\/jpeg"}],"twitter_card":"summary_large_image","twitter_misc":{"Gesch\u00e4tzte Lesezeit":"5\u00a0Minuten"},"schema":{"@context":"https:\/\/schema.org","@graph":[{"@type":"WebPage","@id":"https:\/\/juedisches-dortmund.de\/en\/hartmann\/","url":"https:\/\/juedisches-dortmund.de\/en\/hartmann\/","name":"Hartmann - J\u00fcdisches Dortmund | english","isPartOf":{"@id":"https:\/\/juedisches-dortmund.de\/en\/#website"},"datePublished":"2021-05-27T16:01:23+00:00","dateModified":"2021-08-16T13:25:40+00:00","breadcrumb":{"@id":"https:\/\/juedisches-dortmund.de\/en\/hartmann\/#breadcrumb"},"inLanguage":"de","potentialAction":[{"@type":"ReadAction","target":["https:\/\/juedisches-dortmund.de\/en\/hartmann\/"]}]},{"@type":"BreadcrumbList","@id":"https:\/\/juedisches-dortmund.de\/en\/hartmann\/#breadcrumb","itemListElement":[{"@type":"ListItem","position":1,"name":"Startseite","item":"https:\/\/juedisches-dortmund.de\/en\/"},{"@type":"ListItem","position":2,"name":"Hartmann"}]},{"@type":"WebSite","@id":"https:\/\/juedisches-dortmund.de\/en\/#website","url":"https:\/\/juedisches-dortmund.de\/en\/","name":"J\u00fcdisches Dortmund | english","description":"","publisher":{"@id":"https:\/\/juedisches-dortmund.de\/en\/#organization"},"potentialAction":[{"@type":"SearchAction","target":{"@type":"EntryPoint","urlTemplate":"https:\/\/juedisches-dortmund.de\/en\/?s={search_term_string}"},"query-input":{"@type":"PropertyValueSpecification","valueRequired":true,"valueName":"search_term_string"}}],"inLanguage":"de"},{"@type":"Organization","@id":"https:\/\/juedisches-dortmund.de\/en\/#organization","name":"J\u00fcdisches Dortmund | english","url":"https:\/\/juedisches-dortmund.de\/en\/","logo":{"@type":"ImageObject","inLanguage":"de","@id":"https:\/\/juedisches-dortmund.de\/en\/#\/schema\/logo\/image\/","url":"https:\/\/juedisches-dortmund.de\/en\/wp-content\/uploads\/sites\/5\/2021\/03\/cropped-logo-height240.png","contentUrl":"https:\/\/juedisches-dortmund.de\/en\/wp-content\/uploads\/sites\/5\/2021\/03\/cropped-logo-height240.png","width":419,"height":240,"caption":"J\u00fcdisches Dortmund | english"},"image":{"@id":"https:\/\/juedisches-dortmund.de\/en\/#\/schema\/logo\/image\/"}}]}},"_links":{"self":[{"href":"https:\/\/juedisches-dortmund.de\/en\/wp-json\/wp\/v2\/pages\/9675","targetHints":{"allow":["GET"]}}],"collection":[{"href":"https:\/\/juedisches-dortmund.de\/en\/wp-json\/wp\/v2\/pages"}],"about":[{"href":"https:\/\/juedisches-dortmund.de\/en\/wp-json\/wp\/v2\/types\/page"}],"author":[{"embeddable":true,"href":"https:\/\/juedisches-dortmund.de\/en\/wp-json\/wp\/v2\/users\/2"}],"replies":[{"embeddable":true,"href":"https:\/\/juedisches-dortmund.de\/en\/wp-json\/wp\/v2\/comments?post=9675"}],"version-history":[{"count":29,"href":"https:\/\/juedisches-dortmund.de\/en\/wp-json\/wp\/v2\/pages\/9675\/revisions"}],"predecessor-version":[{"id":13434,"href":"https:\/\/juedisches-dortmund.de\/en\/wp-json\/wp\/v2\/pages\/9675\/revisions\/13434"}],"wp:attachment":[{"href":"https:\/\/juedisches-dortmund.de\/en\/wp-json\/wp\/v2\/media?parent=9675"}],"curies":[{"name":"wp","href":"https:\/\/api.w.org\/{rel}","templated":true}]}}