{"id":9019,"date":"2021-05-10T14:30:22","date_gmt":"2021-05-10T12:30:22","guid":{"rendered":"https:\/\/juedisches-dortmund.de\/en\/?page_id=9019"},"modified":"2021-05-19T10:49:27","modified_gmt":"2021-05-19T08:49:27","slug":"daniel-und-hayum","status":"publish","type":"page","link":"https:\/\/juedisches-dortmund.de\/en\/daniel-und-hayum\/","title":{"rendered":"Daniel und Hayum"},"content":{"rendered":"\t\t<div data-elementor-type=\"wp-page\" data-elementor-id=\"9019\" class=\"elementor elementor-9019\">\n\t\t\t\t\t\t<section class=\"elementor-section elementor-top-section elementor-element elementor-element-1ffe6d9 elementor-section-boxed elementor-section-height-default elementor-section-height-default\" data-id=\"1ffe6d9\" data-element_type=\"section\" data-e-type=\"section\">\n\t\t\t\t\t\t<div class=\"elementor-container elementor-column-gap-default\">\n\t\t\t\t\t<div class=\"elementor-column elementor-col-100 elementor-top-column elementor-element elementor-element-fd0b5b4\" data-id=\"fd0b5b4\" data-element_type=\"column\" data-e-type=\"column\">\n\t\t\t<div class=\"elementor-widget-wrap elementor-element-populated\">\n\t\t\t\t\t\t<div class=\"elementor-element elementor-element-5c8192b elementor-widget elementor-widget-spacer\" data-id=\"5c8192b\" data-element_type=\"widget\" data-e-type=\"widget\" data-widget_type=\"spacer.default\">\n\t\t\t\t<div class=\"elementor-widget-container\">\n\t\t\t\t\t\t\t<div class=\"elementor-spacer\">\n\t\t\t<div class=\"elementor-spacer-inner\"><\/div>\n\t\t<\/div>\n\t\t\t\t\t\t<\/div>\n\t\t\t\t<\/div>\n\t\t\t\t\t<\/div>\n\t\t<\/div>\n\t\t\t\t\t<\/div>\n\t\t<\/section>\n\t\t\t\t<section class=\"elementor-section elementor-top-section elementor-element elementor-element-19c7b7e elementor-section-boxed elementor-section-height-default elementor-section-height-default\" data-id=\"19c7b7e\" data-element_type=\"section\" data-e-type=\"section\">\n\t\t\t\t\t\t<div class=\"elementor-container elementor-column-gap-wider\">\n\t\t\t\t\t<div class=\"elementor-column elementor-col-33 elementor-top-column elementor-element elementor-element-78fa5d9\" data-id=\"78fa5d9\" data-element_type=\"column\" data-e-type=\"column\">\n\t\t\t<div class=\"elementor-widget-wrap elementor-element-populated\">\n\t\t\t\t\t\t<div class=\"elementor-element elementor-element-4062366 elementor-widget elementor-widget-text-editor\" data-id=\"4062366\" data-element_type=\"widget\" data-e-type=\"widget\" data-widget_type=\"text-editor.default\">\n\t\t\t\t<div class=\"elementor-widget-container\">\n\t\t\t\t\t\t\t\t\t<h5>Ella Daniel, geb. Hayum, *4.9.1894 in Brotdorf<br \/>Ehemann Heinrich Daniel, *20.8.1888 in Koblenz<br \/>Tochter Hannelore Daniel, *11.5.1928 in Haltern<\/h5><h5>Rosa Hayum, *11.7.1896 in Merzig-Brotdorf<\/h5><h5>Julius Hayum, *23.1.1898 in Kirchlinde<br \/>Ehefrau Hulda Jenny Hayum, geb. Salm, *21.6.1899 in Schweich<\/h5>\t\t\t\t\t\t\t\t<\/div>\n\t\t\t\t<\/div>\n\t\t\t\t<div class=\"elementor-element elementor-element-d9b02c7 elementor-widget-divider--view-line elementor-widget elementor-widget-divider\" data-id=\"d9b02c7\" data-element_type=\"widget\" data-e-type=\"widget\" data-widget_type=\"divider.default\">\n\t\t\t\t<div class=\"elementor-widget-container\">\n\t\t\t\t\t\t\t<div class=\"elementor-divider\">\n\t\t\t<span class=\"elementor-divider-separator\">\n\t\t\t\t\t\t<\/span>\n\t\t<\/div>\n\t\t\t\t\t\t<\/div>\n\t\t\t\t<\/div>\n\t\t\t\t<div class=\"elementor-element elementor-element-d4e96a8 elementor-widget elementor-widget-text-editor\" data-id=\"d4e96a8\" data-element_type=\"widget\" data-e-type=\"widget\" data-widget_type=\"text-editor.default\">\n\t\t\t\t<div class=\"elementor-widget-container\">\n\t\t\t\t\t\t\t\t\t<p>Heckelbeckstr. 1, Huckarde<\/p>\t\t\t\t\t\t\t\t<\/div>\n\t\t\t\t<\/div>\n\t\t\t\t<div class=\"elementor-element elementor-element-bd6ded6 elementor-widget elementor-widget-button\" data-id=\"bd6ded6\" data-element_type=\"widget\" data-e-type=\"widget\" data-widget_type=\"button.default\">\n\t\t\t\t<div class=\"elementor-widget-container\">\n\t\t\t\t\t\t\t\t\t<div class=\"elementor-button-wrapper\">\n\t\t\t\t\t<a class=\"elementor-button elementor-button-link elementor-size-sm\" href=\"\/karte\/?marker=97\">\n\t\t\t\t\t\t<span class=\"elementor-button-content-wrapper\">\n\t\t\t\t\t\t\t\t\t<span class=\"elementor-button-text\">zur Karte<\/span>\n\t\t\t\t\t<\/span>\n\t\t\t\t\t<\/a>\n\t\t\t\t<\/div>\n\t\t\t\t\t\t\t\t<\/div>\n\t\t\t\t<\/div>\n\t\t\t\t<div class=\"elementor-element elementor-element-75da0e6 elementor-widget elementor-widget-text-editor\" data-id=\"75da0e6\" data-element_type=\"widget\" data-e-type=\"widget\" data-widget_type=\"text-editor.default\">\n\t\t\t\t<div class=\"elementor-widget-container\">\n\t\t\t\t\t\t\t\t\t<p><a href=\"\/stolpersteine-liste\/\">\u2192 Zur\u00fcck zur Listen\u00fcbersicht<\/a><\/p>\t\t\t\t\t\t\t\t<\/div>\n\t\t\t\t<\/div>\n\t\t\t\t\t<\/div>\n\t\t<\/div>\n\t\t\t\t<div class=\"elementor-column elementor-col-66 elementor-top-column elementor-element elementor-element-6d6d2f9\" data-id=\"6d6d2f9\" data-element_type=\"column\" data-e-type=\"column\">\n\t\t\t<div class=\"elementor-widget-wrap elementor-element-populated\">\n\t\t\t\t\t\t<div class=\"elementor-element elementor-element-4ddda01 elementor-widget elementor-widget-text-editor\" data-id=\"4ddda01\" data-element_type=\"widget\" data-e-type=\"widget\" data-widget_type=\"text-editor.default\">\n\t\t\t\t<div class=\"elementor-widget-container\">\n\t\t\t\t\t\t\t\t\t<p>Das Haus in der Heckelbeckstr. 1 geh\u00f6rte dem Ehepaar Josef (*6.11.1863 in Trier) und Flora Hayum, geb. Sternberg (*10.1.1865 in Westerburg). Sie lebten dort seit 1898 in wechselnden Konstellationen mit ihren f\u00fcnf Kindern Ella, Rosa (*11.7.1896 in Brotdorf), Julius (*23.1.1898 in Kirchlinde), Johanna (*9.12.1900 in Kirchlinde) und Isidor (*29.1.1905 in Kirchlinde) und deren Familien sowie dem Pflegesohn Julius Sternberg (*12.3.1907 in Kirchlinde), einem Neffen Flora Hayums.<\/p><p>Die Mutter Flora Hayum verstarb am 13.10.1940 an einer Herzerkrankung.<\/p><p>Tochter Ella heiratete den Gem\u00fcseh\u00e4ndler Heinrich Daniel 1924, vier Jahre sp\u00e4ter wurde ihre Tochter Hannelore in Haltern geboren. Hier lebte die Familie bis zum 27. Juli 1939, bevor sie in das Haus von Ella Daniels Eltern die Heckelbeckstr. 1 nach Dortmund zog.<br \/>Alle drei wurden am 30. Juli 1942 nach Theresienstadt deportiert, von wo aus sie am 9. Oktober 1944 nach Auschwitz gebracht wurden. Wahrscheinlich sind alle drei dort verstorben. Sie wurden zum 31.12.1945 f\u00fcr tot erkl\u00e4rt.<\/p><p>Rosa Hayum lebte bis 1942 im elterlichen Haus. Ihr Bruder Julius Hayum war wie sein Vater Kaufmann. Im v\u00e4terlichen Haus betrieb er bis zur amtlichen Einstellung Anfang 1939 ein Manufaktur- und Kolonialwarengesch\u00e4ft. Er war verheiratet mit Hulda Jenny geb. Salm.<br \/>Am 30. April 1942 wurden die drei nach Zamo\u015b\u0107 deportiert, wo sich ihre Spur verliert. Sie wurden vom Amtsgericht Dortmund mit Wirkung 8. Mai 1945 f\u00fcr tot erkl\u00e4rt.<\/p><p>Johanna Rosenberg, geb. Hayum, war verheiratet mit dem j\u00fcdischen Lehrer Sally Rosenberg (*2.6.1893 in Langenschwalbach). Das Ehepaar wohnte ebenfalls im Haus der Eltern. Im September 1934 wurde die Ehe geschieden. Johanna verlie\u00df in der Folge mehrfach das Elternhaus, kehrte aber auch wieder zur\u00fcck. Im Juli 1937 zog sie nach D\u00fcsseldorf. Ihr letzter bekannter inl\u00e4ndischer Wohnsitz war K\u00f6ln, Dasselstr. 63. Von dort aus wurde sie am 22. November 1941 mit dem ersten K\u00f6lner Transport in das Ghetto \u0141\u00f3d\u017a deportiert. Am 5. Mai 1942 wurde sie von dort aus in das Vernichtungslager Che\u0142mno transportiert, wo sie ermordet wurde.<\/p><p>Isidor Hayum verlie\u00df das elterliche Haus bereits 1933. Sein letzter inl\u00e4ndischer Wohnsitz war vermutlich in Siegburg. Von dort aus soll er sich am 20.3.1939 nach Antwerpen abgemeldet haben. Vom SS-Sammellager Mecheln in Belgien wurde er am 15. Januar 1944 nach Auschwitz deportiert. Isidor ist am 12.4.1944 in Auschwitz-Monowitz umgekommen.<\/p><p>Vater Josef Hayum wurde gemeinsam mit Tochter Ella und ihrer Familie nach Theresienstadt deportiert. Er wurde dort im Mai 1945 befreit und kehrte vermutlich nach Dortmund zur\u00fcck, bevor er nach Amerika auswanderte.<\/p><p>Der Pflegesohn Julius Sternberg sah sich bereits 1934 zur Emigration gezwungen, da er nicht nur als Jude, sondern auch als Mitglied der SPD und des Reichsbanners erheblichem Verfolgungsdruck ausgesetzt war. Er lebte bis 1947 in Belgien und wanderte dann in die USA aus. 1979 besuchte er mit seiner Frau noch einmal seine Heimatstadt.<\/p>\t\t\t\t\t\t\t\t<\/div>\n\t\t\t\t<\/div>\n\t\t\t\t\t<\/div>\n\t\t<\/div>\n\t\t\t\t\t<\/div>\n\t\t<\/section>\n\t\t\t\t<section class=\"elementor-section elementor-top-section elementor-element elementor-element-2d56f5d elementor-section-boxed elementor-section-height-default elementor-section-height-default\" data-id=\"2d56f5d\" data-element_type=\"section\" data-e-type=\"section\">\n\t\t\t\t\t\t<div class=\"elementor-container elementor-column-gap-default\">\n\t\t\t\t\t<div class=\"elementor-column elementor-col-100 elementor-top-column elementor-element elementor-element-9d84aa8\" data-id=\"9d84aa8\" data-element_type=\"column\" data-e-type=\"column\">\n\t\t\t<div class=\"elementor-widget-wrap elementor-element-populated\">\n\t\t\t\t\t\t<div class=\"elementor-element elementor-element-999117b elementor-widget elementor-widget-spacer\" data-id=\"999117b\" data-element_type=\"widget\" data-e-type=\"widget\" data-widget_type=\"spacer.default\">\n\t\t\t\t<div class=\"elementor-widget-container\">\n\t\t\t\t\t\t\t<div class=\"elementor-spacer\">\n\t\t\t<div class=\"elementor-spacer-inner\"><\/div>\n\t\t<\/div>\n\t\t\t\t\t\t<\/div>\n\t\t\t\t<\/div>\n\t\t\t\t\t<\/div>\n\t\t<\/div>\n\t\t\t\t\t<\/div>\n\t\t<\/section>\n\t\t\t\t<\/div>\n\t\t","protected":false},"excerpt":{"rendered":"<p>Ella Daniel, geb. Hayum, *4.9.1894 in BrotdorfEhemann Heinrich Daniel, *20.8.1888 in KoblenzTochter Hannelore Daniel, *11.5.1928 in Haltern Rosa Hayum, *11.7.1896 in Merzig-Brotdorf Julius Hayum, *23.1.1898 in KirchlindeEhefrau Hulda Jenny Hayum, geb. Salm, *21.6.1899 in Schweich Heckelbeckstr. 1, Huckarde zur Karte \u2192 Zur\u00fcck zur Listen\u00fcbersicht Das Haus in der Heckelbeckstr. 1 geh\u00f6rte dem Ehepaar Josef (*6.11.1863 [&hellip;]<\/p>\n","protected":false},"author":2,"featured_media":0,"parent":0,"menu_order":0,"comment_status":"closed","ping_status":"closed","template":"","meta":{"inline_featured_image":false,"site-sidebar-layout":"no-sidebar","site-content-layout":"default","ast-site-content-layout":"default","site-content-style":"default","site-sidebar-style":"default","ast-global-header-display":"","ast-banner-title-visibility":"","ast-main-header-display":"","ast-hfb-above-header-display":"","ast-hfb-below-header-display":"","ast-hfb-mobile-header-display":"","site-post-title":"disabled","ast-breadcrumbs-content":"","ast-featured-img":"disabled","footer-sml-layout":"","ast-disable-related-posts":"","theme-transparent-header-meta":"default","adv-header-id-meta":"","stick-header-meta":"","header-above-stick-meta":"","header-main-stick-meta":"","header-below-stick-meta":"","astra-migrate-meta-layouts":"default","ast-page-background-enabled":"default","ast-page-background-meta":{"desktop":{"background-color":"","background-image":"","background-repeat":"repeat","background-position":"center center","background-size":"auto","background-attachment":"scroll","background-type":"","background-media":"","overlay-type":"","overlay-color":"","overlay-opacity":"","overlay-gradient":""},"tablet":{"background-color":"","background-image":"","background-repeat":"repeat","background-position":"center center","background-size":"auto","background-attachment":"scroll","background-type":"","background-media":"","overlay-type":"","overlay-color":"","overlay-opacity":"","overlay-gradient":""},"mobile":{"background-color":"","background-image":"","background-repeat":"repeat","background-position":"center center","background-size":"auto","background-attachment":"scroll","background-type":"","background-media":"","overlay-type":"","overlay-color":"","overlay-opacity":"","overlay-gradient":""}},"ast-content-background-meta":{"desktop":{"background-color":"var(--ast-global-color-5)","background-image":"","background-repeat":"repeat","background-position":"center center","background-size":"auto","background-attachment":"scroll","background-type":"","background-media":"","overlay-type":"","overlay-color":"","overlay-opacity":"","overlay-gradient":""},"tablet":{"background-color":"var(--ast-global-color-5)","background-image":"","background-repeat":"repeat","background-position":"center center","background-size":"auto","background-attachment":"scroll","background-type":"","background-media":"","overlay-type":"","overlay-color":"","overlay-opacity":"","overlay-gradient":""},"mobile":{"background-color":"var(--ast-global-color-5)","background-image":"","background-repeat":"repeat","background-position":"center center","background-size":"auto","background-attachment":"scroll","background-type":"","background-media":"","overlay-type":"","overlay-color":"","overlay-opacity":"","overlay-gradient":""}},"footnotes":""},"class_list":["post-9019","page","type-page","status-publish","hentry"],"yoast_head":"<!-- This site is optimized with the Yoast SEO plugin v27.2 - https:\/\/yoast.com\/product\/yoast-seo-wordpress\/ -->\n<title>Daniel und Hayum - J\u00fcdisches Dortmund | english<\/title>\n<meta name=\"robots\" content=\"index, follow, max-snippet:-1, max-image-preview:large, max-video-preview:-1\" \/>\n<link rel=\"canonical\" href=\"https:\/\/juedisches-dortmund.de\/en\/daniel-und-hayum\/\" \/>\n<meta property=\"og:locale\" content=\"de_DE\" \/>\n<meta property=\"og:type\" content=\"article\" \/>\n<meta property=\"og:title\" content=\"Daniel und Hayum - J\u00fcdisches Dortmund | english\" \/>\n<meta property=\"og:description\" content=\"Ella Daniel, geb. Hayum, *4.9.1894 in BrotdorfEhemann Heinrich Daniel, *20.8.1888 in KoblenzTochter Hannelore Daniel, *11.5.1928 in Haltern Rosa Hayum, *11.7.1896 in Merzig-Brotdorf Julius Hayum, *23.1.1898 in KirchlindeEhefrau Hulda Jenny Hayum, geb. Salm, *21.6.1899 in Schweich Heckelbeckstr. 1, Huckarde zur Karte \u2192 Zur\u00fcck zur Listen\u00fcbersicht Das Haus in der Heckelbeckstr. 1 geh\u00f6rte dem Ehepaar Josef (*6.11.1863 [&hellip;]\" \/>\n<meta property=\"og:url\" content=\"https:\/\/juedisches-dortmund.de\/en\/daniel-und-hayum\/\" \/>\n<meta property=\"og:site_name\" content=\"J\u00fcdisches Dortmund | english\" \/>\n<meta property=\"article:modified_time\" content=\"2021-05-19T08:49:27+00:00\" \/>\n<meta property=\"og:image\" content=\"https:\/\/juedisches-dortmund.de\/en\/wp-content\/uploads\/sites\/5\/2021\/03\/synagoge-Dortmund.jpg\" \/>\n\t<meta property=\"og:image:width\" content=\"980\" \/>\n\t<meta property=\"og:image:height\" content=\"709\" \/>\n\t<meta property=\"og:image:type\" content=\"image\/jpeg\" \/>\n<meta name=\"twitter:card\" content=\"summary_large_image\" \/>\n<meta name=\"twitter:label1\" content=\"Gesch\u00e4tzte Lesezeit\" \/>\n\t<meta name=\"twitter:data1\" content=\"2\u00a0Minuten\" \/>\n<script type=\"application\/ld+json\" class=\"yoast-schema-graph\">{\"@context\":\"https:\/\/schema.org\",\"@graph\":[{\"@type\":\"WebPage\",\"@id\":\"https:\/\/juedisches-dortmund.de\/en\/daniel-und-hayum\/\",\"url\":\"https:\/\/juedisches-dortmund.de\/en\/daniel-und-hayum\/\",\"name\":\"Daniel und Hayum - J\u00fcdisches Dortmund | english\",\"isPartOf\":{\"@id\":\"https:\/\/juedisches-dortmund.de\/en\/#website\"},\"datePublished\":\"2021-05-10T12:30:22+00:00\",\"dateModified\":\"2021-05-19T08:49:27+00:00\",\"breadcrumb\":{\"@id\":\"https:\/\/juedisches-dortmund.de\/en\/daniel-und-hayum\/#breadcrumb\"},\"inLanguage\":\"de\",\"potentialAction\":[{\"@type\":\"ReadAction\",\"target\":[\"https:\/\/juedisches-dortmund.de\/en\/daniel-und-hayum\/\"]}]},{\"@type\":\"BreadcrumbList\",\"@id\":\"https:\/\/juedisches-dortmund.de\/en\/daniel-und-hayum\/#breadcrumb\",\"itemListElement\":[{\"@type\":\"ListItem\",\"position\":1,\"name\":\"Startseite\",\"item\":\"https:\/\/juedisches-dortmund.de\/en\/\"},{\"@type\":\"ListItem\",\"position\":2,\"name\":\"Daniel und Hayum\"}]},{\"@type\":\"WebSite\",\"@id\":\"https:\/\/juedisches-dortmund.de\/en\/#website\",\"url\":\"https:\/\/juedisches-dortmund.de\/en\/\",\"name\":\"J\u00fcdisches Dortmund | english\",\"description\":\"\",\"publisher\":{\"@id\":\"https:\/\/juedisches-dortmund.de\/en\/#organization\"},\"potentialAction\":[{\"@type\":\"SearchAction\",\"target\":{\"@type\":\"EntryPoint\",\"urlTemplate\":\"https:\/\/juedisches-dortmund.de\/en\/?s={search_term_string}\"},\"query-input\":{\"@type\":\"PropertyValueSpecification\",\"valueRequired\":true,\"valueName\":\"search_term_string\"}}],\"inLanguage\":\"de\"},{\"@type\":\"Organization\",\"@id\":\"https:\/\/juedisches-dortmund.de\/en\/#organization\",\"name\":\"J\u00fcdisches Dortmund | english\",\"url\":\"https:\/\/juedisches-dortmund.de\/en\/\",\"logo\":{\"@type\":\"ImageObject\",\"inLanguage\":\"de\",\"@id\":\"https:\/\/juedisches-dortmund.de\/en\/#\/schema\/logo\/image\/\",\"url\":\"https:\/\/juedisches-dortmund.de\/en\/wp-content\/uploads\/sites\/5\/2021\/03\/cropped-logo-height240.png\",\"contentUrl\":\"https:\/\/juedisches-dortmund.de\/en\/wp-content\/uploads\/sites\/5\/2021\/03\/cropped-logo-height240.png\",\"width\":419,\"height\":240,\"caption\":\"J\u00fcdisches Dortmund | english\"},\"image\":{\"@id\":\"https:\/\/juedisches-dortmund.de\/en\/#\/schema\/logo\/image\/\"}}]}<\/script>\n<!-- \/ Yoast SEO plugin. -->","yoast_head_json":{"title":"Daniel und Hayum - J\u00fcdisches Dortmund | english","robots":{"index":"index","follow":"follow","max-snippet":"max-snippet:-1","max-image-preview":"max-image-preview:large","max-video-preview":"max-video-preview:-1"},"canonical":"https:\/\/juedisches-dortmund.de\/en\/daniel-und-hayum\/","og_locale":"de_DE","og_type":"article","og_title":"Daniel und Hayum - J\u00fcdisches Dortmund | english","og_description":"Ella Daniel, geb. Hayum, *4.9.1894 in BrotdorfEhemann Heinrich Daniel, *20.8.1888 in KoblenzTochter Hannelore Daniel, *11.5.1928 in Haltern Rosa Hayum, *11.7.1896 in Merzig-Brotdorf Julius Hayum, *23.1.1898 in KirchlindeEhefrau Hulda Jenny Hayum, geb. Salm, *21.6.1899 in Schweich Heckelbeckstr. 1, Huckarde zur Karte \u2192 Zur\u00fcck zur Listen\u00fcbersicht Das Haus in der Heckelbeckstr. 1 geh\u00f6rte dem Ehepaar Josef (*6.11.1863 [&hellip;]","og_url":"https:\/\/juedisches-dortmund.de\/en\/daniel-und-hayum\/","og_site_name":"J\u00fcdisches Dortmund | english","article_modified_time":"2021-05-19T08:49:27+00:00","og_image":[{"width":980,"height":709,"url":"https:\/\/juedisches-dortmund.de\/en\/wp-content\/uploads\/sites\/5\/2021\/03\/synagoge-Dortmund.jpg","type":"image\/jpeg"}],"twitter_card":"summary_large_image","twitter_misc":{"Gesch\u00e4tzte Lesezeit":"2\u00a0Minuten"},"schema":{"@context":"https:\/\/schema.org","@graph":[{"@type":"WebPage","@id":"https:\/\/juedisches-dortmund.de\/en\/daniel-und-hayum\/","url":"https:\/\/juedisches-dortmund.de\/en\/daniel-und-hayum\/","name":"Daniel und Hayum - J\u00fcdisches Dortmund | english","isPartOf":{"@id":"https:\/\/juedisches-dortmund.de\/en\/#website"},"datePublished":"2021-05-10T12:30:22+00:00","dateModified":"2021-05-19T08:49:27+00:00","breadcrumb":{"@id":"https:\/\/juedisches-dortmund.de\/en\/daniel-und-hayum\/#breadcrumb"},"inLanguage":"de","potentialAction":[{"@type":"ReadAction","target":["https:\/\/juedisches-dortmund.de\/en\/daniel-und-hayum\/"]}]},{"@type":"BreadcrumbList","@id":"https:\/\/juedisches-dortmund.de\/en\/daniel-und-hayum\/#breadcrumb","itemListElement":[{"@type":"ListItem","position":1,"name":"Startseite","item":"https:\/\/juedisches-dortmund.de\/en\/"},{"@type":"ListItem","position":2,"name":"Daniel und Hayum"}]},{"@type":"WebSite","@id":"https:\/\/juedisches-dortmund.de\/en\/#website","url":"https:\/\/juedisches-dortmund.de\/en\/","name":"J\u00fcdisches Dortmund | english","description":"","publisher":{"@id":"https:\/\/juedisches-dortmund.de\/en\/#organization"},"potentialAction":[{"@type":"SearchAction","target":{"@type":"EntryPoint","urlTemplate":"https:\/\/juedisches-dortmund.de\/en\/?s={search_term_string}"},"query-input":{"@type":"PropertyValueSpecification","valueRequired":true,"valueName":"search_term_string"}}],"inLanguage":"de"},{"@type":"Organization","@id":"https:\/\/juedisches-dortmund.de\/en\/#organization","name":"J\u00fcdisches Dortmund | english","url":"https:\/\/juedisches-dortmund.de\/en\/","logo":{"@type":"ImageObject","inLanguage":"de","@id":"https:\/\/juedisches-dortmund.de\/en\/#\/schema\/logo\/image\/","url":"https:\/\/juedisches-dortmund.de\/en\/wp-content\/uploads\/sites\/5\/2021\/03\/cropped-logo-height240.png","contentUrl":"https:\/\/juedisches-dortmund.de\/en\/wp-content\/uploads\/sites\/5\/2021\/03\/cropped-logo-height240.png","width":419,"height":240,"caption":"J\u00fcdisches Dortmund | english"},"image":{"@id":"https:\/\/juedisches-dortmund.de\/en\/#\/schema\/logo\/image\/"}}]}},"_links":{"self":[{"href":"https:\/\/juedisches-dortmund.de\/en\/wp-json\/wp\/v2\/pages\/9019","targetHints":{"allow":["GET"]}}],"collection":[{"href":"https:\/\/juedisches-dortmund.de\/en\/wp-json\/wp\/v2\/pages"}],"about":[{"href":"https:\/\/juedisches-dortmund.de\/en\/wp-json\/wp\/v2\/types\/page"}],"author":[{"embeddable":true,"href":"https:\/\/juedisches-dortmund.de\/en\/wp-json\/wp\/v2\/users\/2"}],"replies":[{"embeddable":true,"href":"https:\/\/juedisches-dortmund.de\/en\/wp-json\/wp\/v2\/comments?post=9019"}],"version-history":[{"count":4,"href":"https:\/\/juedisches-dortmund.de\/en\/wp-json\/wp\/v2\/pages\/9019\/revisions"}],"predecessor-version":[{"id":9342,"href":"https:\/\/juedisches-dortmund.de\/en\/wp-json\/wp\/v2\/pages\/9019\/revisions\/9342"}],"wp:attachment":[{"href":"https:\/\/juedisches-dortmund.de\/en\/wp-json\/wp\/v2\/media?parent=9019"}],"curies":[{"name":"wp","href":"https:\/\/api.w.org\/{rel}","templated":true}]}}