{"id":9006,"date":"2021-05-10T14:22:52","date_gmt":"2021-05-10T12:22:52","guid":{"rendered":"https:\/\/juedisches-dortmund.de\/en\/?page_id=9006"},"modified":"2021-08-14T16:48:03","modified_gmt":"2021-08-14T14:48:03","slug":"dannenbaum","status":"publish","type":"page","link":"https:\/\/juedisches-dortmund.de\/en\/dannenbaum\/","title":{"rendered":"Dannenbaum"},"content":{"rendered":"\t\t<div data-elementor-type=\"wp-page\" data-elementor-id=\"9006\" class=\"elementor elementor-9006\">\n\t\t\t\t\t\t<section class=\"elementor-section elementor-top-section elementor-element elementor-element-1ffe6d9 elementor-section-boxed elementor-section-height-default elementor-section-height-default\" data-id=\"1ffe6d9\" data-element_type=\"section\" data-e-type=\"section\">\n\t\t\t\t\t\t<div class=\"elementor-container elementor-column-gap-default\">\n\t\t\t\t\t<div class=\"elementor-column elementor-col-100 elementor-top-column elementor-element elementor-element-fd0b5b4\" data-id=\"fd0b5b4\" data-element_type=\"column\" data-e-type=\"column\">\n\t\t\t<div class=\"elementor-widget-wrap elementor-element-populated\">\n\t\t\t\t\t\t<div class=\"elementor-element elementor-element-5c8192b elementor-widget elementor-widget-spacer\" data-id=\"5c8192b\" data-element_type=\"widget\" data-e-type=\"widget\" data-widget_type=\"spacer.default\">\n\t\t\t\t<div class=\"elementor-widget-container\">\n\t\t\t\t\t\t\t<div class=\"elementor-spacer\">\n\t\t\t<div class=\"elementor-spacer-inner\"><\/div>\n\t\t<\/div>\n\t\t\t\t\t\t<\/div>\n\t\t\t\t<\/div>\n\t\t\t\t\t<\/div>\n\t\t<\/div>\n\t\t\t\t\t<\/div>\n\t\t<\/section>\n\t\t\t\t<section class=\"elementor-section elementor-top-section elementor-element elementor-element-19c7b7e elementor-section-boxed elementor-section-height-default elementor-section-height-default\" data-id=\"19c7b7e\" data-element_type=\"section\" data-e-type=\"section\">\n\t\t\t\t\t\t<div class=\"elementor-container elementor-column-gap-wider\">\n\t\t\t\t\t<div class=\"elementor-column elementor-col-33 elementor-top-column elementor-element elementor-element-78fa5d9\" data-id=\"78fa5d9\" data-element_type=\"column\" data-e-type=\"column\">\n\t\t\t<div class=\"elementor-widget-wrap elementor-element-populated\">\n\t\t\t\t\t\t<div class=\"elementor-element elementor-element-4062366 elementor-widget elementor-widget-text-editor\" data-id=\"4062366\" data-element_type=\"widget\" data-e-type=\"widget\" data-widget_type=\"text-editor.default\">\n\t\t\t\t<div class=\"elementor-widget-container\">\n\t\t\t\t\t\t\t\t\t<h5>Karl Dannenbaum, born 10.11.1869 in L\u00fctgendortmund<br \/><br \/>Wilhelm Dannenbaum, born 30.08.1872 in L\u00fctgendortmund<\/h5>\t\t\t\t\t\t\t\t<\/div>\n\t\t\t\t<\/div>\n\t\t\t\t<div class=\"elementor-element elementor-element-d9b02c7 elementor-widget-divider--view-line elementor-widget elementor-widget-divider\" data-id=\"d9b02c7\" data-element_type=\"widget\" data-e-type=\"widget\" data-widget_type=\"divider.default\">\n\t\t\t\t<div class=\"elementor-widget-container\">\n\t\t\t\t\t\t\t<div class=\"elementor-divider\">\n\t\t\t<span class=\"elementor-divider-separator\">\n\t\t\t\t\t\t<\/span>\n\t\t<\/div>\n\t\t\t\t\t\t<\/div>\n\t\t\t\t<\/div>\n\t\t\t\t<div class=\"elementor-element elementor-element-d4e96a8 elementor-widget elementor-widget-text-editor\" data-id=\"d4e96a8\" data-element_type=\"widget\" data-e-type=\"widget\" data-widget_type=\"text-editor.default\">\n\t\t\t\t<div class=\"elementor-widget-container\">\n\t\t\t\t\t\t\t\t\t<p>L\u00fctgendortmunder Str. 45, L\u00fctgendortmund<\/p>\t\t\t\t\t\t\t\t<\/div>\n\t\t\t\t<\/div>\n\t\t\t\t<div class=\"elementor-element elementor-element-bd6ded6 elementor-widget elementor-widget-button\" data-id=\"bd6ded6\" data-element_type=\"widget\" data-e-type=\"widget\" data-widget_type=\"button.default\">\n\t\t\t\t<div class=\"elementor-widget-container\">\n\t\t\t\t\t\t\t\t\t<div class=\"elementor-button-wrapper\">\n\t\t\t\t\t<a class=\"elementor-button elementor-button-link elementor-size-sm\" href=\"https:\/\/juedisches-dortmund.de\/en\/karte\/?marker=1348\">\n\t\t\t\t\t\t<span class=\"elementor-button-content-wrapper\">\n\t\t\t\t\t\t\t\t\t<span class=\"elementor-button-text\">map<\/span>\n\t\t\t\t\t<\/span>\n\t\t\t\t\t<\/a>\n\t\t\t\t<\/div>\n\t\t\t\t\t\t\t\t<\/div>\n\t\t\t\t<\/div>\n\t\t\t\t<div class=\"elementor-element elementor-element-75da0e6 elementor-widget elementor-widget-text-editor\" data-id=\"75da0e6\" data-element_type=\"widget\" data-e-type=\"widget\" data-widget_type=\"text-editor.default\">\n\t\t\t\t<div class=\"elementor-widget-container\">\n\t\t\t\t\t\t\t\t\t<p><a href=\"https:\/\/juedisches-dortmund.de\/en\/stolpersteine-liste\/\">\u2192 back to the list overview<\/a><\/p>\t\t\t\t\t\t\t\t<\/div>\n\t\t\t\t<\/div>\n\t\t\t\t\t<\/div>\n\t\t<\/div>\n\t\t\t\t<div class=\"elementor-column elementor-col-66 elementor-top-column elementor-element elementor-element-6d6d2f9\" data-id=\"6d6d2f9\" data-element_type=\"column\" data-e-type=\"column\">\n\t\t\t<div class=\"elementor-widget-wrap elementor-element-populated\">\n\t\t\t\t\t\t<div class=\"elementor-element elementor-element-4ddda01 elementor-widget elementor-widget-text-editor\" data-id=\"4ddda01\" data-element_type=\"widget\" data-e-type=\"widget\" data-widget_type=\"text-editor.default\">\n\t\t\t\t<div class=\"elementor-widget-container\">\n\t\t\t\t\t\t\t\t\t<p>Karl Dannenbaum, a butcher by trade, and his brother Wilhelm Dannebaum, lived at L\u00fctgendortmunder Strasse 45 from 1932 and 1934 respectively.<br \/>Following the \u201cPogrom night\u201d, both were taken into so-called preventive custody in November 1938. <br \/>Wilhelm was arrested once more in 1939 for the unlawful sale of meat and sausage goods, and was initially held from 17 October until 22 January 1940 at Steinwache police station, and subsequently interned in Sachsenhausen concentration camp until 22 April 1940. He was again detained in preventive custody as a political prisoner at Steinwache police station from 9 May to 8 June 1940, but was then released.<\/p><p>Both brothers were deported on 29 July 1942 from Dortmund to Theresienstadt; they were then sent on from there on 23\/26 September 1942 to Treblinka, where they were presumably murdered immediately after their arrival.<\/p>\t\t\t\t\t\t\t\t<\/div>\n\t\t\t\t<\/div>\n\t\t\t\t\t<\/div>\n\t\t<\/div>\n\t\t\t\t\t<\/div>\n\t\t<\/section>\n\t\t\t\t<section class=\"elementor-section elementor-top-section elementor-element elementor-element-2d56f5d elementor-section-boxed elementor-section-height-default elementor-section-height-default\" data-id=\"2d56f5d\" data-element_type=\"section\" data-e-type=\"section\">\n\t\t\t\t\t\t<div class=\"elementor-container elementor-column-gap-default\">\n\t\t\t\t\t<div class=\"elementor-column elementor-col-100 elementor-top-column elementor-element elementor-element-9d84aa8\" data-id=\"9d84aa8\" data-element_type=\"column\" data-e-type=\"column\">\n\t\t\t<div class=\"elementor-widget-wrap elementor-element-populated\">\n\t\t\t\t\t\t<div class=\"elementor-element elementor-element-999117b elementor-widget elementor-widget-spacer\" data-id=\"999117b\" data-element_type=\"widget\" data-e-type=\"widget\" data-widget_type=\"spacer.default\">\n\t\t\t\t<div class=\"elementor-widget-container\">\n\t\t\t\t\t\t\t<div class=\"elementor-spacer\">\n\t\t\t<div class=\"elementor-spacer-inner\"><\/div>\n\t\t<\/div>\n\t\t\t\t\t\t<\/div>\n\t\t\t\t<\/div>\n\t\t\t\t\t<\/div>\n\t\t<\/div>\n\t\t\t\t\t<\/div>\n\t\t<\/section>\n\t\t\t\t<\/div>\n\t\t","protected":false},"excerpt":{"rendered":"<p>Karl Dannenbaum, born 10.11.1869 in L\u00fctgendortmund Wilhelm Dannenbaum, born 30.08.1872 in L\u00fctgendortmund L\u00fctgendortmunder Str. 45, L\u00fctgendortmund map \u2192 back to the list overview Karl Dannenbaum, a butcher by trade, and his brother Wilhelm Dannebaum, lived at L\u00fctgendortmunder Strasse 45 from 1932 and 1934 respectively. Following the \u201cPogrom night\u201d, both were taken into so-called preventive custody [&hellip;]<\/p>\n","protected":false},"author":2,"featured_media":0,"parent":0,"menu_order":0,"comment_status":"closed","ping_status":"closed","template":"","meta":{"inline_featured_image":false,"site-sidebar-layout":"no-sidebar","site-content-layout":"default","ast-site-content-layout":"default","site-content-style":"default","site-sidebar-style":"default","ast-global-header-display":"","ast-banner-title-visibility":"","ast-main-header-display":"","ast-hfb-above-header-display":"","ast-hfb-below-header-display":"","ast-hfb-mobile-header-display":"","site-post-title":"disabled","ast-breadcrumbs-content":"","ast-featured-img":"disabled","footer-sml-layout":"","ast-disable-related-posts":"","theme-transparent-header-meta":"default","adv-header-id-meta":"","stick-header-meta":"","header-above-stick-meta":"","header-main-stick-meta":"","header-below-stick-meta":"","astra-migrate-meta-layouts":"default","ast-page-background-enabled":"default","ast-page-background-meta":{"desktop":{"background-color":"","background-image":"","background-repeat":"repeat","background-position":"center center","background-size":"auto","background-attachment":"scroll","background-type":"","background-media":"","overlay-type":"","overlay-color":"","overlay-opacity":"","overlay-gradient":""},"tablet":{"background-color":"","background-image":"","background-repeat":"repeat","background-position":"center center","background-size":"auto","background-attachment":"scroll","background-type":"","background-media":"","overlay-type":"","overlay-color":"","overlay-opacity":"","overlay-gradient":""},"mobile":{"background-color":"","background-image":"","background-repeat":"repeat","background-position":"center center","background-size":"auto","background-attachment":"scroll","background-type":"","background-media":"","overlay-type":"","overlay-color":"","overlay-opacity":"","overlay-gradient":""}},"ast-content-background-meta":{"desktop":{"background-color":"var(--ast-global-color-5)","background-image":"","background-repeat":"repeat","background-position":"center center","background-size":"auto","background-attachment":"scroll","background-type":"","background-media":"","overlay-type":"","overlay-color":"","overlay-opacity":"","overlay-gradient":""},"tablet":{"background-color":"var(--ast-global-color-5)","background-image":"","background-repeat":"repeat","background-position":"center center","background-size":"auto","background-attachment":"scroll","background-type":"","background-media":"","overlay-type":"","overlay-color":"","overlay-opacity":"","overlay-gradient":""},"mobile":{"background-color":"var(--ast-global-color-5)","background-image":"","background-repeat":"repeat","background-position":"center center","background-size":"auto","background-attachment":"scroll","background-type":"","background-media":"","overlay-type":"","overlay-color":"","overlay-opacity":"","overlay-gradient":""}},"footnotes":""},"class_list":["post-9006","page","type-page","status-publish","hentry"],"yoast_head":"<!-- This site is optimized with the Yoast SEO plugin v27.2 - https:\/\/yoast.com\/product\/yoast-seo-wordpress\/ -->\n<title>Dannenbaum - J\u00fcdisches Dortmund | english<\/title>\n<meta name=\"robots\" content=\"index, follow, max-snippet:-1, max-image-preview:large, max-video-preview:-1\" \/>\n<link rel=\"canonical\" href=\"https:\/\/juedisches-dortmund.de\/en\/dannenbaum\/\" \/>\n<meta property=\"og:locale\" content=\"de_DE\" \/>\n<meta property=\"og:type\" content=\"article\" \/>\n<meta property=\"og:title\" content=\"Dannenbaum - J\u00fcdisches Dortmund | english\" \/>\n<meta property=\"og:description\" content=\"Karl Dannenbaum, born 10.11.1869 in L\u00fctgendortmund Wilhelm Dannenbaum, born 30.08.1872 in L\u00fctgendortmund L\u00fctgendortmunder Str. 45, L\u00fctgendortmund map \u2192 back to the list overview Karl Dannenbaum, a butcher by trade, and his brother Wilhelm Dannebaum, lived at L\u00fctgendortmunder Strasse 45 from 1932 and 1934 respectively. Following the \u201cPogrom night\u201d, both were taken into so-called preventive custody [&hellip;]\" \/>\n<meta property=\"og:url\" content=\"https:\/\/juedisches-dortmund.de\/en\/dannenbaum\/\" \/>\n<meta property=\"og:site_name\" content=\"J\u00fcdisches Dortmund | english\" \/>\n<meta property=\"article:modified_time\" content=\"2021-08-14T14:48:03+00:00\" \/>\n<meta property=\"og:image\" content=\"https:\/\/juedisches-dortmund.de\/en\/wp-content\/uploads\/sites\/5\/2021\/03\/synagoge-Dortmund.jpg\" \/>\n\t<meta property=\"og:image:width\" content=\"980\" \/>\n\t<meta property=\"og:image:height\" content=\"709\" \/>\n\t<meta property=\"og:image:type\" content=\"image\/jpeg\" \/>\n<meta name=\"twitter:card\" content=\"summary_large_image\" \/>\n<meta name=\"twitter:label1\" content=\"Gesch\u00e4tzte Lesezeit\" \/>\n\t<meta name=\"twitter:data1\" content=\"1\u00a0Minute\" \/>\n<script type=\"application\/ld+json\" class=\"yoast-schema-graph\">{\"@context\":\"https:\/\/schema.org\",\"@graph\":[{\"@type\":\"WebPage\",\"@id\":\"https:\/\/juedisches-dortmund.de\/en\/dannenbaum\/\",\"url\":\"https:\/\/juedisches-dortmund.de\/en\/dannenbaum\/\",\"name\":\"Dannenbaum - J\u00fcdisches Dortmund | english\",\"isPartOf\":{\"@id\":\"https:\/\/juedisches-dortmund.de\/en\/#website\"},\"datePublished\":\"2021-05-10T12:22:52+00:00\",\"dateModified\":\"2021-08-14T14:48:03+00:00\",\"breadcrumb\":{\"@id\":\"https:\/\/juedisches-dortmund.de\/en\/dannenbaum\/#breadcrumb\"},\"inLanguage\":\"de\",\"potentialAction\":[{\"@type\":\"ReadAction\",\"target\":[\"https:\/\/juedisches-dortmund.de\/en\/dannenbaum\/\"]}]},{\"@type\":\"BreadcrumbList\",\"@id\":\"https:\/\/juedisches-dortmund.de\/en\/dannenbaum\/#breadcrumb\",\"itemListElement\":[{\"@type\":\"ListItem\",\"position\":1,\"name\":\"Startseite\",\"item\":\"https:\/\/juedisches-dortmund.de\/en\/\"},{\"@type\":\"ListItem\",\"position\":2,\"name\":\"Dannenbaum\"}]},{\"@type\":\"WebSite\",\"@id\":\"https:\/\/juedisches-dortmund.de\/en\/#website\",\"url\":\"https:\/\/juedisches-dortmund.de\/en\/\",\"name\":\"J\u00fcdisches Dortmund | english\",\"description\":\"\",\"publisher\":{\"@id\":\"https:\/\/juedisches-dortmund.de\/en\/#organization\"},\"potentialAction\":[{\"@type\":\"SearchAction\",\"target\":{\"@type\":\"EntryPoint\",\"urlTemplate\":\"https:\/\/juedisches-dortmund.de\/en\/?s={search_term_string}\"},\"query-input\":{\"@type\":\"PropertyValueSpecification\",\"valueRequired\":true,\"valueName\":\"search_term_string\"}}],\"inLanguage\":\"de\"},{\"@type\":\"Organization\",\"@id\":\"https:\/\/juedisches-dortmund.de\/en\/#organization\",\"name\":\"J\u00fcdisches Dortmund | english\",\"url\":\"https:\/\/juedisches-dortmund.de\/en\/\",\"logo\":{\"@type\":\"ImageObject\",\"inLanguage\":\"de\",\"@id\":\"https:\/\/juedisches-dortmund.de\/en\/#\/schema\/logo\/image\/\",\"url\":\"https:\/\/juedisches-dortmund.de\/en\/wp-content\/uploads\/sites\/5\/2021\/03\/cropped-logo-height240.png\",\"contentUrl\":\"https:\/\/juedisches-dortmund.de\/en\/wp-content\/uploads\/sites\/5\/2021\/03\/cropped-logo-height240.png\",\"width\":419,\"height\":240,\"caption\":\"J\u00fcdisches Dortmund | english\"},\"image\":{\"@id\":\"https:\/\/juedisches-dortmund.de\/en\/#\/schema\/logo\/image\/\"}}]}<\/script>\n<!-- \/ Yoast SEO plugin. -->","yoast_head_json":{"title":"Dannenbaum - J\u00fcdisches Dortmund | english","robots":{"index":"index","follow":"follow","max-snippet":"max-snippet:-1","max-image-preview":"max-image-preview:large","max-video-preview":"max-video-preview:-1"},"canonical":"https:\/\/juedisches-dortmund.de\/en\/dannenbaum\/","og_locale":"de_DE","og_type":"article","og_title":"Dannenbaum - J\u00fcdisches Dortmund | english","og_description":"Karl Dannenbaum, born 10.11.1869 in L\u00fctgendortmund Wilhelm Dannenbaum, born 30.08.1872 in L\u00fctgendortmund L\u00fctgendortmunder Str. 45, L\u00fctgendortmund map \u2192 back to the list overview Karl Dannenbaum, a butcher by trade, and his brother Wilhelm Dannebaum, lived at L\u00fctgendortmunder Strasse 45 from 1932 and 1934 respectively. Following the \u201cPogrom night\u201d, both were taken into so-called preventive custody [&hellip;]","og_url":"https:\/\/juedisches-dortmund.de\/en\/dannenbaum\/","og_site_name":"J\u00fcdisches Dortmund | english","article_modified_time":"2021-08-14T14:48:03+00:00","og_image":[{"width":980,"height":709,"url":"https:\/\/juedisches-dortmund.de\/en\/wp-content\/uploads\/sites\/5\/2021\/03\/synagoge-Dortmund.jpg","type":"image\/jpeg"}],"twitter_card":"summary_large_image","twitter_misc":{"Gesch\u00e4tzte Lesezeit":"1\u00a0Minute"},"schema":{"@context":"https:\/\/schema.org","@graph":[{"@type":"WebPage","@id":"https:\/\/juedisches-dortmund.de\/en\/dannenbaum\/","url":"https:\/\/juedisches-dortmund.de\/en\/dannenbaum\/","name":"Dannenbaum - J\u00fcdisches Dortmund | english","isPartOf":{"@id":"https:\/\/juedisches-dortmund.de\/en\/#website"},"datePublished":"2021-05-10T12:22:52+00:00","dateModified":"2021-08-14T14:48:03+00:00","breadcrumb":{"@id":"https:\/\/juedisches-dortmund.de\/en\/dannenbaum\/#breadcrumb"},"inLanguage":"de","potentialAction":[{"@type":"ReadAction","target":["https:\/\/juedisches-dortmund.de\/en\/dannenbaum\/"]}]},{"@type":"BreadcrumbList","@id":"https:\/\/juedisches-dortmund.de\/en\/dannenbaum\/#breadcrumb","itemListElement":[{"@type":"ListItem","position":1,"name":"Startseite","item":"https:\/\/juedisches-dortmund.de\/en\/"},{"@type":"ListItem","position":2,"name":"Dannenbaum"}]},{"@type":"WebSite","@id":"https:\/\/juedisches-dortmund.de\/en\/#website","url":"https:\/\/juedisches-dortmund.de\/en\/","name":"J\u00fcdisches Dortmund | english","description":"","publisher":{"@id":"https:\/\/juedisches-dortmund.de\/en\/#organization"},"potentialAction":[{"@type":"SearchAction","target":{"@type":"EntryPoint","urlTemplate":"https:\/\/juedisches-dortmund.de\/en\/?s={search_term_string}"},"query-input":{"@type":"PropertyValueSpecification","valueRequired":true,"valueName":"search_term_string"}}],"inLanguage":"de"},{"@type":"Organization","@id":"https:\/\/juedisches-dortmund.de\/en\/#organization","name":"J\u00fcdisches Dortmund | english","url":"https:\/\/juedisches-dortmund.de\/en\/","logo":{"@type":"ImageObject","inLanguage":"de","@id":"https:\/\/juedisches-dortmund.de\/en\/#\/schema\/logo\/image\/","url":"https:\/\/juedisches-dortmund.de\/en\/wp-content\/uploads\/sites\/5\/2021\/03\/cropped-logo-height240.png","contentUrl":"https:\/\/juedisches-dortmund.de\/en\/wp-content\/uploads\/sites\/5\/2021\/03\/cropped-logo-height240.png","width":419,"height":240,"caption":"J\u00fcdisches Dortmund | english"},"image":{"@id":"https:\/\/juedisches-dortmund.de\/en\/#\/schema\/logo\/image\/"}}]}},"_links":{"self":[{"href":"https:\/\/juedisches-dortmund.de\/en\/wp-json\/wp\/v2\/pages\/9006","targetHints":{"allow":["GET"]}}],"collection":[{"href":"https:\/\/juedisches-dortmund.de\/en\/wp-json\/wp\/v2\/pages"}],"about":[{"href":"https:\/\/juedisches-dortmund.de\/en\/wp-json\/wp\/v2\/types\/page"}],"author":[{"embeddable":true,"href":"https:\/\/juedisches-dortmund.de\/en\/wp-json\/wp\/v2\/users\/2"}],"replies":[{"embeddable":true,"href":"https:\/\/juedisches-dortmund.de\/en\/wp-json\/wp\/v2\/comments?post=9006"}],"version-history":[{"count":26,"href":"https:\/\/juedisches-dortmund.de\/en\/wp-json\/wp\/v2\/pages\/9006\/revisions"}],"predecessor-version":[{"id":13133,"href":"https:\/\/juedisches-dortmund.de\/en\/wp-json\/wp\/v2\/pages\/9006\/revisions\/13133"}],"wp:attachment":[{"href":"https:\/\/juedisches-dortmund.de\/en\/wp-json\/wp\/v2\/media?parent=9006"}],"curies":[{"name":"wp","href":"https:\/\/api.w.org\/{rel}","templated":true}]}}