{"id":6548,"date":"2021-04-29T17:08:12","date_gmt":"2021-04-29T15:08:12","guid":{"rendered":"https:\/\/wp-staging-1.juedisches-dortmund.de\/?page_id=6548"},"modified":"2022-04-12T14:21:24","modified_gmt":"2022-04-12T12:21:24","slug":"ostjuedische-bethaeuser","status":"publish","type":"page","link":"https:\/\/juedisches-dortmund.de\/en\/ostjuedische-bethaeuser\/","title":{"rendered":"Ostj\u00fcdische Beth\u00e4user"},"content":{"rendered":"\t\t<div data-elementor-type=\"wp-page\" data-elementor-id=\"6548\" class=\"elementor elementor-6548\">\n\t\t\t\t\t\t<section class=\"elementor-section elementor-top-section elementor-element elementor-element-df300ad elementor-section-boxed elementor-section-height-default elementor-section-height-default\" data-id=\"df300ad\" data-element_type=\"section\" data-e-type=\"section\">\n\t\t\t\t\t\t<div class=\"elementor-container elementor-column-gap-default\">\n\t\t\t\t\t<div class=\"elementor-column elementor-col-100 elementor-top-column elementor-element elementor-element-c838c6f\" data-id=\"c838c6f\" data-element_type=\"column\" data-e-type=\"column\">\n\t\t\t<div class=\"elementor-widget-wrap elementor-element-populated\">\n\t\t\t\t\t\t<div class=\"elementor-element elementor-element-6f1efe2 elementor-widget elementor-widget-spacer\" data-id=\"6f1efe2\" data-element_type=\"widget\" data-e-type=\"widget\" data-widget_type=\"spacer.default\">\n\t\t\t\t<div class=\"elementor-widget-container\">\n\t\t\t\t\t\t\t<div class=\"elementor-spacer\">\n\t\t\t<div class=\"elementor-spacer-inner\"><\/div>\n\t\t<\/div>\n\t\t\t\t\t\t<\/div>\n\t\t\t\t<\/div>\n\t\t\t\t\t<\/div>\n\t\t<\/div>\n\t\t\t\t\t<\/div>\n\t\t<\/section>\n\t\t\t\t<section class=\"elementor-section elementor-top-section elementor-element elementor-element-f49d135 elementor-section-boxed elementor-section-height-default elementor-section-height-default\" data-id=\"f49d135\" data-element_type=\"section\" data-e-type=\"section\">\n\t\t\t\t\t\t<div class=\"elementor-container elementor-column-gap-wider\">\n\t\t\t\t\t<div class=\"elementor-column elementor-col-33 elementor-top-column elementor-element elementor-element-1aa36e4\" data-id=\"1aa36e4\" data-element_type=\"column\" data-e-type=\"column\">\n\t\t\t<div class=\"elementor-widget-wrap elementor-element-populated\">\n\t\t\t\t\t\t<div class=\"elementor-element elementor-element-1d24b33 elementor-widget elementor-widget-image\" data-id=\"1d24b33\" data-element_type=\"widget\" data-e-type=\"widget\" data-widget_type=\"image.default\">\n\t\t\t\t<div class=\"elementor-widget-container\">\n\t\t\t\t\t\t\t\t\t\t\t\t<figure class=\"wp-caption\">\n\t\t\t\t\t\t\t\t\t\t\t<a href=\"https:\/\/juedisches-dortmund.de\/wp-content\/uploads\/2021\/04\/Querschnitt-durch-die-Mikwe-in-der-Leopoldstrasse-web.jpg\" data-elementor-open-lightbox=\"yes\" data-elementor-lightbox-title=\"Querschnitt-durch-die-Mikwe-in-der-Leopoldstra\u00dfe-web\" data-e-action-hash=\"#elementor-action%3Aaction%3Dlightbox%26settings%3DeyJpZCI6NjU1NSwidXJsIjoiaHR0cHM6XC9cL2p1ZWRpc2NoZXMtZG9ydG11bmQuZGVcL2VuXC93cC1jb250ZW50XC91cGxvYWRzXC9zaXRlc1wvNVwvMjAyMVwvMDRcL1F1ZXJzY2huaXR0LWR1cmNoLWRpZS1NaWt3ZS1pbi1kZXItTGVvcG9sZHN0cmFzc2Utd2ViLmpwZyJ9\">\n\t\t\t\t\t\t\t<img fetchpriority=\"high\" decoding=\"async\" width=\"999\" height=\"749\" src=\"https:\/\/juedisches-dortmund.de\/en\/wp-content\/uploads\/sites\/5\/2021\/04\/Querschnitt-durch-die-Mikwe-in-der-Leopoldstrasse-web.jpg\" class=\"attachment-large size-large wp-image-6555\" alt=\"\" srcset=\"https:\/\/juedisches-dortmund.de\/en\/wp-content\/uploads\/sites\/5\/2021\/04\/Querschnitt-durch-die-Mikwe-in-der-Leopoldstrasse-web.jpg 999w, https:\/\/juedisches-dortmund.de\/en\/wp-content\/uploads\/sites\/5\/2021\/04\/Querschnitt-durch-die-Mikwe-in-der-Leopoldstrasse-web-300x225.jpg 300w, https:\/\/juedisches-dortmund.de\/en\/wp-content\/uploads\/sites\/5\/2021\/04\/Querschnitt-durch-die-Mikwe-in-der-Leopoldstrasse-web-768x576.jpg 768w\" sizes=\"(max-width: 999px) 100vw, 999px\" \/>\t\t\t\t\t\t\t\t<\/a>\n\t\t\t\t\t\t\t\t\t\t\t<figcaption class=\"widget-image-caption wp-caption-text\">Front view of the mikveh at Leopoldstrasse No. 31<\/figcaption>\n\t\t\t\t\t\t\t\t\t\t<\/figure>\n\t\t\t\t\t\t\t\t\t<\/div>\n\t\t\t\t<\/div>\n\t\t\t\t<div class=\"elementor-element elementor-element-ebb1183 elementor-widget elementor-widget-image\" data-id=\"ebb1183\" data-element_type=\"widget\" data-e-type=\"widget\" data-widget_type=\"image.default\">\n\t\t\t\t<div class=\"elementor-widget-container\">\n\t\t\t\t\t\t\t\t\t\t\t\t<figure class=\"wp-caption\">\n\t\t\t\t\t\t\t\t\t\t\t<a href=\"https:\/\/juedisches-dortmund.de\/wp-content\/uploads\/2021\/04\/Frontansicht-der-Mikwe-in-der-Leopoldstrasse-web.jpg\" data-elementor-open-lightbox=\"yes\" data-elementor-lightbox-title=\"Frontansicht-der-Mikwe-in-der-Leopoldstra\u00dfe-web\" data-e-action-hash=\"#elementor-action%3Aaction%3Dlightbox%26settings%3DeyJpZCI6NjU1MywidXJsIjoiaHR0cHM6XC9cL2p1ZWRpc2NoZXMtZG9ydG11bmQuZGVcL2VuXC93cC1jb250ZW50XC91cGxvYWRzXC9zaXRlc1wvNVwvMjAyMVwvMDRcL0Zyb250YW5zaWNodC1kZXItTWlrd2UtaW4tZGVyLUxlb3BvbGRzdHJhc3NlLXdlYi5qcGcifQ%3D%3D\">\n\t\t\t\t\t\t\t<img decoding=\"async\" width=\"500\" height=\"375\" src=\"https:\/\/juedisches-dortmund.de\/en\/wp-content\/uploads\/sites\/5\/2021\/04\/Frontansicht-der-Mikwe-in-der-Leopoldstrasse-web.jpg\" class=\"attachment-medium_large size-medium_large wp-image-6553\" alt=\"Dokument: Frontansicht-der-Mikwe-in-der-Leopoldstra\u00dfe\" srcset=\"https:\/\/juedisches-dortmund.de\/en\/wp-content\/uploads\/sites\/5\/2021\/04\/Frontansicht-der-Mikwe-in-der-Leopoldstrasse-web.jpg 500w, https:\/\/juedisches-dortmund.de\/en\/wp-content\/uploads\/sites\/5\/2021\/04\/Frontansicht-der-Mikwe-in-der-Leopoldstrasse-web-300x225.jpg 300w\" sizes=\"(max-width: 500px) 100vw, 500px\" \/>\t\t\t\t\t\t\t\t<\/a>\n\t\t\t\t\t\t\t\t\t\t\t<figcaption class=\"widget-image-caption wp-caption-text\">Sectional view of the mikveh at Leopoldstrasse No. 31<\/figcaption>\n\t\t\t\t\t\t\t\t\t\t<\/figure>\n\t\t\t\t\t\t\t\t\t<\/div>\n\t\t\t\t<\/div>\n\t\t\t\t<div class=\"elementor-element elementor-element-9a66e72 elementor-widget elementor-widget-button\" data-id=\"9a66e72\" data-element_type=\"widget\" data-e-type=\"widget\" data-widget_type=\"button.default\">\n\t\t\t\t<div class=\"elementor-widget-container\">\n\t\t\t\t\t\t\t\t\t<div class=\"elementor-button-wrapper\">\n\t\t\t\t\t<a class=\"elementor-button elementor-button-link elementor-size-sm\" href=\"\/en\/karte\/?marker=1444\">\n\t\t\t\t\t\t<span class=\"elementor-button-content-wrapper\">\n\t\t\t\t\t\t\t\t\t<span class=\"elementor-button-text\">map<\/span>\n\t\t\t\t\t<\/span>\n\t\t\t\t\t<\/a>\n\t\t\t\t<\/div>\n\t\t\t\t\t\t\t\t<\/div>\n\t\t\t\t<\/div>\n\t\t\t\t\t<\/div>\n\t\t<\/div>\n\t\t\t\t<div class=\"elementor-column elementor-col-66 elementor-top-column elementor-element elementor-element-7aa2049\" data-id=\"7aa2049\" data-element_type=\"column\" data-e-type=\"column\">\n\t\t\t<div class=\"elementor-widget-wrap elementor-element-populated\">\n\t\t\t\t\t\t<div class=\"elementor-element elementor-element-afe4fbe elementor-widget elementor-widget-text-editor\" data-id=\"afe4fbe\" data-element_type=\"widget\" data-e-type=\"widget\" data-widget_type=\"text-editor.default\">\n\t\t\t\t<div class=\"elementor-widget-container\">\n\t\t\t\t\t\t\t\t\t<h2>Eastern Jewish prayer houses<\/h2><p>In the mid-1920s, around a third of the Jews living in Dortmund held not German citizenship but that of other countries, in most cases that of Poland. In 1925, this group made up exactly 1,200 of the 3,820 Jews living in Dortmund, having come to the city either as migrant workers or in some cases in flight from the pogroms taking place in Eastern Europe. Generally referred to as \u201cOstjuden\u201d (i.e. Eastern European Jews) and characterised as \u201cOrthodox\u201d, contact between these \u201cPolish Jews\u201d and the community of long-established Liberal Jews and their synagogue on Hiltropwall tended to be very limited.<\/p><p>The families of the Orthodox Jews lived mainly in the neighbourhoods to the north and north-east of the main station. Here, they had their own prayer houses and prayer rooms, and also a Thora-Talmud school. Places of assembly are known to have existed in Leopoldstrasse, Zimmerstrasse and Krautstrasse. From 1930 onwards, there was also a mikveh, or ritual bath, located in a building at the rear of the house at Leopoldstrasse No. 31. Accounts by Jews who formerly lived in Dortmund and attended these prayer houses as children tell of the bustle and constant \u201cpalaver\u201d that went on during the religious services, saying that while the important men prayed, the others spent their time chatting to one another, very often about football, and the children played.<\/p>\t\t\t\t\t\t\t\t<\/div>\n\t\t\t\t<\/div>\n\t\t\t\t\t<\/div>\n\t\t<\/div>\n\t\t\t\t\t<\/div>\n\t\t<\/section>\n\t\t\t\t<section class=\"elementor-section elementor-top-section elementor-element elementor-element-6adfe5a elementor-section-boxed elementor-section-height-default elementor-section-height-default\" data-id=\"6adfe5a\" data-element_type=\"section\" data-e-type=\"section\">\n\t\t\t\t\t\t<div class=\"elementor-container elementor-column-gap-default\">\n\t\t\t\t\t<div class=\"elementor-column elementor-col-100 elementor-top-column elementor-element elementor-element-24c392c\" data-id=\"24c392c\" data-element_type=\"column\" data-e-type=\"column\">\n\t\t\t<div class=\"elementor-widget-wrap elementor-element-populated\">\n\t\t\t\t\t\t<div class=\"elementor-element elementor-element-e5b7b86 elementor-widget elementor-widget-spacer\" data-id=\"e5b7b86\" data-element_type=\"widget\" data-e-type=\"widget\" data-widget_type=\"spacer.default\">\n\t\t\t\t<div class=\"elementor-widget-container\">\n\t\t\t\t\t\t\t<div class=\"elementor-spacer\">\n\t\t\t<div class=\"elementor-spacer-inner\"><\/div>\n\t\t<\/div>\n\t\t\t\t\t\t<\/div>\n\t\t\t\t<\/div>\n\t\t\t\t\t<\/div>\n\t\t<\/div>\n\t\t\t\t\t<\/div>\n\t\t<\/section>\n\t\t\t\t<\/div>\n\t\t","protected":false},"excerpt":{"rendered":"<p>Front view of the mikveh at Leopoldstrasse No. 31 Sectional view of the mikveh at Leopoldstrasse No. 31 map Eastern Jewish prayer houses In the mid-1920s, around a third of the Jews living in Dortmund held not German citizenship but that of other countries, in most cases that of Poland. In 1925, this group made [&hellip;]<\/p>\n","protected":false},"author":2,"featured_media":0,"parent":0,"menu_order":0,"comment_status":"closed","ping_status":"closed","template":"","meta":{"inline_featured_image":false,"site-sidebar-layout":"no-sidebar","site-content-layout":"page-builder","ast-site-content-layout":"default","site-content-style":"default","site-sidebar-style":"default","ast-global-header-display":"","ast-banner-title-visibility":"","ast-main-header-display":"","ast-hfb-above-header-display":"","ast-hfb-below-header-display":"","ast-hfb-mobile-header-display":"","site-post-title":"disabled","ast-breadcrumbs-content":"","ast-featured-img":"disabled","footer-sml-layout":"","ast-disable-related-posts":"","theme-transparent-header-meta":"default","adv-header-id-meta":"","stick-header-meta":"","header-above-stick-meta":"","header-main-stick-meta":"","header-below-stick-meta":"","astra-migrate-meta-layouts":"default","ast-page-background-enabled":"default","ast-page-background-meta":{"desktop":{"background-color":"","background-image":"","background-repeat":"repeat","background-position":"center center","background-size":"auto","background-attachment":"scroll","background-type":"","background-media":"","overlay-type":"","overlay-color":"","overlay-opacity":"","overlay-gradient":""},"tablet":{"background-color":"","background-image":"","background-repeat":"repeat","background-position":"center center","background-size":"auto","background-attachment":"scroll","background-type":"","background-media":"","overlay-type":"","overlay-color":"","overlay-opacity":"","overlay-gradient":""},"mobile":{"background-color":"","background-image":"","background-repeat":"repeat","background-position":"center center","background-size":"auto","background-attachment":"scroll","background-type":"","background-media":"","overlay-type":"","overlay-color":"","overlay-opacity":"","overlay-gradient":""}},"ast-content-background-meta":{"desktop":{"background-color":"var(--ast-global-color-5)","background-image":"","background-repeat":"repeat","background-position":"center center","background-size":"auto","background-attachment":"scroll","background-type":"","background-media":"","overlay-type":"","overlay-color":"","overlay-opacity":"","overlay-gradient":""},"tablet":{"background-color":"var(--ast-global-color-5)","background-image":"","background-repeat":"repeat","background-position":"center center","background-size":"auto","background-attachment":"scroll","background-type":"","background-media":"","overlay-type":"","overlay-color":"","overlay-opacity":"","overlay-gradient":""},"mobile":{"background-color":"var(--ast-global-color-5)","background-image":"","background-repeat":"repeat","background-position":"center center","background-size":"auto","background-attachment":"scroll","background-type":"","background-media":"","overlay-type":"","overlay-color":"","overlay-opacity":"","overlay-gradient":""}},"footnotes":""},"class_list":["post-6548","page","type-page","status-publish","hentry"],"yoast_head":"<!-- This site is optimized with the Yoast SEO plugin v27.2 - https:\/\/yoast.com\/product\/yoast-seo-wordpress\/ -->\n<title>Ostj\u00fcdische Beth\u00e4user - J\u00fcdisches Dortmund | english<\/title>\n<meta name=\"robots\" content=\"index, follow, max-snippet:-1, max-image-preview:large, max-video-preview:-1\" \/>\n<link rel=\"canonical\" href=\"https:\/\/juedisches-dortmund.de\/en\/ostjuedische-bethaeuser\/\" \/>\n<meta property=\"og:locale\" content=\"de_DE\" \/>\n<meta property=\"og:type\" content=\"article\" \/>\n<meta property=\"og:title\" content=\"Ostj\u00fcdische Beth\u00e4user - J\u00fcdisches Dortmund | english\" \/>\n<meta property=\"og:description\" content=\"Front view of the mikveh at Leopoldstrasse No. 31 Sectional view of the mikveh at Leopoldstrasse No. 31 map Eastern Jewish prayer houses In the mid-1920s, around a third of the Jews living in Dortmund held not German citizenship but that of other countries, in most cases that of Poland. In 1925, this group made [&hellip;]\" \/>\n<meta property=\"og:url\" content=\"https:\/\/juedisches-dortmund.de\/en\/ostjuedische-bethaeuser\/\" \/>\n<meta property=\"og:site_name\" content=\"J\u00fcdisches Dortmund | english\" \/>\n<meta property=\"article:modified_time\" content=\"2022-04-12T12:21:24+00:00\" \/>\n<meta property=\"og:image\" content=\"https:\/\/juedisches-dortmund.de\/en\/wp-content\/uploads\/sites\/5\/2021\/04\/Querschnitt-durch-die-Mikwe-in-der-Leopoldstrasse-web.jpg\" \/>\n<meta name=\"twitter:card\" content=\"summary_large_image\" \/>\n<meta name=\"twitter:label1\" content=\"Gesch\u00e4tzte Lesezeit\" \/>\n\t<meta name=\"twitter:data1\" content=\"2\u00a0Minuten\" \/>\n<script type=\"application\/ld+json\" class=\"yoast-schema-graph\">{\"@context\":\"https:\/\/schema.org\",\"@graph\":[{\"@type\":\"WebPage\",\"@id\":\"https:\/\/juedisches-dortmund.de\/en\/ostjuedische-bethaeuser\/\",\"url\":\"https:\/\/juedisches-dortmund.de\/en\/ostjuedische-bethaeuser\/\",\"name\":\"Ostj\u00fcdische Beth\u00e4user - J\u00fcdisches Dortmund | english\",\"isPartOf\":{\"@id\":\"https:\/\/juedisches-dortmund.de\/en\/#website\"},\"primaryImageOfPage\":{\"@id\":\"https:\/\/juedisches-dortmund.de\/en\/ostjuedische-bethaeuser\/#primaryimage\"},\"image\":{\"@id\":\"https:\/\/juedisches-dortmund.de\/en\/ostjuedische-bethaeuser\/#primaryimage\"},\"thumbnailUrl\":\"https:\/\/juedisches-dortmund.de\/en\/wp-content\/uploads\/sites\/5\/2021\/04\/Querschnitt-durch-die-Mikwe-in-der-Leopoldstrasse-web.jpg\",\"datePublished\":\"2021-04-29T15:08:12+00:00\",\"dateModified\":\"2022-04-12T12:21:24+00:00\",\"breadcrumb\":{\"@id\":\"https:\/\/juedisches-dortmund.de\/en\/ostjuedische-bethaeuser\/#breadcrumb\"},\"inLanguage\":\"de\",\"potentialAction\":[{\"@type\":\"ReadAction\",\"target\":[\"https:\/\/juedisches-dortmund.de\/en\/ostjuedische-bethaeuser\/\"]}]},{\"@type\":\"ImageObject\",\"inLanguage\":\"de\",\"@id\":\"https:\/\/juedisches-dortmund.de\/en\/ostjuedische-bethaeuser\/#primaryimage\",\"url\":\"https:\/\/juedisches-dortmund.de\/en\/wp-content\/uploads\/sites\/5\/2021\/04\/Querschnitt-durch-die-Mikwe-in-der-Leopoldstrasse-web.jpg\",\"contentUrl\":\"https:\/\/juedisches-dortmund.de\/en\/wp-content\/uploads\/sites\/5\/2021\/04\/Querschnitt-durch-die-Mikwe-in-der-Leopoldstrasse-web.jpg\",\"width\":999,\"height\":749},{\"@type\":\"BreadcrumbList\",\"@id\":\"https:\/\/juedisches-dortmund.de\/en\/ostjuedische-bethaeuser\/#breadcrumb\",\"itemListElement\":[{\"@type\":\"ListItem\",\"position\":1,\"name\":\"Startseite\",\"item\":\"https:\/\/juedisches-dortmund.de\/en\/\"},{\"@type\":\"ListItem\",\"position\":2,\"name\":\"Ostj\u00fcdische Beth\u00e4user\"}]},{\"@type\":\"WebSite\",\"@id\":\"https:\/\/juedisches-dortmund.de\/en\/#website\",\"url\":\"https:\/\/juedisches-dortmund.de\/en\/\",\"name\":\"J\u00fcdisches Dortmund | english\",\"description\":\"\",\"publisher\":{\"@id\":\"https:\/\/juedisches-dortmund.de\/en\/#organization\"},\"potentialAction\":[{\"@type\":\"SearchAction\",\"target\":{\"@type\":\"EntryPoint\",\"urlTemplate\":\"https:\/\/juedisches-dortmund.de\/en\/?s={search_term_string}\"},\"query-input\":{\"@type\":\"PropertyValueSpecification\",\"valueRequired\":true,\"valueName\":\"search_term_string\"}}],\"inLanguage\":\"de\"},{\"@type\":\"Organization\",\"@id\":\"https:\/\/juedisches-dortmund.de\/en\/#organization\",\"name\":\"J\u00fcdisches Dortmund | english\",\"url\":\"https:\/\/juedisches-dortmund.de\/en\/\",\"logo\":{\"@type\":\"ImageObject\",\"inLanguage\":\"de\",\"@id\":\"https:\/\/juedisches-dortmund.de\/en\/#\/schema\/logo\/image\/\",\"url\":\"https:\/\/juedisches-dortmund.de\/en\/wp-content\/uploads\/sites\/5\/2021\/03\/cropped-logo-height240.png\",\"contentUrl\":\"https:\/\/juedisches-dortmund.de\/en\/wp-content\/uploads\/sites\/5\/2021\/03\/cropped-logo-height240.png\",\"width\":419,\"height\":240,\"caption\":\"J\u00fcdisches Dortmund | english\"},\"image\":{\"@id\":\"https:\/\/juedisches-dortmund.de\/en\/#\/schema\/logo\/image\/\"}}]}<\/script>\n<!-- \/ Yoast SEO plugin. -->","yoast_head_json":{"title":"Ostj\u00fcdische Beth\u00e4user - J\u00fcdisches Dortmund | english","robots":{"index":"index","follow":"follow","max-snippet":"max-snippet:-1","max-image-preview":"max-image-preview:large","max-video-preview":"max-video-preview:-1"},"canonical":"https:\/\/juedisches-dortmund.de\/en\/ostjuedische-bethaeuser\/","og_locale":"de_DE","og_type":"article","og_title":"Ostj\u00fcdische Beth\u00e4user - J\u00fcdisches Dortmund | english","og_description":"Front view of the mikveh at Leopoldstrasse No. 31 Sectional view of the mikveh at Leopoldstrasse No. 31 map Eastern Jewish prayer houses In the mid-1920s, around a third of the Jews living in Dortmund held not German citizenship but that of other countries, in most cases that of Poland. In 1925, this group made [&hellip;]","og_url":"https:\/\/juedisches-dortmund.de\/en\/ostjuedische-bethaeuser\/","og_site_name":"J\u00fcdisches Dortmund | english","article_modified_time":"2022-04-12T12:21:24+00:00","og_image":[{"url":"https:\/\/juedisches-dortmund.de\/en\/wp-content\/uploads\/sites\/5\/2021\/04\/Querschnitt-durch-die-Mikwe-in-der-Leopoldstrasse-web.jpg","type":"","width":"","height":""}],"twitter_card":"summary_large_image","twitter_misc":{"Gesch\u00e4tzte Lesezeit":"2\u00a0Minuten"},"schema":{"@context":"https:\/\/schema.org","@graph":[{"@type":"WebPage","@id":"https:\/\/juedisches-dortmund.de\/en\/ostjuedische-bethaeuser\/","url":"https:\/\/juedisches-dortmund.de\/en\/ostjuedische-bethaeuser\/","name":"Ostj\u00fcdische Beth\u00e4user - J\u00fcdisches Dortmund | english","isPartOf":{"@id":"https:\/\/juedisches-dortmund.de\/en\/#website"},"primaryImageOfPage":{"@id":"https:\/\/juedisches-dortmund.de\/en\/ostjuedische-bethaeuser\/#primaryimage"},"image":{"@id":"https:\/\/juedisches-dortmund.de\/en\/ostjuedische-bethaeuser\/#primaryimage"},"thumbnailUrl":"https:\/\/juedisches-dortmund.de\/en\/wp-content\/uploads\/sites\/5\/2021\/04\/Querschnitt-durch-die-Mikwe-in-der-Leopoldstrasse-web.jpg","datePublished":"2021-04-29T15:08:12+00:00","dateModified":"2022-04-12T12:21:24+00:00","breadcrumb":{"@id":"https:\/\/juedisches-dortmund.de\/en\/ostjuedische-bethaeuser\/#breadcrumb"},"inLanguage":"de","potentialAction":[{"@type":"ReadAction","target":["https:\/\/juedisches-dortmund.de\/en\/ostjuedische-bethaeuser\/"]}]},{"@type":"ImageObject","inLanguage":"de","@id":"https:\/\/juedisches-dortmund.de\/en\/ostjuedische-bethaeuser\/#primaryimage","url":"https:\/\/juedisches-dortmund.de\/en\/wp-content\/uploads\/sites\/5\/2021\/04\/Querschnitt-durch-die-Mikwe-in-der-Leopoldstrasse-web.jpg","contentUrl":"https:\/\/juedisches-dortmund.de\/en\/wp-content\/uploads\/sites\/5\/2021\/04\/Querschnitt-durch-die-Mikwe-in-der-Leopoldstrasse-web.jpg","width":999,"height":749},{"@type":"BreadcrumbList","@id":"https:\/\/juedisches-dortmund.de\/en\/ostjuedische-bethaeuser\/#breadcrumb","itemListElement":[{"@type":"ListItem","position":1,"name":"Startseite","item":"https:\/\/juedisches-dortmund.de\/en\/"},{"@type":"ListItem","position":2,"name":"Ostj\u00fcdische Beth\u00e4user"}]},{"@type":"WebSite","@id":"https:\/\/juedisches-dortmund.de\/en\/#website","url":"https:\/\/juedisches-dortmund.de\/en\/","name":"J\u00fcdisches Dortmund | english","description":"","publisher":{"@id":"https:\/\/juedisches-dortmund.de\/en\/#organization"},"potentialAction":[{"@type":"SearchAction","target":{"@type":"EntryPoint","urlTemplate":"https:\/\/juedisches-dortmund.de\/en\/?s={search_term_string}"},"query-input":{"@type":"PropertyValueSpecification","valueRequired":true,"valueName":"search_term_string"}}],"inLanguage":"de"},{"@type":"Organization","@id":"https:\/\/juedisches-dortmund.de\/en\/#organization","name":"J\u00fcdisches Dortmund | english","url":"https:\/\/juedisches-dortmund.de\/en\/","logo":{"@type":"ImageObject","inLanguage":"de","@id":"https:\/\/juedisches-dortmund.de\/en\/#\/schema\/logo\/image\/","url":"https:\/\/juedisches-dortmund.de\/en\/wp-content\/uploads\/sites\/5\/2021\/03\/cropped-logo-height240.png","contentUrl":"https:\/\/juedisches-dortmund.de\/en\/wp-content\/uploads\/sites\/5\/2021\/03\/cropped-logo-height240.png","width":419,"height":240,"caption":"J\u00fcdisches Dortmund | english"},"image":{"@id":"https:\/\/juedisches-dortmund.de\/en\/#\/schema\/logo\/image\/"}}]}},"_links":{"self":[{"href":"https:\/\/juedisches-dortmund.de\/en\/wp-json\/wp\/v2\/pages\/6548","targetHints":{"allow":["GET"]}}],"collection":[{"href":"https:\/\/juedisches-dortmund.de\/en\/wp-json\/wp\/v2\/pages"}],"about":[{"href":"https:\/\/juedisches-dortmund.de\/en\/wp-json\/wp\/v2\/types\/page"}],"author":[{"embeddable":true,"href":"https:\/\/juedisches-dortmund.de\/en\/wp-json\/wp\/v2\/users\/2"}],"replies":[{"embeddable":true,"href":"https:\/\/juedisches-dortmund.de\/en\/wp-json\/wp\/v2\/comments?post=6548"}],"version-history":[{"count":40,"href":"https:\/\/juedisches-dortmund.de\/en\/wp-json\/wp\/v2\/pages\/6548\/revisions"}],"predecessor-version":[{"id":14815,"href":"https:\/\/juedisches-dortmund.de\/en\/wp-json\/wp\/v2\/pages\/6548\/revisions\/14815"}],"wp:attachment":[{"href":"https:\/\/juedisches-dortmund.de\/en\/wp-json\/wp\/v2\/media?parent=6548"}],"curies":[{"name":"wp","href":"https:\/\/api.w.org\/{rel}","templated":true}]}}