{"id":5557,"date":"2021-04-27T09:34:26","date_gmt":"2021-04-27T07:34:26","guid":{"rendered":"https:\/\/wp-staging-1.juedisches-dortmund.de\/?page_id=5557"},"modified":"2021-05-06T16:08:58","modified_gmt":"2021-05-06T14:08:58","slug":"kalt","status":"publish","type":"page","link":"https:\/\/juedisches-dortmund.de\/en\/kalt\/","title":{"rendered":"kalt"},"content":{"rendered":"\t\t<div data-elementor-type=\"wp-page\" data-elementor-id=\"5557\" class=\"elementor elementor-5557\">\n\t\t\t\t\t\t<section class=\"elementor-section elementor-top-section elementor-element elementor-element-1ffe6d9 elementor-section-boxed elementor-section-height-default elementor-section-height-default\" data-id=\"1ffe6d9\" data-element_type=\"section\" data-e-type=\"section\">\n\t\t\t\t\t\t<div class=\"elementor-container elementor-column-gap-default\">\n\t\t\t\t\t<div class=\"elementor-column elementor-col-100 elementor-top-column elementor-element elementor-element-fd0b5b4\" data-id=\"fd0b5b4\" data-element_type=\"column\" data-e-type=\"column\">\n\t\t\t<div class=\"elementor-widget-wrap elementor-element-populated\">\n\t\t\t\t\t\t<div class=\"elementor-element elementor-element-5c8192b elementor-widget elementor-widget-spacer\" data-id=\"5c8192b\" data-element_type=\"widget\" data-e-type=\"widget\" data-widget_type=\"spacer.default\">\n\t\t\t\t<div class=\"elementor-widget-container\">\n\t\t\t\t\t\t\t<div class=\"elementor-spacer\">\n\t\t\t<div class=\"elementor-spacer-inner\"><\/div>\n\t\t<\/div>\n\t\t\t\t\t\t<\/div>\n\t\t\t\t<\/div>\n\t\t\t\t\t<\/div>\n\t\t<\/div>\n\t\t\t\t\t<\/div>\n\t\t<\/section>\n\t\t\t\t<section class=\"elementor-section elementor-top-section elementor-element elementor-element-19c7b7e elementor-section-boxed elementor-section-height-default elementor-section-height-default\" data-id=\"19c7b7e\" data-element_type=\"section\" data-e-type=\"section\">\n\t\t\t\t\t\t<div class=\"elementor-container elementor-column-gap-wider\">\n\t\t\t\t\t<div class=\"elementor-column elementor-col-33 elementor-top-column elementor-element elementor-element-78fa5d9\" data-id=\"78fa5d9\" data-element_type=\"column\" data-e-type=\"column\">\n\t\t\t<div class=\"elementor-widget-wrap elementor-element-populated\">\n\t\t\t\t\t\t<div class=\"elementor-element elementor-element-63be876 elementor-widget elementor-widget-heading\" data-id=\"63be876\" data-element_type=\"widget\" data-e-type=\"widget\" data-widget_type=\"heading.default\">\n\t\t\t\t<div class=\"elementor-widget-container\">\n\t\t\t\t\t<h6 class=\"elementor-heading-title elementor-size-default\">Chaje J\u00e4ger *17.2.1872<\/h6>\t\t\t\t<\/div>\n\t\t\t\t<\/div>\n\t\t\t\t<div class=\"elementor-element elementor-element-bb50731 elementor-widget elementor-widget-heading\" data-id=\"bb50731\" data-element_type=\"widget\" data-e-type=\"widget\" data-widget_type=\"heading.default\">\n\t\t\t\t<div class=\"elementor-widget-container\">\n\t\t\t\t\t<h6 class=\"elementor-heading-title elementor-size-default\">Esther J\u00e4ger, geb. Weinrauch *Nov.1874 oder 77<\/h6>\t\t\t\t<\/div>\n\t\t\t\t<\/div>\n\t\t\t\t<div class=\"elementor-element elementor-element-0e2c565 elementor-widget elementor-widget-heading\" data-id=\"0e2c565\" data-element_type=\"widget\" data-e-type=\"widget\" data-widget_type=\"heading.default\">\n\t\t\t\t<div class=\"elementor-widget-container\">\n\t\t\t\t\t<h6 class=\"elementor-heading-title elementor-size-default\">Rosa Kalt, geb. J\u00e4ger *19.11.1906\n<\/h6>\t\t\t\t<\/div>\n\t\t\t\t<\/div>\n\t\t\t\t<div class=\"elementor-element elementor-element-5a0e9d3 elementor-widget elementor-widget-heading\" data-id=\"5a0e9d3\" data-element_type=\"widget\" data-e-type=\"widget\" data-widget_type=\"heading.default\">\n\t\t\t\t<div class=\"elementor-widget-container\">\n\t\t\t\t\t<h6 class=\"elementor-heading-title elementor-size-default\">Josef Kalt *24.8.1898<\/h6>\t\t\t\t<\/div>\n\t\t\t\t<\/div>\n\t\t\t\t<div class=\"elementor-element elementor-element-973784c elementor-widget elementor-widget-heading\" data-id=\"973784c\" data-element_type=\"widget\" data-e-type=\"widget\" data-widget_type=\"heading.default\">\n\t\t\t\t<div class=\"elementor-widget-container\">\n\t\t\t\t\t<h6 class=\"elementor-heading-title elementor-size-default\">Lilli Kalt *13.8.1933<\/h6>\t\t\t\t<\/div>\n\t\t\t\t<\/div>\n\t\t\t\t<div class=\"elementor-element elementor-element-becd498 elementor-widget elementor-widget-heading\" data-id=\"becd498\" data-element_type=\"widget\" data-e-type=\"widget\" data-widget_type=\"heading.default\">\n\t\t\t\t<div class=\"elementor-widget-container\">\n\t\t\t\t\t<h6 class=\"elementor-heading-title elementor-size-default\">Yakoov\/Jakob Kalt *1940<\/h6>\t\t\t\t<\/div>\n\t\t\t\t<\/div>\n\t\t\t\t<div class=\"elementor-element elementor-element-a1f4675 elementor-widget elementor-widget-heading\" data-id=\"a1f4675\" data-element_type=\"widget\" data-e-type=\"widget\" data-widget_type=\"heading.default\">\n\t\t\t\t<div class=\"elementor-widget-container\">\n\t\t\t\t\t<h6 class=\"elementor-heading-title elementor-size-default\">Rosa J\u00e4ger *Mai\/Juni 1886\u200b<\/h6>\t\t\t\t<\/div>\n\t\t\t\t<\/div>\n\t\t\t\t<div class=\"elementor-element elementor-element-7816154 elementor-widget elementor-widget-text-editor\" data-id=\"7816154\" data-element_type=\"widget\" data-e-type=\"widget\" data-widget_type=\"text-editor.default\">\n\t\t\t\t<div class=\"elementor-widget-container\">\n\t\t\t\t\t\t\t\t\t<p>Burgholzstr. 40, Do-Nord<\/p>\t\t\t\t\t\t\t\t<\/div>\n\t\t\t\t<\/div>\n\t\t\t\t<div class=\"elementor-element elementor-element-2287aa5 elementor-widget-divider--view-line elementor-widget elementor-widget-divider\" data-id=\"2287aa5\" data-element_type=\"widget\" data-e-type=\"widget\" data-widget_type=\"divider.default\">\n\t\t\t\t<div class=\"elementor-widget-container\">\n\t\t\t\t\t\t\t<div class=\"elementor-divider\">\n\t\t\t<span class=\"elementor-divider-separator\">\n\t\t\t\t\t\t<\/span>\n\t\t<\/div>\n\t\t\t\t\t\t<\/div>\n\t\t\t\t<\/div>\n\t\t\t\t<div class=\"elementor-element elementor-element-6e93a62 elementor-widget elementor-widget-button\" data-id=\"6e93a62\" data-element_type=\"widget\" data-e-type=\"widget\" data-widget_type=\"button.default\">\n\t\t\t\t<div class=\"elementor-widget-container\">\n\t\t\t\t\t\t\t\t\t<div class=\"elementor-button-wrapper\">\n\t\t\t\t\t<a class=\"elementor-button elementor-button-link elementor-size-sm\" href=\"\/karte\/?marker=23\">\n\t\t\t\t\t\t<span class=\"elementor-button-content-wrapper\">\n\t\t\t\t\t\t\t\t\t<span class=\"elementor-button-text\">Zur Karte<\/span>\n\t\t\t\t\t<\/span>\n\t\t\t\t\t<\/a>\n\t\t\t\t<\/div>\n\t\t\t\t\t\t\t\t<\/div>\n\t\t\t\t<\/div>\n\t\t\t\t<div class=\"elementor-element elementor-element-4cc4225 elementor-widget elementor-widget-text-editor\" data-id=\"4cc4225\" data-element_type=\"widget\" data-e-type=\"widget\" data-widget_type=\"text-editor.default\">\n\t\t\t\t<div class=\"elementor-widget-container\">\n\t\t\t\t\t\t\t\t\t<p><a href=\"https:\/\/juedisches-dortmund.de\/stolpersteine-liste\/\">\u2192 Zur\u00fcck zur Listen\u00fcbersicht<\/a><\/p>\t\t\t\t\t\t\t\t<\/div>\n\t\t\t\t<\/div>\n\t\t\t\t\t<\/div>\n\t\t<\/div>\n\t\t\t\t<div class=\"elementor-column elementor-col-66 elementor-top-column elementor-element elementor-element-6d6d2f9\" data-id=\"6d6d2f9\" data-element_type=\"column\" data-e-type=\"column\">\n\t\t\t<div class=\"elementor-widget-wrap elementor-element-populated\">\n\t\t\t\t\t\t<div class=\"elementor-element elementor-element-4ddda01 elementor-widget elementor-widget-text-editor\" data-id=\"4ddda01\" data-element_type=\"widget\" data-e-type=\"widget\" data-widget_type=\"text-editor.default\">\n\t\t\t\t<div class=\"elementor-widget-container\">\n\t\t\t\t\t\t\t\t\t<p>Familie J\u00e4ger stammt urspr\u00fcnglich aus Solotwina (heute Ukraine). Chaje J\u00e4ger scheint der Erste aus der Familie gewesen zu sein, der nach Dortmund kam. 1915 holte er seine Frau Esther und seine vier Kinder Chaim (*1901\/02), Lea (*1903), Rosa und David (*1908) nach.<\/p><p>Bis wann die Kinder bei ihren Eltern lebten, ist nicht gekl\u00e4rt. Gesichert ist jedoch, dass Chaim und Esther im Herbst 1939 in das \u201eJudenhaus\u201c in der Heiligegartenstra\u00dfe umgesiedelt wurden. Im Fr\u00fchjahr 1941 stand f\u00fcr sie nochmal ein Umzug in ein H\u00f6rder \u201eJudenhaus\u201c an, bevor sie 1942 schlie\u00dflich nach Theresienstadt deportiert wurden. Im Mai des darauffolgenden Jahres verstarb das Ehepaar dort.<\/p><p>Rosa J\u00e4ger heiratete 1931 Josef Kalt. Zwei Jahre sp\u00e4ter kam Tochter Lilli zur Welt. Josef hatte seit dem Ersten Weltkrieg die polnische Staatsb\u00fcrgerschaft inne, durch die Hochzeit wurde auch Rosa Polin. Im Oktober 1933 wurden Rosa und Josef mit der zwei Monate alten Lilli w\u00e4hrend der \u201ePolenaktion\u201c zur polnischen Grenze deportiert und zur Ausreise gezwungen.<br \/>Josefs Todesumst\u00e4nde sind ungekl\u00e4rt: Angeblich hatte er die Chance, zur Hausstandsaufl\u00f6sung nach Dortmund zur\u00fcck zu kehren. Auf dem Heimweg zu seiner Familie ist er eventuell beim Grenz\u00fcbertritt nach Polen verhaftet und in ein KZ \u00fcberstellt worden. Eine andere Quelle berichtet, er sei bereits in Dortmund verhaftet, in die Steinwache \u00fcberstellt und von dort aus ins KZ Sachsenhausen gebracht. Von dort aus sei er im M\u00e4rz 1942 in die Euthanasieanstalt Bernburg \u00fcberstellt und dort vergast worden.<\/p><p>Rosa wiederum bekam 1940 einen Sohn namens Yaakov\/Jakob, mit dem sie zu Verwandten in die heutige Ukraine zog. Vermutlich wurden sie, Lilli und Yaakov dort ermordet.<\/p><p>Die anderen Kinder der Familie \u00fcberlebten den Holocaust:<br \/>David zog bereits 1930 nach Pal\u00e4stina. Lea zog 1933 mit ihrem Mann Elias K\u00f6nigsberg und Sohn Robert nach Krakau und von dort nach Pal\u00e4stina.<br \/>Chaim blieb bis 1938 in Dortmund und emigrierte dann nach Belgien, vermutlich im Zuge der Reichskristallnacht. 1939 floh er von Belgien nach England, wo man ihn jedoch als \u201efeindlichen Ausl\u00e4nder\u201c internierte und nach Kanada schickte. 1942 kehrte er nach England zur\u00fcck.<\/p><p>Im Haus der Familie J\u00e4ger\/Kalt l\u00e4sst sich eine weitere Person mit dem Namen Rosa Kalt ausmachen, deren genaues Verh\u00e4ltnis zu den J\u00e4gers nicht gekl\u00e4rt ist.<\/p><p>Diese Rosa J\u00e4ger, ebenfalls geb\u00fcrtig in Solotwina, kam sp\u00e4testens 1915 nach Dortmund. Sie wohnte \u00fcber zehn Jahre gemeinsam mit Familie Chaim J\u00e4ger in der Burgholzstra\u00dfe. Dieser Umstand und ihr Geburtsort lassen auf eine Verwandtschaft mit Chaims Familie schlie\u00dfen.<\/p><p>Rosa wird in den Akten als \u201eH\u00e4ndlerin\u201c bezeichnet. Au\u00dferdem findet sich dort der Eintrag, sie sei Witwe. Ihr Mann verstarb vermutlich vor ihrer Ankunft in Dortmund.<\/p><p>Das genaue Schicksal Rosa J\u00e4gers l\u00e4sst sich heute nicht mehr genau rekonstruieren. Da ihre Staatsb\u00fcrgerschaft erst mit \u00f6sterreichisch und sp\u00e4ter polnisch angegeben wurde, wird sie als Opfer der \u201ePolenaktion\u201c und des Holocaust angesehen.<\/p>\t\t\t\t\t\t\t\t<\/div>\n\t\t\t\t<\/div>\n\t\t\t\t\t<\/div>\n\t\t<\/div>\n\t\t\t\t\t<\/div>\n\t\t<\/section>\n\t\t\t\t<\/div>\n\t\t","protected":false},"excerpt":{"rendered":"<p>Chaje J\u00e4ger *17.2.1872 Esther J\u00e4ger, geb. Weinrauch *Nov.1874 oder 77 Rosa Kalt, geb. J\u00e4ger *19.11.1906 Josef Kalt *24.8.1898 Lilli Kalt *13.8.1933 Yakoov\/Jakob Kalt *1940 Rosa J\u00e4ger *Mai\/Juni 1886\u200b Burgholzstr. 40, Do-Nord Zur Karte \u2192 Zur\u00fcck zur Listen\u00fcbersicht Familie J\u00e4ger stammt urspr\u00fcnglich aus Solotwina (heute Ukraine). Chaje J\u00e4ger scheint der Erste aus der Familie gewesen zu [&hellip;]<\/p>\n","protected":false},"author":2,"featured_media":0,"parent":0,"menu_order":0,"comment_status":"closed","ping_status":"closed","template":"elementor_header_footer","meta":{"inline_featured_image":false,"site-sidebar-layout":"no-sidebar","site-content-layout":"default","ast-site-content-layout":"default","site-content-style":"default","site-sidebar-style":"default","ast-global-header-display":"","ast-banner-title-visibility":"","ast-main-header-display":"","ast-hfb-above-header-display":"","ast-hfb-below-header-display":"","ast-hfb-mobile-header-display":"","site-post-title":"disabled","ast-breadcrumbs-content":"","ast-featured-img":"disabled","footer-sml-layout":"","ast-disable-related-posts":"","theme-transparent-header-meta":"default","adv-header-id-meta":"","stick-header-meta":"","header-above-stick-meta":"","header-main-stick-meta":"","header-below-stick-meta":"","astra-migrate-meta-layouts":"default","ast-page-background-enabled":"default","ast-page-background-meta":{"desktop":{"background-color":"","background-image":"","background-repeat":"repeat","background-position":"center center","background-size":"auto","background-attachment":"scroll","background-type":"","background-media":"","overlay-type":"","overlay-color":"","overlay-opacity":"","overlay-gradient":""},"tablet":{"background-color":"","background-image":"","background-repeat":"repeat","background-position":"center center","background-size":"auto","background-attachment":"scroll","background-type":"","background-media":"","overlay-type":"","overlay-color":"","overlay-opacity":"","overlay-gradient":""},"mobile":{"background-color":"","background-image":"","background-repeat":"repeat","background-position":"center center","background-size":"auto","background-attachment":"scroll","background-type":"","background-media":"","overlay-type":"","overlay-color":"","overlay-opacity":"","overlay-gradient":""}},"ast-content-background-meta":{"desktop":{"background-color":"var(--ast-global-color-5)","background-image":"","background-repeat":"repeat","background-position":"center center","background-size":"auto","background-attachment":"scroll","background-type":"","background-media":"","overlay-type":"","overlay-color":"","overlay-opacity":"","overlay-gradient":""},"tablet":{"background-color":"var(--ast-global-color-5)","background-image":"","background-repeat":"repeat","background-position":"center center","background-size":"auto","background-attachment":"scroll","background-type":"","background-media":"","overlay-type":"","overlay-color":"","overlay-opacity":"","overlay-gradient":""},"mobile":{"background-color":"var(--ast-global-color-5)","background-image":"","background-repeat":"repeat","background-position":"center center","background-size":"auto","background-attachment":"scroll","background-type":"","background-media":"","overlay-type":"","overlay-color":"","overlay-opacity":"","overlay-gradient":""}},"footnotes":""},"class_list":["post-5557","page","type-page","status-publish","hentry"],"yoast_head":"<!-- This site is optimized with the Yoast SEO plugin v27.2 - https:\/\/yoast.com\/product\/yoast-seo-wordpress\/ -->\n<title>kalt - J\u00fcdisches Dortmund | english<\/title>\n<meta name=\"robots\" content=\"index, follow, max-snippet:-1, max-image-preview:large, max-video-preview:-1\" \/>\n<link rel=\"canonical\" href=\"https:\/\/juedisches-dortmund.de\/en\/kalt\/\" \/>\n<meta property=\"og:locale\" content=\"de_DE\" \/>\n<meta property=\"og:type\" content=\"article\" \/>\n<meta property=\"og:title\" content=\"kalt - J\u00fcdisches Dortmund | english\" \/>\n<meta property=\"og:description\" content=\"Chaje J\u00e4ger *17.2.1872 Esther J\u00e4ger, geb. Weinrauch *Nov.1874 oder 77 Rosa Kalt, geb. J\u00e4ger *19.11.1906 Josef Kalt *24.8.1898 Lilli Kalt *13.8.1933 Yakoov\/Jakob Kalt *1940 Rosa J\u00e4ger *Mai\/Juni 1886\u200b Burgholzstr. 40, Do-Nord Zur Karte \u2192 Zur\u00fcck zur Listen\u00fcbersicht Familie J\u00e4ger stammt urspr\u00fcnglich aus Solotwina (heute Ukraine). Chaje J\u00e4ger scheint der Erste aus der Familie gewesen zu [&hellip;]\" \/>\n<meta property=\"og:url\" content=\"https:\/\/juedisches-dortmund.de\/en\/kalt\/\" \/>\n<meta property=\"og:site_name\" content=\"J\u00fcdisches Dortmund | english\" \/>\n<meta property=\"article:modified_time\" content=\"2021-05-06T14:08:58+00:00\" \/>\n<meta property=\"og:image\" content=\"https:\/\/juedisches-dortmund.de\/en\/wp-content\/uploads\/sites\/5\/2021\/03\/synagoge-Dortmund.jpg\" \/>\n\t<meta property=\"og:image:width\" content=\"980\" \/>\n\t<meta property=\"og:image:height\" content=\"709\" \/>\n\t<meta property=\"og:image:type\" content=\"image\/jpeg\" \/>\n<meta name=\"twitter:card\" content=\"summary_large_image\" \/>\n<meta name=\"twitter:label1\" content=\"Gesch\u00e4tzte Lesezeit\" \/>\n\t<meta name=\"twitter:data1\" content=\"3\u00a0Minuten\" \/>\n<script type=\"application\/ld+json\" class=\"yoast-schema-graph\">{\"@context\":\"https:\/\/schema.org\",\"@graph\":[{\"@type\":\"WebPage\",\"@id\":\"https:\/\/juedisches-dortmund.de\/en\/kalt\/\",\"url\":\"https:\/\/juedisches-dortmund.de\/en\/kalt\/\",\"name\":\"kalt - J\u00fcdisches Dortmund | english\",\"isPartOf\":{\"@id\":\"https:\/\/juedisches-dortmund.de\/en\/#website\"},\"datePublished\":\"2021-04-27T07:34:26+00:00\",\"dateModified\":\"2021-05-06T14:08:58+00:00\",\"breadcrumb\":{\"@id\":\"https:\/\/juedisches-dortmund.de\/en\/kalt\/#breadcrumb\"},\"inLanguage\":\"de\",\"potentialAction\":[{\"@type\":\"ReadAction\",\"target\":[\"https:\/\/juedisches-dortmund.de\/en\/kalt\/\"]}]},{\"@type\":\"BreadcrumbList\",\"@id\":\"https:\/\/juedisches-dortmund.de\/en\/kalt\/#breadcrumb\",\"itemListElement\":[{\"@type\":\"ListItem\",\"position\":1,\"name\":\"Startseite\",\"item\":\"https:\/\/juedisches-dortmund.de\/en\/\"},{\"@type\":\"ListItem\",\"position\":2,\"name\":\"kalt\"}]},{\"@type\":\"WebSite\",\"@id\":\"https:\/\/juedisches-dortmund.de\/en\/#website\",\"url\":\"https:\/\/juedisches-dortmund.de\/en\/\",\"name\":\"J\u00fcdisches Dortmund | english\",\"description\":\"\",\"publisher\":{\"@id\":\"https:\/\/juedisches-dortmund.de\/en\/#organization\"},\"potentialAction\":[{\"@type\":\"SearchAction\",\"target\":{\"@type\":\"EntryPoint\",\"urlTemplate\":\"https:\/\/juedisches-dortmund.de\/en\/?s={search_term_string}\"},\"query-input\":{\"@type\":\"PropertyValueSpecification\",\"valueRequired\":true,\"valueName\":\"search_term_string\"}}],\"inLanguage\":\"de\"},{\"@type\":\"Organization\",\"@id\":\"https:\/\/juedisches-dortmund.de\/en\/#organization\",\"name\":\"J\u00fcdisches Dortmund | english\",\"url\":\"https:\/\/juedisches-dortmund.de\/en\/\",\"logo\":{\"@type\":\"ImageObject\",\"inLanguage\":\"de\",\"@id\":\"https:\/\/juedisches-dortmund.de\/en\/#\/schema\/logo\/image\/\",\"url\":\"https:\/\/juedisches-dortmund.de\/en\/wp-content\/uploads\/sites\/5\/2021\/03\/cropped-logo-height240.png\",\"contentUrl\":\"https:\/\/juedisches-dortmund.de\/en\/wp-content\/uploads\/sites\/5\/2021\/03\/cropped-logo-height240.png\",\"width\":419,\"height\":240,\"caption\":\"J\u00fcdisches Dortmund | english\"},\"image\":{\"@id\":\"https:\/\/juedisches-dortmund.de\/en\/#\/schema\/logo\/image\/\"}}]}<\/script>\n<!-- \/ Yoast SEO plugin. -->","yoast_head_json":{"title":"kalt - J\u00fcdisches Dortmund | english","robots":{"index":"index","follow":"follow","max-snippet":"max-snippet:-1","max-image-preview":"max-image-preview:large","max-video-preview":"max-video-preview:-1"},"canonical":"https:\/\/juedisches-dortmund.de\/en\/kalt\/","og_locale":"de_DE","og_type":"article","og_title":"kalt - J\u00fcdisches Dortmund | english","og_description":"Chaje J\u00e4ger *17.2.1872 Esther J\u00e4ger, geb. Weinrauch *Nov.1874 oder 77 Rosa Kalt, geb. J\u00e4ger *19.11.1906 Josef Kalt *24.8.1898 Lilli Kalt *13.8.1933 Yakoov\/Jakob Kalt *1940 Rosa J\u00e4ger *Mai\/Juni 1886\u200b Burgholzstr. 40, Do-Nord Zur Karte \u2192 Zur\u00fcck zur Listen\u00fcbersicht Familie J\u00e4ger stammt urspr\u00fcnglich aus Solotwina (heute Ukraine). Chaje J\u00e4ger scheint der Erste aus der Familie gewesen zu [&hellip;]","og_url":"https:\/\/juedisches-dortmund.de\/en\/kalt\/","og_site_name":"J\u00fcdisches Dortmund | english","article_modified_time":"2021-05-06T14:08:58+00:00","og_image":[{"width":980,"height":709,"url":"https:\/\/juedisches-dortmund.de\/en\/wp-content\/uploads\/sites\/5\/2021\/03\/synagoge-Dortmund.jpg","type":"image\/jpeg"}],"twitter_card":"summary_large_image","twitter_misc":{"Gesch\u00e4tzte Lesezeit":"3\u00a0Minuten"},"schema":{"@context":"https:\/\/schema.org","@graph":[{"@type":"WebPage","@id":"https:\/\/juedisches-dortmund.de\/en\/kalt\/","url":"https:\/\/juedisches-dortmund.de\/en\/kalt\/","name":"kalt - J\u00fcdisches Dortmund | english","isPartOf":{"@id":"https:\/\/juedisches-dortmund.de\/en\/#website"},"datePublished":"2021-04-27T07:34:26+00:00","dateModified":"2021-05-06T14:08:58+00:00","breadcrumb":{"@id":"https:\/\/juedisches-dortmund.de\/en\/kalt\/#breadcrumb"},"inLanguage":"de","potentialAction":[{"@type":"ReadAction","target":["https:\/\/juedisches-dortmund.de\/en\/kalt\/"]}]},{"@type":"BreadcrumbList","@id":"https:\/\/juedisches-dortmund.de\/en\/kalt\/#breadcrumb","itemListElement":[{"@type":"ListItem","position":1,"name":"Startseite","item":"https:\/\/juedisches-dortmund.de\/en\/"},{"@type":"ListItem","position":2,"name":"kalt"}]},{"@type":"WebSite","@id":"https:\/\/juedisches-dortmund.de\/en\/#website","url":"https:\/\/juedisches-dortmund.de\/en\/","name":"J\u00fcdisches Dortmund | english","description":"","publisher":{"@id":"https:\/\/juedisches-dortmund.de\/en\/#organization"},"potentialAction":[{"@type":"SearchAction","target":{"@type":"EntryPoint","urlTemplate":"https:\/\/juedisches-dortmund.de\/en\/?s={search_term_string}"},"query-input":{"@type":"PropertyValueSpecification","valueRequired":true,"valueName":"search_term_string"}}],"inLanguage":"de"},{"@type":"Organization","@id":"https:\/\/juedisches-dortmund.de\/en\/#organization","name":"J\u00fcdisches Dortmund | english","url":"https:\/\/juedisches-dortmund.de\/en\/","logo":{"@type":"ImageObject","inLanguage":"de","@id":"https:\/\/juedisches-dortmund.de\/en\/#\/schema\/logo\/image\/","url":"https:\/\/juedisches-dortmund.de\/en\/wp-content\/uploads\/sites\/5\/2021\/03\/cropped-logo-height240.png","contentUrl":"https:\/\/juedisches-dortmund.de\/en\/wp-content\/uploads\/sites\/5\/2021\/03\/cropped-logo-height240.png","width":419,"height":240,"caption":"J\u00fcdisches Dortmund | english"},"image":{"@id":"https:\/\/juedisches-dortmund.de\/en\/#\/schema\/logo\/image\/"}}]}},"_links":{"self":[{"href":"https:\/\/juedisches-dortmund.de\/en\/wp-json\/wp\/v2\/pages\/5557","targetHints":{"allow":["GET"]}}],"collection":[{"href":"https:\/\/juedisches-dortmund.de\/en\/wp-json\/wp\/v2\/pages"}],"about":[{"href":"https:\/\/juedisches-dortmund.de\/en\/wp-json\/wp\/v2\/types\/page"}],"author":[{"embeddable":true,"href":"https:\/\/juedisches-dortmund.de\/en\/wp-json\/wp\/v2\/users\/2"}],"replies":[{"embeddable":true,"href":"https:\/\/juedisches-dortmund.de\/en\/wp-json\/wp\/v2\/comments?post=5557"}],"version-history":[{"count":22,"href":"https:\/\/juedisches-dortmund.de\/en\/wp-json\/wp\/v2\/pages\/5557\/revisions"}],"predecessor-version":[{"id":8601,"href":"https:\/\/juedisches-dortmund.de\/en\/wp-json\/wp\/v2\/pages\/5557\/revisions\/8601"}],"wp:attachment":[{"href":"https:\/\/juedisches-dortmund.de\/en\/wp-json\/wp\/v2\/media?parent=5557"}],"curies":[{"name":"wp","href":"https:\/\/api.w.org\/{rel}","templated":true}]}}