{"id":4979,"date":"2021-04-25T13:37:13","date_gmt":"2021-04-25T11:37:13","guid":{"rendered":"https:\/\/wp-staging-1.juedisches-dortmund.de\/?page_id=4979"},"modified":"2022-04-12T14:12:33","modified_gmt":"2022-04-12T12:12:33","slug":"judische-volksschule","status":"publish","type":"page","link":"https:\/\/juedisches-dortmund.de\/en\/judische-volksschule\/","title":{"rendered":"J\u00fcdische Volksschule"},"content":{"rendered":"\t\t<div data-elementor-type=\"wp-page\" data-elementor-id=\"4979\" class=\"elementor elementor-4979\">\n\t\t\t\t\t\t<section class=\"elementor-section elementor-top-section elementor-element elementor-element-5abee3e elementor-section-boxed elementor-section-height-default elementor-section-height-default\" data-id=\"5abee3e\" data-element_type=\"section\" data-e-type=\"section\">\n\t\t\t\t\t\t<div class=\"elementor-container elementor-column-gap-default\">\n\t\t\t\t\t<div class=\"elementor-column elementor-col-100 elementor-top-column elementor-element elementor-element-407265a\" data-id=\"407265a\" data-element_type=\"column\" data-e-type=\"column\">\n\t\t\t<div class=\"elementor-widget-wrap elementor-element-populated\">\n\t\t\t\t\t\t<div class=\"elementor-element elementor-element-01a9f14 elementor-widget elementor-widget-spacer\" data-id=\"01a9f14\" data-element_type=\"widget\" data-e-type=\"widget\" data-widget_type=\"spacer.default\">\n\t\t\t\t<div class=\"elementor-widget-container\">\n\t\t\t\t\t\t\t<div class=\"elementor-spacer\">\n\t\t\t<div class=\"elementor-spacer-inner\"><\/div>\n\t\t<\/div>\n\t\t\t\t\t\t<\/div>\n\t\t\t\t<\/div>\n\t\t\t\t\t<\/div>\n\t\t<\/div>\n\t\t\t\t\t<\/div>\n\t\t<\/section>\n\t\t\t\t<section class=\"elementor-section elementor-top-section elementor-element elementor-element-d804929 elementor-section-boxed elementor-section-height-default elementor-section-height-default\" data-id=\"d804929\" data-element_type=\"section\" data-e-type=\"section\">\n\t\t\t\t\t\t<div class=\"elementor-container elementor-column-gap-wider\">\n\t\t\t\t\t<div class=\"elementor-column elementor-col-50 elementor-top-column elementor-element elementor-element-f3097e8\" data-id=\"f3097e8\" data-element_type=\"column\" data-e-type=\"column\">\n\t\t\t<div class=\"elementor-widget-wrap elementor-element-populated\">\n\t\t\t\t\t\t<div class=\"elementor-element elementor-element-01e07f3 elementor-widget elementor-widget-image\" data-id=\"01e07f3\" data-element_type=\"widget\" data-e-type=\"widget\" data-widget_type=\"image.default\">\n\t\t\t\t<div class=\"elementor-widget-container\">\n\t\t\t\t\t\t\t\t\t\t\t\t<figure class=\"wp-caption\">\n\t\t\t\t\t\t\t\t\t\t\t<a href=\"https:\/\/juedisches-dortmund.de\/wp-content\/uploads\/2021\/04\/Kollegium-der-juedischen-Volksschule_web.jpg\" data-elementor-open-lightbox=\"yes\" data-elementor-lightbox-title=\"Kollegium-der-juedischen-Volksschule_web\" data-e-action-hash=\"#elementor-action%3Aaction%3Dlightbox%26settings%3DeyJpZCI6NDk4NywidXJsIjoiaHR0cHM6XC9cL2p1ZWRpc2NoZXMtZG9ydG11bmQuZGVcL2VuXC93cC1jb250ZW50XC91cGxvYWRzXC9zaXRlc1wvNVwvMjAyMVwvMDRcL0tvbGxlZ2l1bS1kZXItanVlZGlzY2hlbi1Wb2xrc3NjaHVsZV93ZWIuanBnIn0%3D\">\n\t\t\t\t\t\t\t<img fetchpriority=\"high\" decoding=\"async\" width=\"1024\" height=\"683\" src=\"https:\/\/juedisches-dortmund.de\/en\/wp-content\/uploads\/sites\/5\/2021\/04\/Kollegium-der-juedischen-Volksschule_web-1024x683.jpg\" class=\"attachment-large size-large wp-image-4987\" alt=\"Kollegium der juedischen Volksschule\" srcset=\"https:\/\/juedisches-dortmund.de\/en\/wp-content\/uploads\/sites\/5\/2021\/04\/Kollegium-der-juedischen-Volksschule_web-1024x683.jpg 1024w, https:\/\/juedisches-dortmund.de\/en\/wp-content\/uploads\/sites\/5\/2021\/04\/Kollegium-der-juedischen-Volksschule_web-300x200.jpg 300w, https:\/\/juedisches-dortmund.de\/en\/wp-content\/uploads\/sites\/5\/2021\/04\/Kollegium-der-juedischen-Volksschule_web-768x512.jpg 768w, https:\/\/juedisches-dortmund.de\/en\/wp-content\/uploads\/sites\/5\/2021\/04\/Kollegium-der-juedischen-Volksschule_web-391x260.jpg 391w, https:\/\/juedisches-dortmund.de\/en\/wp-content\/uploads\/sites\/5\/2021\/04\/Kollegium-der-juedischen-Volksschule_web.jpg 1200w\" sizes=\"(max-width: 1024px) 100vw, 1024px\" \/>\t\t\t\t\t\t\t\t<\/a>\n\t\t\t\t\t\t\t\t\t\t\t<figcaption class=\"widget-image-caption wp-caption-text\">The teaching staff at the Jewish school: From left to right, standing: Simon Gr\u00fcnewald, Wilhelm Buchheim (headmaster), David Stern; sitting: Samuel Friedmann, Alice Schanzer, Meier Andorn, Helma Schanzer, Siegmund Nussbaum Headmaster Buchheim and teacher David Stern succeeded in emigrating, the other staff members were deported and killed.<\/figcaption>\n\t\t\t\t\t\t\t\t\t\t<\/figure>\n\t\t\t\t\t\t\t\t\t<\/div>\n\t\t\t\t<\/div>\n\t\t\t\t<div class=\"elementor-element elementor-element-e5d00d3 elementor-widget elementor-widget-image\" data-id=\"e5d00d3\" data-element_type=\"widget\" data-e-type=\"widget\" data-widget_type=\"image.default\">\n\t\t\t\t<div class=\"elementor-widget-container\">\n\t\t\t\t\t\t\t\t\t\t\t\t<figure class=\"wp-caption\">\n\t\t\t\t\t\t\t\t\t\t\t<a href=\"https:\/\/juedisches-dortmund.de\/wp-content\/uploads\/2021\/04\/Garten-der-juedichen-Schule-in-der-Lindenstrasse_web.jpg\" data-elementor-open-lightbox=\"yes\" data-elementor-lightbox-title=\"Garten-der-juedichen-Schule-in-der-Lindenstra\u00dfe\" data-e-action-hash=\"#elementor-action%3Aaction%3Dlightbox%26settings%3DeyJpZCI6NDk4NiwidXJsIjoiaHR0cHM6XC9cL2p1ZWRpc2NoZXMtZG9ydG11bmQuZGVcL2VuXC93cC1jb250ZW50XC91cGxvYWRzXC9zaXRlc1wvNVwvMjAyMVwvMDRcL0dhcnRlbi1kZXItanVlZGljaGVuLVNjaHVsZS1pbi1kZXItTGluZGVuc3RyYXNzZV93ZWIuanBnIn0%3D\">\n\t\t\t\t\t\t\t<img decoding=\"async\" width=\"841\" height=\"580\" src=\"https:\/\/juedisches-dortmund.de\/en\/wp-content\/uploads\/sites\/5\/2021\/04\/Garten-der-juedichen-Schule-in-der-Lindenstrasse_web.jpg\" class=\"attachment-large size-large wp-image-4986\" alt=\"Garten-der-juedichen-Schule-in-der-Lindenstra\u00dfe\" srcset=\"https:\/\/juedisches-dortmund.de\/en\/wp-content\/uploads\/sites\/5\/2021\/04\/Garten-der-juedichen-Schule-in-der-Lindenstrasse_web.jpg 841w, https:\/\/juedisches-dortmund.de\/en\/wp-content\/uploads\/sites\/5\/2021\/04\/Garten-der-juedichen-Schule-in-der-Lindenstrasse_web-300x207.jpg 300w, https:\/\/juedisches-dortmund.de\/en\/wp-content\/uploads\/sites\/5\/2021\/04\/Garten-der-juedichen-Schule-in-der-Lindenstrasse_web-768x530.jpg 768w\" sizes=\"(max-width: 841px) 100vw, 841px\" \/>\t\t\t\t\t\t\t\t<\/a>\n\t\t\t\t\t\t\t\t\t\t\t<figcaption class=\"widget-image-caption wp-caption-text\">Garden of the Jewish school at Lindenstrasse 51<\/figcaption>\n\t\t\t\t\t\t\t\t\t\t<\/figure>\n\t\t\t\t\t\t\t\t\t<\/div>\n\t\t\t\t<\/div>\n\t\t\t\t<div class=\"elementor-element elementor-element-4ad55a8 elementor-widget elementor-widget-button\" data-id=\"4ad55a8\" data-element_type=\"widget\" data-e-type=\"widget\" data-widget_type=\"button.default\">\n\t\t\t\t<div class=\"elementor-widget-container\">\n\t\t\t\t\t\t\t\t\t<div class=\"elementor-button-wrapper\">\n\t\t\t\t\t<a class=\"elementor-button elementor-button-link elementor-size-sm\" href=\"\/en\/karte\/?marker=1439\">\n\t\t\t\t\t\t<span class=\"elementor-button-content-wrapper\">\n\t\t\t\t\t\t\t\t\t<span class=\"elementor-button-text\">map<\/span>\n\t\t\t\t\t<\/span>\n\t\t\t\t\t<\/a>\n\t\t\t\t<\/div>\n\t\t\t\t\t\t\t\t<\/div>\n\t\t\t\t<\/div>\n\t\t\t\t\t<\/div>\n\t\t<\/div>\n\t\t\t\t<div class=\"elementor-column elementor-col-50 elementor-top-column elementor-element elementor-element-638495a\" data-id=\"638495a\" data-element_type=\"column\" data-e-type=\"column\">\n\t\t\t<div class=\"elementor-widget-wrap elementor-element-populated\">\n\t\t\t\t\t\t<div class=\"elementor-element elementor-element-9c1f75d elementor-widget elementor-widget-text-editor\" data-id=\"9c1f75d\" data-element_type=\"widget\" data-e-type=\"widget\" data-widget_type=\"text-editor.default\">\n\t\t\t\t<div class=\"elementor-widget-container\">\n\t\t\t\t\t\t\t\t\t<h2>Jewish elementary school<\/h2><p>From 1840 onwards, there was a privately run Jewish elementary school in Dortmund, employing two teachers. In that year, the city was home to around 100 Jews. After inauguration of the initial synagogue at its location on W\u00fcstenhof in 1854 and growth in the size of the community to over 300 souls, the school was elevated in 1858 to the status of a Jewish public school.<br \/><br \/>After various changes of location, the pupils of the small school were able to move in 1889 to a new building at Kampstrasse No. 14. By the year 1900, the city\u2019s Jewish population had grown to around 2,000 people, with the result that in that year, the school governors added a fourth class. In 1904, the city itself took over the funding and overall responsibility for the school. However, some of the assimilated Jewish citizens chose not to send their children to the Jewish elementary school but to municipal or Christian denominational schools instead. By 1930, the number of pupils had grown to over 300, and were now being taught in eight classes. The building not being designed for so many pupils, the school was transferred in that year to the Wehrhahn School, located at nearby Lindenstrasse No. 51, where the pupils were also able to engage in gardening. In 1932, in addition to headmaster Wilhelm Buchheim, the teaching staff comprised seven teachers.<\/p>\t\t\t\t\t\t\t\t<\/div>\n\t\t\t\t<\/div>\n\t\t\t\t<section class=\"elementor-section elementor-inner-section elementor-element elementor-element-840cb9b elementor-section-boxed elementor-section-height-default elementor-section-height-default\" data-id=\"840cb9b\" data-element_type=\"section\" data-e-type=\"section\">\n\t\t\t\t\t\t<div class=\"elementor-container elementor-column-gap-default\">\n\t\t\t\t\t<div class=\"elementor-column elementor-col-50 elementor-inner-column elementor-element elementor-element-8cdc2a2\" data-id=\"8cdc2a2\" data-element_type=\"column\" data-e-type=\"column\">\n\t\t\t<div class=\"elementor-widget-wrap elementor-element-populated\">\n\t\t\t\t\t\t<div class=\"elementor-element elementor-element-a1e3c59 elementor-widget elementor-widget-image\" data-id=\"a1e3c59\" data-element_type=\"widget\" data-e-type=\"widget\" data-widget_type=\"image.default\">\n\t\t\t\t<div class=\"elementor-widget-container\">\n\t\t\t\t\t\t\t\t\t\t\t\t<figure class=\"wp-caption\">\n\t\t\t\t\t\t\t\t\t\t\t<a href=\"https:\/\/juedisches-dortmund.de\/wp-content\/uploads\/2021\/04\/Schule-Lindenstrasse-51-1930-37-juedische-Volksschule-web.jpg\" data-elementor-open-lightbox=\"yes\" data-elementor-lightbox-title=\"Schule-Lindenstra\u00dfe-51-1930-37-juedische-Volksschule-web\" data-e-action-hash=\"#elementor-action%3Aaction%3Dlightbox%26settings%3DeyJpZCI6NjgwNiwidXJsIjoiaHR0cHM6XC9cL2p1ZWRpc2NoZXMtZG9ydG11bmQuZGVcL2VuXC93cC1jb250ZW50XC91cGxvYWRzXC9zaXRlc1wvNVwvMjAyMVwvMDRcL1NjaHVsZS1MaW5kZW5zdHJhc3NlLTUxLTE5MzAtMzctanVlZGlzY2hlLVZvbGtzc2NodWxlLXdlYi5qcGcifQ%3D%3D\">\n\t\t\t\t\t\t\t<img decoding=\"async\" width=\"600\" height=\"436\" src=\"https:\/\/juedisches-dortmund.de\/en\/wp-content\/uploads\/sites\/5\/2021\/04\/Schule-Lindenstrasse-51-1930-37-juedische-Volksschule-web.jpg\" class=\"attachment-large size-large wp-image-6806\" alt=\"Fotografie mit Beschriftung 1903 Schule Lindenstra\u00dfe\" srcset=\"https:\/\/juedisches-dortmund.de\/en\/wp-content\/uploads\/sites\/5\/2021\/04\/Schule-Lindenstrasse-51-1930-37-juedische-Volksschule-web.jpg 600w, https:\/\/juedisches-dortmund.de\/en\/wp-content\/uploads\/sites\/5\/2021\/04\/Schule-Lindenstrasse-51-1930-37-juedische-Volksschule-web-300x218.jpg 300w\" sizes=\"(max-width: 600px) 100vw, 600px\" \/>\t\t\t\t\t\t\t\t<\/a>\n\t\t\t\t\t\t\t\t\t\t\t<figcaption class=\"widget-image-caption wp-caption-text\">Geb\u00e4ude Lindenstra\u00dfe 51a. Von 1930-1937 Sitz der j\u00fcdischen Schule.<\/figcaption>\n\t\t\t\t\t\t\t\t\t\t<\/figure>\n\t\t\t\t\t\t\t\t\t<\/div>\n\t\t\t\t<\/div>\n\t\t\t\t\t<\/div>\n\t\t<\/div>\n\t\t\t\t<div class=\"elementor-column elementor-col-50 elementor-inner-column elementor-element elementor-element-70ca6d9\" data-id=\"70ca6d9\" data-element_type=\"column\" data-e-type=\"column\">\n\t\t\t<div class=\"elementor-widget-wrap\">\n\t\t\t\t\t\t\t<\/div>\n\t\t<\/div>\n\t\t\t\t\t<\/div>\n\t\t<\/section>\n\t\t\t\t\t<\/div>\n\t\t<\/div>\n\t\t\t\t\t<\/div>\n\t\t<\/section>\n\t\t\t\t<\/div>\n\t\t","protected":false},"excerpt":{"rendered":"<p>The teaching staff at the Jewish school: From left to right, standing: Simon Gr\u00fcnewald, Wilhelm Buchheim (headmaster), David Stern; sitting: Samuel Friedmann, Alice Schanzer, Meier Andorn, Helma Schanzer, Siegmund Nussbaum Headmaster Buchheim and teacher David Stern succeeded in emigrating, the other staff members were deported and killed. Garden of the Jewish school at Lindenstrasse 51 [&hellip;]<\/p>\n","protected":false},"author":2,"featured_media":0,"parent":0,"menu_order":0,"comment_status":"closed","ping_status":"closed","template":"","meta":{"inline_featured_image":false,"site-sidebar-layout":"no-sidebar","site-content-layout":"default","ast-site-content-layout":"default","site-content-style":"default","site-sidebar-style":"default","ast-global-header-display":"","ast-banner-title-visibility":"","ast-main-header-display":"","ast-hfb-above-header-display":"","ast-hfb-below-header-display":"","ast-hfb-mobile-header-display":"","site-post-title":"disabled","ast-breadcrumbs-content":"","ast-featured-img":"disabled","footer-sml-layout":"","ast-disable-related-posts":"","theme-transparent-header-meta":"default","adv-header-id-meta":"","stick-header-meta":"","header-above-stick-meta":"","header-main-stick-meta":"","header-below-stick-meta":"","astra-migrate-meta-layouts":"default","ast-page-background-enabled":"default","ast-page-background-meta":{"desktop":{"background-color":"","background-image":"","background-repeat":"repeat","background-position":"center center","background-size":"auto","background-attachment":"scroll","background-type":"","background-media":"","overlay-type":"","overlay-color":"","overlay-opacity":"","overlay-gradient":""},"tablet":{"background-color":"","background-image":"","background-repeat":"repeat","background-position":"center center","background-size":"auto","background-attachment":"scroll","background-type":"","background-media":"","overlay-type":"","overlay-color":"","overlay-opacity":"","overlay-gradient":""},"mobile":{"background-color":"","background-image":"","background-repeat":"repeat","background-position":"center center","background-size":"auto","background-attachment":"scroll","background-type":"","background-media":"","overlay-type":"","overlay-color":"","overlay-opacity":"","overlay-gradient":""}},"ast-content-background-meta":{"desktop":{"background-color":"var(--ast-global-color-5)","background-image":"","background-repeat":"repeat","background-position":"center center","background-size":"auto","background-attachment":"scroll","background-type":"","background-media":"","overlay-type":"","overlay-color":"","overlay-opacity":"","overlay-gradient":""},"tablet":{"background-color":"var(--ast-global-color-5)","background-image":"","background-repeat":"repeat","background-position":"center center","background-size":"auto","background-attachment":"scroll","background-type":"","background-media":"","overlay-type":"","overlay-color":"","overlay-opacity":"","overlay-gradient":""},"mobile":{"background-color":"var(--ast-global-color-5)","background-image":"","background-repeat":"repeat","background-position":"center center","background-size":"auto","background-attachment":"scroll","background-type":"","background-media":"","overlay-type":"","overlay-color":"","overlay-opacity":"","overlay-gradient":""}},"footnotes":""},"class_list":["post-4979","page","type-page","status-publish","hentry"],"yoast_head":"<!-- This site is optimized with the Yoast SEO plugin v27.2 - https:\/\/yoast.com\/product\/yoast-seo-wordpress\/ -->\n<title>J\u00fcdische Volksschule - J\u00fcdisches Dortmund | english<\/title>\n<meta name=\"robots\" content=\"index, follow, max-snippet:-1, max-image-preview:large, max-video-preview:-1\" \/>\n<link rel=\"canonical\" href=\"https:\/\/juedisches-dortmund.de\/en\/judische-volksschule\/\" \/>\n<meta property=\"og:locale\" content=\"de_DE\" \/>\n<meta property=\"og:type\" content=\"article\" \/>\n<meta property=\"og:title\" content=\"J\u00fcdische Volksschule - J\u00fcdisches Dortmund | english\" \/>\n<meta property=\"og:description\" content=\"The teaching staff at the Jewish school: From left to right, standing: Simon Gr\u00fcnewald, Wilhelm Buchheim (headmaster), David Stern; sitting: Samuel Friedmann, Alice Schanzer, Meier Andorn, Helma Schanzer, Siegmund Nussbaum Headmaster Buchheim and teacher David Stern succeeded in emigrating, the other staff members were deported and killed. Garden of the Jewish school at Lindenstrasse 51 [&hellip;]\" \/>\n<meta property=\"og:url\" content=\"https:\/\/juedisches-dortmund.de\/en\/judische-volksschule\/\" \/>\n<meta property=\"og:site_name\" content=\"J\u00fcdisches Dortmund | english\" \/>\n<meta property=\"article:modified_time\" content=\"2022-04-12T12:12:33+00:00\" \/>\n<meta property=\"og:image\" content=\"https:\/\/juedisches-dortmund.de\/en\/wp-content\/uploads\/sites\/5\/2021\/04\/Kollegium-der-juedischen-Volksschule_web-1024x683.jpg\" \/>\n<meta name=\"twitter:card\" content=\"summary_large_image\" \/>\n<meta name=\"twitter:label1\" content=\"Gesch\u00e4tzte Lesezeit\" \/>\n\t<meta name=\"twitter:data1\" content=\"3\u00a0Minuten\" \/>\n<script type=\"application\/ld+json\" class=\"yoast-schema-graph\">{\"@context\":\"https:\/\/schema.org\",\"@graph\":[{\"@type\":\"WebPage\",\"@id\":\"https:\/\/juedisches-dortmund.de\/en\/judische-volksschule\/\",\"url\":\"https:\/\/juedisches-dortmund.de\/en\/judische-volksschule\/\",\"name\":\"J\u00fcdische Volksschule - J\u00fcdisches Dortmund | english\",\"isPartOf\":{\"@id\":\"https:\/\/juedisches-dortmund.de\/en\/#website\"},\"primaryImageOfPage\":{\"@id\":\"https:\/\/juedisches-dortmund.de\/en\/judische-volksschule\/#primaryimage\"},\"image\":{\"@id\":\"https:\/\/juedisches-dortmund.de\/en\/judische-volksschule\/#primaryimage\"},\"thumbnailUrl\":\"https:\/\/juedisches-dortmund.de\/en\/wp-content\/uploads\/sites\/5\/2021\/04\/Kollegium-der-juedischen-Volksschule_web-1024x683.jpg\",\"datePublished\":\"2021-04-25T11:37:13+00:00\",\"dateModified\":\"2022-04-12T12:12:33+00:00\",\"breadcrumb\":{\"@id\":\"https:\/\/juedisches-dortmund.de\/en\/judische-volksschule\/#breadcrumb\"},\"inLanguage\":\"de\",\"potentialAction\":[{\"@type\":\"ReadAction\",\"target\":[\"https:\/\/juedisches-dortmund.de\/en\/judische-volksschule\/\"]}]},{\"@type\":\"ImageObject\",\"inLanguage\":\"de\",\"@id\":\"https:\/\/juedisches-dortmund.de\/en\/judische-volksschule\/#primaryimage\",\"url\":\"https:\/\/juedisches-dortmund.de\/en\/wp-content\/uploads\/sites\/5\/2021\/04\/Kollegium-der-juedischen-Volksschule_web.jpg\",\"contentUrl\":\"https:\/\/juedisches-dortmund.de\/en\/wp-content\/uploads\/sites\/5\/2021\/04\/Kollegium-der-juedischen-Volksschule_web.jpg\",\"width\":1200,\"height\":800,\"caption\":\"Kollegium der juedischen Volksschule\"},{\"@type\":\"BreadcrumbList\",\"@id\":\"https:\/\/juedisches-dortmund.de\/en\/judische-volksschule\/#breadcrumb\",\"itemListElement\":[{\"@type\":\"ListItem\",\"position\":1,\"name\":\"Startseite\",\"item\":\"https:\/\/juedisches-dortmund.de\/en\/\"},{\"@type\":\"ListItem\",\"position\":2,\"name\":\"J\u00fcdische Volksschule\"}]},{\"@type\":\"WebSite\",\"@id\":\"https:\/\/juedisches-dortmund.de\/en\/#website\",\"url\":\"https:\/\/juedisches-dortmund.de\/en\/\",\"name\":\"J\u00fcdisches Dortmund | english\",\"description\":\"\",\"publisher\":{\"@id\":\"https:\/\/juedisches-dortmund.de\/en\/#organization\"},\"potentialAction\":[{\"@type\":\"SearchAction\",\"target\":{\"@type\":\"EntryPoint\",\"urlTemplate\":\"https:\/\/juedisches-dortmund.de\/en\/?s={search_term_string}\"},\"query-input\":{\"@type\":\"PropertyValueSpecification\",\"valueRequired\":true,\"valueName\":\"search_term_string\"}}],\"inLanguage\":\"de\"},{\"@type\":\"Organization\",\"@id\":\"https:\/\/juedisches-dortmund.de\/en\/#organization\",\"name\":\"J\u00fcdisches Dortmund | english\",\"url\":\"https:\/\/juedisches-dortmund.de\/en\/\",\"logo\":{\"@type\":\"ImageObject\",\"inLanguage\":\"de\",\"@id\":\"https:\/\/juedisches-dortmund.de\/en\/#\/schema\/logo\/image\/\",\"url\":\"https:\/\/juedisches-dortmund.de\/en\/wp-content\/uploads\/sites\/5\/2021\/03\/cropped-logo-height240.png\",\"contentUrl\":\"https:\/\/juedisches-dortmund.de\/en\/wp-content\/uploads\/sites\/5\/2021\/03\/cropped-logo-height240.png\",\"width\":419,\"height\":240,\"caption\":\"J\u00fcdisches Dortmund | english\"},\"image\":{\"@id\":\"https:\/\/juedisches-dortmund.de\/en\/#\/schema\/logo\/image\/\"}}]}<\/script>\n<!-- \/ Yoast SEO plugin. -->","yoast_head_json":{"title":"J\u00fcdische Volksschule - J\u00fcdisches Dortmund | english","robots":{"index":"index","follow":"follow","max-snippet":"max-snippet:-1","max-image-preview":"max-image-preview:large","max-video-preview":"max-video-preview:-1"},"canonical":"https:\/\/juedisches-dortmund.de\/en\/judische-volksschule\/","og_locale":"de_DE","og_type":"article","og_title":"J\u00fcdische Volksschule - J\u00fcdisches Dortmund | english","og_description":"The teaching staff at the Jewish school: From left to right, standing: Simon Gr\u00fcnewald, Wilhelm Buchheim (headmaster), David Stern; sitting: Samuel Friedmann, Alice Schanzer, Meier Andorn, Helma Schanzer, Siegmund Nussbaum Headmaster Buchheim and teacher David Stern succeeded in emigrating, the other staff members were deported and killed. Garden of the Jewish school at Lindenstrasse 51 [&hellip;]","og_url":"https:\/\/juedisches-dortmund.de\/en\/judische-volksschule\/","og_site_name":"J\u00fcdisches Dortmund | english","article_modified_time":"2022-04-12T12:12:33+00:00","og_image":[{"url":"https:\/\/juedisches-dortmund.de\/en\/wp-content\/uploads\/sites\/5\/2021\/04\/Kollegium-der-juedischen-Volksschule_web-1024x683.jpg","type":"","width":"","height":""}],"twitter_card":"summary_large_image","twitter_misc":{"Gesch\u00e4tzte Lesezeit":"3\u00a0Minuten"},"schema":{"@context":"https:\/\/schema.org","@graph":[{"@type":"WebPage","@id":"https:\/\/juedisches-dortmund.de\/en\/judische-volksschule\/","url":"https:\/\/juedisches-dortmund.de\/en\/judische-volksschule\/","name":"J\u00fcdische Volksschule - J\u00fcdisches Dortmund | english","isPartOf":{"@id":"https:\/\/juedisches-dortmund.de\/en\/#website"},"primaryImageOfPage":{"@id":"https:\/\/juedisches-dortmund.de\/en\/judische-volksschule\/#primaryimage"},"image":{"@id":"https:\/\/juedisches-dortmund.de\/en\/judische-volksschule\/#primaryimage"},"thumbnailUrl":"https:\/\/juedisches-dortmund.de\/en\/wp-content\/uploads\/sites\/5\/2021\/04\/Kollegium-der-juedischen-Volksschule_web-1024x683.jpg","datePublished":"2021-04-25T11:37:13+00:00","dateModified":"2022-04-12T12:12:33+00:00","breadcrumb":{"@id":"https:\/\/juedisches-dortmund.de\/en\/judische-volksschule\/#breadcrumb"},"inLanguage":"de","potentialAction":[{"@type":"ReadAction","target":["https:\/\/juedisches-dortmund.de\/en\/judische-volksschule\/"]}]},{"@type":"ImageObject","inLanguage":"de","@id":"https:\/\/juedisches-dortmund.de\/en\/judische-volksschule\/#primaryimage","url":"https:\/\/juedisches-dortmund.de\/en\/wp-content\/uploads\/sites\/5\/2021\/04\/Kollegium-der-juedischen-Volksschule_web.jpg","contentUrl":"https:\/\/juedisches-dortmund.de\/en\/wp-content\/uploads\/sites\/5\/2021\/04\/Kollegium-der-juedischen-Volksschule_web.jpg","width":1200,"height":800,"caption":"Kollegium der juedischen Volksschule"},{"@type":"BreadcrumbList","@id":"https:\/\/juedisches-dortmund.de\/en\/judische-volksschule\/#breadcrumb","itemListElement":[{"@type":"ListItem","position":1,"name":"Startseite","item":"https:\/\/juedisches-dortmund.de\/en\/"},{"@type":"ListItem","position":2,"name":"J\u00fcdische Volksschule"}]},{"@type":"WebSite","@id":"https:\/\/juedisches-dortmund.de\/en\/#website","url":"https:\/\/juedisches-dortmund.de\/en\/","name":"J\u00fcdisches Dortmund | english","description":"","publisher":{"@id":"https:\/\/juedisches-dortmund.de\/en\/#organization"},"potentialAction":[{"@type":"SearchAction","target":{"@type":"EntryPoint","urlTemplate":"https:\/\/juedisches-dortmund.de\/en\/?s={search_term_string}"},"query-input":{"@type":"PropertyValueSpecification","valueRequired":true,"valueName":"search_term_string"}}],"inLanguage":"de"},{"@type":"Organization","@id":"https:\/\/juedisches-dortmund.de\/en\/#organization","name":"J\u00fcdisches Dortmund | english","url":"https:\/\/juedisches-dortmund.de\/en\/","logo":{"@type":"ImageObject","inLanguage":"de","@id":"https:\/\/juedisches-dortmund.de\/en\/#\/schema\/logo\/image\/","url":"https:\/\/juedisches-dortmund.de\/en\/wp-content\/uploads\/sites\/5\/2021\/03\/cropped-logo-height240.png","contentUrl":"https:\/\/juedisches-dortmund.de\/en\/wp-content\/uploads\/sites\/5\/2021\/03\/cropped-logo-height240.png","width":419,"height":240,"caption":"J\u00fcdisches Dortmund | english"},"image":{"@id":"https:\/\/juedisches-dortmund.de\/en\/#\/schema\/logo\/image\/"}}]}},"_links":{"self":[{"href":"https:\/\/juedisches-dortmund.de\/en\/wp-json\/wp\/v2\/pages\/4979","targetHints":{"allow":["GET"]}}],"collection":[{"href":"https:\/\/juedisches-dortmund.de\/en\/wp-json\/wp\/v2\/pages"}],"about":[{"href":"https:\/\/juedisches-dortmund.de\/en\/wp-json\/wp\/v2\/types\/page"}],"author":[{"embeddable":true,"href":"https:\/\/juedisches-dortmund.de\/en\/wp-json\/wp\/v2\/users\/2"}],"replies":[{"embeddable":true,"href":"https:\/\/juedisches-dortmund.de\/en\/wp-json\/wp\/v2\/comments?post=4979"}],"version-history":[{"count":90,"href":"https:\/\/juedisches-dortmund.de\/en\/wp-json\/wp\/v2\/pages\/4979\/revisions"}],"predecessor-version":[{"id":14803,"href":"https:\/\/juedisches-dortmund.de\/en\/wp-json\/wp\/v2\/pages\/4979\/revisions\/14803"}],"wp:attachment":[{"href":"https:\/\/juedisches-dortmund.de\/en\/wp-json\/wp\/v2\/media?parent=4979"}],"curies":[{"name":"wp","href":"https:\/\/api.w.org\/{rel}","templated":true}]}}