{"id":4597,"date":"2021-04-23T18:34:27","date_gmt":"2021-04-23T16:34:27","guid":{"rendered":"https:\/\/wp-staging-1.juedisches-dortmund.de\/?page_id=4597"},"modified":"2022-04-12T14:09:46","modified_gmt":"2022-04-12T12:09:46","slug":"der-ehemalige-judenturm","status":"publish","type":"page","link":"https:\/\/juedisches-dortmund.de\/en\/der-ehemalige-judenturm\/","title":{"rendered":"Der ehemalige Judenturm am Wall, H\u00f6he der Stra\u00dfe Olpe"},"content":{"rendered":"\t\t<div data-elementor-type=\"wp-page\" data-elementor-id=\"4597\" class=\"elementor elementor-4597\">\n\t\t\t\t\t\t<section class=\"elementor-section elementor-top-section elementor-element elementor-element-5abee3e elementor-section-boxed elementor-section-height-default elementor-section-height-default\" data-id=\"5abee3e\" data-element_type=\"section\" data-e-type=\"section\">\n\t\t\t\t\t\t<div class=\"elementor-container elementor-column-gap-default\">\n\t\t\t\t\t<div class=\"elementor-column elementor-col-100 elementor-top-column elementor-element elementor-element-407265a\" data-id=\"407265a\" data-element_type=\"column\" data-e-type=\"column\">\n\t\t\t<div class=\"elementor-widget-wrap elementor-element-populated\">\n\t\t\t\t\t\t<div class=\"elementor-element elementor-element-01a9f14 elementor-widget elementor-widget-spacer\" data-id=\"01a9f14\" data-element_type=\"widget\" data-e-type=\"widget\" data-widget_type=\"spacer.default\">\n\t\t\t\t<div class=\"elementor-widget-container\">\n\t\t\t\t\t\t\t<div class=\"elementor-spacer\">\n\t\t\t<div class=\"elementor-spacer-inner\"><\/div>\n\t\t<\/div>\n\t\t\t\t\t\t<\/div>\n\t\t\t\t<\/div>\n\t\t\t\t\t<\/div>\n\t\t<\/div>\n\t\t\t\t\t<\/div>\n\t\t<\/section>\n\t\t\t\t<section class=\"elementor-section elementor-top-section elementor-element elementor-element-34a890c elementor-section-boxed elementor-section-height-default elementor-section-height-default\" data-id=\"34a890c\" data-element_type=\"section\" data-e-type=\"section\">\n\t\t\t\t\t\t<div class=\"elementor-container elementor-column-gap-wider\">\n\t\t\t\t\t<div class=\"elementor-column elementor-col-33 elementor-top-column elementor-element elementor-element-6ba8b43\" data-id=\"6ba8b43\" data-element_type=\"column\" data-e-type=\"column\">\n\t\t\t<div class=\"elementor-widget-wrap elementor-element-populated\">\n\t\t\t\t\t\t<div class=\"elementor-element elementor-element-01e07f3 elementor-widget elementor-widget-image\" data-id=\"01e07f3\" data-element_type=\"widget\" data-e-type=\"widget\" data-widget_type=\"image.default\">\n\t\t\t\t<div class=\"elementor-widget-container\">\n\t\t\t\t\t\t\t\t\t\t\t\t<figure class=\"wp-caption\">\n\t\t\t\t\t\t\t\t\t\t\t<a href=\"https:\/\/juedisches-dortmund.de\/wp-content\/uploads\/2021\/04\/Judenturm-in-der-Stadtbefestigung-web2.jpg\" data-elementor-open-lightbox=\"yes\" data-elementor-lightbox-title=\"Judenturm-in-der-Stadtbefestigung\" data-e-action-hash=\"#elementor-action%3Aaction%3Dlightbox%26settings%3DeyJpZCI6NTMyMSwidXJsIjoiaHR0cHM6XC9cL2p1ZWRpc2NoZXMtZG9ydG11bmQuZGVcL2VuXC93cC1jb250ZW50XC91cGxvYWRzXC9zaXRlc1wvNVwvMjAyMVwvMDRcL0p1ZGVudHVybS1pbi1kZXItU3RhZHRiZWZlc3RpZ3VuZy13ZWIyLmpwZyJ9\">\n\t\t\t\t\t\t\t<img fetchpriority=\"high\" decoding=\"async\" width=\"1024\" height=\"870\" src=\"https:\/\/juedisches-dortmund.de\/en\/wp-content\/uploads\/sites\/5\/2021\/04\/Judenturm-in-der-Stadtbefestigung-web2-1024x870.jpg\" class=\"attachment-large size-large wp-image-5321\" alt=\"Karte Stadbefestigung Dortmund\" srcset=\"https:\/\/juedisches-dortmund.de\/en\/wp-content\/uploads\/sites\/5\/2021\/04\/Judenturm-in-der-Stadtbefestigung-web2-1024x870.jpg 1024w, https:\/\/juedisches-dortmund.de\/en\/wp-content\/uploads\/sites\/5\/2021\/04\/Judenturm-in-der-Stadtbefestigung-web2-300x255.jpg 300w, https:\/\/juedisches-dortmund.de\/en\/wp-content\/uploads\/sites\/5\/2021\/04\/Judenturm-in-der-Stadtbefestigung-web2-768x653.jpg 768w, https:\/\/juedisches-dortmund.de\/en\/wp-content\/uploads\/sites\/5\/2021\/04\/Judenturm-in-der-Stadtbefestigung-web2.jpg 1200w\" sizes=\"(max-width: 1024px) 100vw, 1024px\" \/>\t\t\t\t\t\t\t\t<\/a>\n\t\t\t\t\t\t\t\t\t\t\t<figcaption class=\"widget-image-caption wp-caption-text\">Plan of the city fortifications, showing the Jews\u2019 Tower in the east (on the right)<\/figcaption>\n\t\t\t\t\t\t\t\t\t\t<\/figure>\n\t\t\t\t\t\t\t\t\t<\/div>\n\t\t\t\t<\/div>\n\t\t\t\t<div class=\"elementor-element elementor-element-f7801ce elementor-widget elementor-widget-button\" data-id=\"f7801ce\" data-element_type=\"widget\" data-e-type=\"widget\" data-widget_type=\"button.default\">\n\t\t\t\t<div class=\"elementor-widget-container\">\n\t\t\t\t\t\t\t\t\t<div class=\"elementor-button-wrapper\">\n\t\t\t\t\t<a class=\"elementor-button elementor-button-link elementor-size-sm\" href=\"\/en\/karte\/?marker=1436\">\n\t\t\t\t\t\t<span class=\"elementor-button-content-wrapper\">\n\t\t\t\t\t\t\t\t\t<span class=\"elementor-button-text\">map<\/span>\n\t\t\t\t\t<\/span>\n\t\t\t\t\t<\/a>\n\t\t\t\t<\/div>\n\t\t\t\t\t\t\t\t<\/div>\n\t\t\t\t<\/div>\n\t\t\t\t\t<\/div>\n\t\t<\/div>\n\t\t\t\t<div class=\"elementor-column elementor-col-66 elementor-top-column elementor-element elementor-element-95ed3ff\" data-id=\"95ed3ff\" data-element_type=\"column\" data-e-type=\"column\">\n\t\t\t<div class=\"elementor-widget-wrap elementor-element-populated\">\n\t\t\t\t\t\t<div class=\"elementor-element elementor-element-9c1f75d elementor-widget elementor-widget-text-editor\" data-id=\"9c1f75d\" data-element_type=\"widget\" data-e-type=\"widget\" data-widget_type=\"text-editor.default\">\n\t\t\t\t<div class=\"elementor-widget-container\">\n\t\t\t\t\t\t\t\t\t<h2>The former Jews\u2019 Tower on the city wall<\/h2><p>The fortifications of the city created after 1200 consisted of a wall with gates, and towers. One of the towers on the eastern stretch of the wall was erected in 1350 and came to be called the \u201cJudenturm\u201d, or \u201cJews\u2019 Tower\u201c, as its construction was funded with revenues obtained from the sale of property left behind by the Jews who were driven out of the city in the wake of the plague. In the early 17th century, the Jews\u2019 Tower was also used by the city as a gaol. It was demolished in 1810.<\/p><p>In the class-based Christian society of mediaeval times, the Jews found themselves in the role of economic and social outsiders. As non-Christians, they were not allowed to purchase land, and also in the towns and cities, their means of earning a living were severely limited, since membership of craft guilds and fraternities, for example, was closed to them.<\/p><p>The Jews therefore had no alternative but to engage in professions that were repugnant to many, or were even barred to Christians. Consequently, they earned their living as money lenders, pawnbrokers, rummage dealers or pedlars, for example. The Jewish families of Dortmund named in the medieval sources lived almost exclusively from money dealing and the related pawnbroking business.<\/p><p>For the emperor, the local lords and the princes of the church, the taxes and levies the Jews were required to pay in return for protection of their life and property constituted a welcome source of income. For the Jews, on the other hand, the letters of protection provided only relative, and always only temporary, security. Religion-based hostility towards the Jews, along with accusations such as the ritual murder of Christians, blasphemy and desecration of the host, regularly gave rise to regional pogroms or expulsions<\/p>\t\t\t\t\t\t\t\t<\/div>\n\t\t\t\t<\/div>\n\t\t\t\t\t<\/div>\n\t\t<\/div>\n\t\t\t\t\t<\/div>\n\t\t<\/section>\n\t\t\t\t<section class=\"elementor-section elementor-top-section elementor-element elementor-element-60f7d1d elementor-section-boxed elementor-section-height-default elementor-section-height-default\" data-id=\"60f7d1d\" data-element_type=\"section\" data-e-type=\"section\">\n\t\t\t\t\t\t<div class=\"elementor-container elementor-column-gap-default\">\n\t\t\t\t\t<div class=\"elementor-column elementor-col-100 elementor-top-column elementor-element elementor-element-8213627\" data-id=\"8213627\" data-element_type=\"column\" data-e-type=\"column\">\n\t\t\t<div class=\"elementor-widget-wrap elementor-element-populated\">\n\t\t\t\t\t\t<div class=\"elementor-element elementor-element-123d94d elementor-widget elementor-widget-spacer\" data-id=\"123d94d\" data-element_type=\"widget\" data-e-type=\"widget\" data-widget_type=\"spacer.default\">\n\t\t\t\t<div class=\"elementor-widget-container\">\n\t\t\t\t\t\t\t<div class=\"elementor-spacer\">\n\t\t\t<div class=\"elementor-spacer-inner\"><\/div>\n\t\t<\/div>\n\t\t\t\t\t\t<\/div>\n\t\t\t\t<\/div>\n\t\t\t\t\t<\/div>\n\t\t<\/div>\n\t\t\t\t\t<\/div>\n\t\t<\/section>\n\t\t\t\t<\/div>\n\t\t","protected":false},"excerpt":{"rendered":"<p>Plan of the city fortifications, showing the Jews\u2019 Tower in the east (on the right) map The former Jews\u2019 Tower on the city wall The fortifications of the city created after 1200 consisted of a wall with gates, and towers. One of the towers on the eastern stretch of the wall was erected in 1350 [&hellip;]<\/p>\n","protected":false},"author":2,"featured_media":0,"parent":0,"menu_order":0,"comment_status":"closed","ping_status":"closed","template":"","meta":{"inline_featured_image":false,"site-sidebar-layout":"no-sidebar","site-content-layout":"default","ast-site-content-layout":"default","site-content-style":"default","site-sidebar-style":"default","ast-global-header-display":"","ast-banner-title-visibility":"","ast-main-header-display":"","ast-hfb-above-header-display":"","ast-hfb-below-header-display":"","ast-hfb-mobile-header-display":"","site-post-title":"disabled","ast-breadcrumbs-content":"","ast-featured-img":"disabled","footer-sml-layout":"","ast-disable-related-posts":"","theme-transparent-header-meta":"default","adv-header-id-meta":"","stick-header-meta":"","header-above-stick-meta":"","header-main-stick-meta":"","header-below-stick-meta":"","astra-migrate-meta-layouts":"default","ast-page-background-enabled":"default","ast-page-background-meta":{"desktop":{"background-color":"","background-image":"","background-repeat":"repeat","background-position":"center center","background-size":"auto","background-attachment":"scroll","background-type":"","background-media":"","overlay-type":"","overlay-color":"","overlay-opacity":"","overlay-gradient":""},"tablet":{"background-color":"","background-image":"","background-repeat":"repeat","background-position":"center center","background-size":"auto","background-attachment":"scroll","background-type":"","background-media":"","overlay-type":"","overlay-color":"","overlay-opacity":"","overlay-gradient":""},"mobile":{"background-color":"","background-image":"","background-repeat":"repeat","background-position":"center center","background-size":"auto","background-attachment":"scroll","background-type":"","background-media":"","overlay-type":"","overlay-color":"","overlay-opacity":"","overlay-gradient":""}},"ast-content-background-meta":{"desktop":{"background-color":"var(--ast-global-color-5)","background-image":"","background-repeat":"repeat","background-position":"center center","background-size":"auto","background-attachment":"scroll","background-type":"","background-media":"","overlay-type":"","overlay-color":"","overlay-opacity":"","overlay-gradient":""},"tablet":{"background-color":"var(--ast-global-color-5)","background-image":"","background-repeat":"repeat","background-position":"center center","background-size":"auto","background-attachment":"scroll","background-type":"","background-media":"","overlay-type":"","overlay-color":"","overlay-opacity":"","overlay-gradient":""},"mobile":{"background-color":"var(--ast-global-color-5)","background-image":"","background-repeat":"repeat","background-position":"center center","background-size":"auto","background-attachment":"scroll","background-type":"","background-media":"","overlay-type":"","overlay-color":"","overlay-opacity":"","overlay-gradient":""}},"footnotes":""},"class_list":["post-4597","page","type-page","status-publish","hentry"],"yoast_head":"<!-- This site is optimized with the Yoast SEO plugin v27.2 - https:\/\/yoast.com\/product\/yoast-seo-wordpress\/ -->\n<title>Der ehemalige Judenturm am Wall, H\u00f6he der Stra\u00dfe Olpe - J\u00fcdisches Dortmund | english<\/title>\n<meta name=\"robots\" content=\"index, follow, max-snippet:-1, max-image-preview:large, max-video-preview:-1\" \/>\n<link rel=\"canonical\" href=\"https:\/\/juedisches-dortmund.de\/en\/der-ehemalige-judenturm\/\" \/>\n<meta property=\"og:locale\" content=\"de_DE\" \/>\n<meta property=\"og:type\" content=\"article\" \/>\n<meta property=\"og:title\" content=\"Der ehemalige Judenturm am Wall, H\u00f6he der Stra\u00dfe Olpe - J\u00fcdisches Dortmund | english\" \/>\n<meta property=\"og:description\" content=\"Plan of the city fortifications, showing the Jews\u2019 Tower in the east (on the right) map The former Jews\u2019 Tower on the city wall The fortifications of the city created after 1200 consisted of a wall with gates, and towers. One of the towers on the eastern stretch of the wall was erected in 1350 [&hellip;]\" \/>\n<meta property=\"og:url\" content=\"https:\/\/juedisches-dortmund.de\/en\/der-ehemalige-judenturm\/\" \/>\n<meta property=\"og:site_name\" content=\"J\u00fcdisches Dortmund | english\" \/>\n<meta property=\"article:modified_time\" content=\"2022-04-12T12:09:46+00:00\" \/>\n<meta property=\"og:image\" content=\"https:\/\/juedisches-dortmund.de\/en\/wp-content\/uploads\/sites\/5\/2021\/04\/Judenturm-in-der-Stadtbefestigung-web2-1024x870.jpg\" \/>\n<meta name=\"twitter:card\" content=\"summary_large_image\" \/>\n<meta name=\"twitter:label1\" content=\"Gesch\u00e4tzte Lesezeit\" \/>\n\t<meta name=\"twitter:data1\" content=\"2\u00a0Minuten\" \/>\n<script type=\"application\/ld+json\" class=\"yoast-schema-graph\">{\"@context\":\"https:\/\/schema.org\",\"@graph\":[{\"@type\":\"WebPage\",\"@id\":\"https:\/\/juedisches-dortmund.de\/en\/der-ehemalige-judenturm\/\",\"url\":\"https:\/\/juedisches-dortmund.de\/en\/der-ehemalige-judenturm\/\",\"name\":\"Der ehemalige Judenturm am Wall, H\u00f6he der Stra\u00dfe Olpe - J\u00fcdisches Dortmund | english\",\"isPartOf\":{\"@id\":\"https:\/\/juedisches-dortmund.de\/en\/#website\"},\"primaryImageOfPage\":{\"@id\":\"https:\/\/juedisches-dortmund.de\/en\/der-ehemalige-judenturm\/#primaryimage\"},\"image\":{\"@id\":\"https:\/\/juedisches-dortmund.de\/en\/der-ehemalige-judenturm\/#primaryimage\"},\"thumbnailUrl\":\"https:\/\/juedisches-dortmund.de\/en\/wp-content\/uploads\/sites\/5\/2021\/04\/Judenturm-in-der-Stadtbefestigung-web2-1024x870.jpg\",\"datePublished\":\"2021-04-23T16:34:27+00:00\",\"dateModified\":\"2022-04-12T12:09:46+00:00\",\"breadcrumb\":{\"@id\":\"https:\/\/juedisches-dortmund.de\/en\/der-ehemalige-judenturm\/#breadcrumb\"},\"inLanguage\":\"de\",\"potentialAction\":[{\"@type\":\"ReadAction\",\"target\":[\"https:\/\/juedisches-dortmund.de\/en\/der-ehemalige-judenturm\/\"]}]},{\"@type\":\"ImageObject\",\"inLanguage\":\"de\",\"@id\":\"https:\/\/juedisches-dortmund.de\/en\/der-ehemalige-judenturm\/#primaryimage\",\"url\":\"https:\/\/juedisches-dortmund.de\/en\/wp-content\/uploads\/sites\/5\/2021\/04\/Judenturm-in-der-Stadtbefestigung-web2.jpg\",\"contentUrl\":\"https:\/\/juedisches-dortmund.de\/en\/wp-content\/uploads\/sites\/5\/2021\/04\/Judenturm-in-der-Stadtbefestigung-web2.jpg\",\"width\":1200,\"height\":1020,\"caption\":\"Karte Stadbefestigung Dortmund\"},{\"@type\":\"BreadcrumbList\",\"@id\":\"https:\/\/juedisches-dortmund.de\/en\/der-ehemalige-judenturm\/#breadcrumb\",\"itemListElement\":[{\"@type\":\"ListItem\",\"position\":1,\"name\":\"Startseite\",\"item\":\"https:\/\/juedisches-dortmund.de\/en\/\"},{\"@type\":\"ListItem\",\"position\":2,\"name\":\"Der ehemalige Judenturm am Wall, H\u00f6he der Stra\u00dfe Olpe\"}]},{\"@type\":\"WebSite\",\"@id\":\"https:\/\/juedisches-dortmund.de\/en\/#website\",\"url\":\"https:\/\/juedisches-dortmund.de\/en\/\",\"name\":\"J\u00fcdisches Dortmund | english\",\"description\":\"\",\"publisher\":{\"@id\":\"https:\/\/juedisches-dortmund.de\/en\/#organization\"},\"potentialAction\":[{\"@type\":\"SearchAction\",\"target\":{\"@type\":\"EntryPoint\",\"urlTemplate\":\"https:\/\/juedisches-dortmund.de\/en\/?s={search_term_string}\"},\"query-input\":{\"@type\":\"PropertyValueSpecification\",\"valueRequired\":true,\"valueName\":\"search_term_string\"}}],\"inLanguage\":\"de\"},{\"@type\":\"Organization\",\"@id\":\"https:\/\/juedisches-dortmund.de\/en\/#organization\",\"name\":\"J\u00fcdisches Dortmund | english\",\"url\":\"https:\/\/juedisches-dortmund.de\/en\/\",\"logo\":{\"@type\":\"ImageObject\",\"inLanguage\":\"de\",\"@id\":\"https:\/\/juedisches-dortmund.de\/en\/#\/schema\/logo\/image\/\",\"url\":\"https:\/\/juedisches-dortmund.de\/en\/wp-content\/uploads\/sites\/5\/2021\/03\/cropped-logo-height240.png\",\"contentUrl\":\"https:\/\/juedisches-dortmund.de\/en\/wp-content\/uploads\/sites\/5\/2021\/03\/cropped-logo-height240.png\",\"width\":419,\"height\":240,\"caption\":\"J\u00fcdisches Dortmund | english\"},\"image\":{\"@id\":\"https:\/\/juedisches-dortmund.de\/en\/#\/schema\/logo\/image\/\"}}]}<\/script>\n<!-- \/ Yoast SEO plugin. -->","yoast_head_json":{"title":"Der ehemalige Judenturm am Wall, H\u00f6he der Stra\u00dfe Olpe - J\u00fcdisches Dortmund | english","robots":{"index":"index","follow":"follow","max-snippet":"max-snippet:-1","max-image-preview":"max-image-preview:large","max-video-preview":"max-video-preview:-1"},"canonical":"https:\/\/juedisches-dortmund.de\/en\/der-ehemalige-judenturm\/","og_locale":"de_DE","og_type":"article","og_title":"Der ehemalige Judenturm am Wall, H\u00f6he der Stra\u00dfe Olpe - J\u00fcdisches Dortmund | english","og_description":"Plan of the city fortifications, showing the Jews\u2019 Tower in the east (on the right) map The former Jews\u2019 Tower on the city wall The fortifications of the city created after 1200 consisted of a wall with gates, and towers. One of the towers on the eastern stretch of the wall was erected in 1350 [&hellip;]","og_url":"https:\/\/juedisches-dortmund.de\/en\/der-ehemalige-judenturm\/","og_site_name":"J\u00fcdisches Dortmund | english","article_modified_time":"2022-04-12T12:09:46+00:00","og_image":[{"url":"https:\/\/juedisches-dortmund.de\/en\/wp-content\/uploads\/sites\/5\/2021\/04\/Judenturm-in-der-Stadtbefestigung-web2-1024x870.jpg","type":"","width":"","height":""}],"twitter_card":"summary_large_image","twitter_misc":{"Gesch\u00e4tzte Lesezeit":"2\u00a0Minuten"},"schema":{"@context":"https:\/\/schema.org","@graph":[{"@type":"WebPage","@id":"https:\/\/juedisches-dortmund.de\/en\/der-ehemalige-judenturm\/","url":"https:\/\/juedisches-dortmund.de\/en\/der-ehemalige-judenturm\/","name":"Der ehemalige Judenturm am Wall, H\u00f6he der Stra\u00dfe Olpe - J\u00fcdisches Dortmund | english","isPartOf":{"@id":"https:\/\/juedisches-dortmund.de\/en\/#website"},"primaryImageOfPage":{"@id":"https:\/\/juedisches-dortmund.de\/en\/der-ehemalige-judenturm\/#primaryimage"},"image":{"@id":"https:\/\/juedisches-dortmund.de\/en\/der-ehemalige-judenturm\/#primaryimage"},"thumbnailUrl":"https:\/\/juedisches-dortmund.de\/en\/wp-content\/uploads\/sites\/5\/2021\/04\/Judenturm-in-der-Stadtbefestigung-web2-1024x870.jpg","datePublished":"2021-04-23T16:34:27+00:00","dateModified":"2022-04-12T12:09:46+00:00","breadcrumb":{"@id":"https:\/\/juedisches-dortmund.de\/en\/der-ehemalige-judenturm\/#breadcrumb"},"inLanguage":"de","potentialAction":[{"@type":"ReadAction","target":["https:\/\/juedisches-dortmund.de\/en\/der-ehemalige-judenturm\/"]}]},{"@type":"ImageObject","inLanguage":"de","@id":"https:\/\/juedisches-dortmund.de\/en\/der-ehemalige-judenturm\/#primaryimage","url":"https:\/\/juedisches-dortmund.de\/en\/wp-content\/uploads\/sites\/5\/2021\/04\/Judenturm-in-der-Stadtbefestigung-web2.jpg","contentUrl":"https:\/\/juedisches-dortmund.de\/en\/wp-content\/uploads\/sites\/5\/2021\/04\/Judenturm-in-der-Stadtbefestigung-web2.jpg","width":1200,"height":1020,"caption":"Karte Stadbefestigung Dortmund"},{"@type":"BreadcrumbList","@id":"https:\/\/juedisches-dortmund.de\/en\/der-ehemalige-judenturm\/#breadcrumb","itemListElement":[{"@type":"ListItem","position":1,"name":"Startseite","item":"https:\/\/juedisches-dortmund.de\/en\/"},{"@type":"ListItem","position":2,"name":"Der ehemalige Judenturm am Wall, H\u00f6he der Stra\u00dfe Olpe"}]},{"@type":"WebSite","@id":"https:\/\/juedisches-dortmund.de\/en\/#website","url":"https:\/\/juedisches-dortmund.de\/en\/","name":"J\u00fcdisches Dortmund | english","description":"","publisher":{"@id":"https:\/\/juedisches-dortmund.de\/en\/#organization"},"potentialAction":[{"@type":"SearchAction","target":{"@type":"EntryPoint","urlTemplate":"https:\/\/juedisches-dortmund.de\/en\/?s={search_term_string}"},"query-input":{"@type":"PropertyValueSpecification","valueRequired":true,"valueName":"search_term_string"}}],"inLanguage":"de"},{"@type":"Organization","@id":"https:\/\/juedisches-dortmund.de\/en\/#organization","name":"J\u00fcdisches Dortmund | english","url":"https:\/\/juedisches-dortmund.de\/en\/","logo":{"@type":"ImageObject","inLanguage":"de","@id":"https:\/\/juedisches-dortmund.de\/en\/#\/schema\/logo\/image\/","url":"https:\/\/juedisches-dortmund.de\/en\/wp-content\/uploads\/sites\/5\/2021\/03\/cropped-logo-height240.png","contentUrl":"https:\/\/juedisches-dortmund.de\/en\/wp-content\/uploads\/sites\/5\/2021\/03\/cropped-logo-height240.png","width":419,"height":240,"caption":"J\u00fcdisches Dortmund | english"},"image":{"@id":"https:\/\/juedisches-dortmund.de\/en\/#\/schema\/logo\/image\/"}}]}},"_links":{"self":[{"href":"https:\/\/juedisches-dortmund.de\/en\/wp-json\/wp\/v2\/pages\/4597","targetHints":{"allow":["GET"]}}],"collection":[{"href":"https:\/\/juedisches-dortmund.de\/en\/wp-json\/wp\/v2\/pages"}],"about":[{"href":"https:\/\/juedisches-dortmund.de\/en\/wp-json\/wp\/v2\/types\/page"}],"author":[{"embeddable":true,"href":"https:\/\/juedisches-dortmund.de\/en\/wp-json\/wp\/v2\/users\/2"}],"replies":[{"embeddable":true,"href":"https:\/\/juedisches-dortmund.de\/en\/wp-json\/wp\/v2\/comments?post=4597"}],"version-history":[{"count":89,"href":"https:\/\/juedisches-dortmund.de\/en\/wp-json\/wp\/v2\/pages\/4597\/revisions"}],"predecessor-version":[{"id":14800,"href":"https:\/\/juedisches-dortmund.de\/en\/wp-json\/wp\/v2\/pages\/4597\/revisions\/14800"}],"wp:attachment":[{"href":"https:\/\/juedisches-dortmund.de\/en\/wp-json\/wp\/v2\/media?parent=4597"}],"curies":[{"name":"wp","href":"https:\/\/api.w.org\/{rel}","templated":true}]}}