{"id":4277,"date":"2021-04-22T12:35:43","date_gmt":"2021-04-22T10:35:43","guid":{"rendered":"https:\/\/wp-staging-1.juedisches-dortmund.de\/?page_id=4277"},"modified":"2021-04-22T14:22:49","modified_gmt":"2021-04-22T12:22:49","slug":"bildungsangebote","status":"publish","type":"page","link":"https:\/\/juedisches-dortmund.de\/en\/bildungsangebote\/","title":{"rendered":"Bildungsangebote"},"content":{"rendered":"\t\t<div data-elementor-type=\"wp-page\" data-elementor-id=\"4277\" class=\"elementor elementor-4277\">\n\t\t\t\t\t\t<section class=\"elementor-section elementor-top-section elementor-element elementor-element-6bfaf7d elementor-section-boxed elementor-section-height-default elementor-section-height-default\" data-id=\"6bfaf7d\" data-element_type=\"section\" data-e-type=\"section\">\n\t\t\t\t\t\t<div class=\"elementor-container elementor-column-gap-default\">\n\t\t\t\t\t<div class=\"elementor-column elementor-col-100 elementor-top-column elementor-element elementor-element-df3c42e\" data-id=\"df3c42e\" data-element_type=\"column\" data-e-type=\"column\">\n\t\t\t<div class=\"elementor-widget-wrap elementor-element-populated\">\n\t\t\t\t\t\t<div class=\"elementor-element elementor-element-870bb38 elementor-widget elementor-widget-spacer\" data-id=\"870bb38\" data-element_type=\"widget\" data-e-type=\"widget\" data-widget_type=\"spacer.default\">\n\t\t\t\t<div class=\"elementor-widget-container\">\n\t\t\t\t\t\t\t<div class=\"elementor-spacer\">\n\t\t\t<div class=\"elementor-spacer-inner\"><\/div>\n\t\t<\/div>\n\t\t\t\t\t\t<\/div>\n\t\t\t\t<\/div>\n\t\t\t\t\t<\/div>\n\t\t<\/div>\n\t\t\t\t\t<\/div>\n\t\t<\/section>\n\t\t\t\t<section class=\"elementor-section elementor-top-section elementor-element elementor-element-f637ca8 elementor-section-boxed elementor-section-height-default elementor-section-height-default\" data-id=\"f637ca8\" data-element_type=\"section\" data-e-type=\"section\">\n\t\t\t\t\t\t<div class=\"elementor-container elementor-column-gap-default\">\n\t\t\t\t\t\t<\/div>\n\t\t<\/section>\n\t\t\t\t<section class=\"elementor-section elementor-top-section elementor-element elementor-element-76c0790 elementor-section-boxed elementor-section-height-default elementor-section-height-default\" data-id=\"76c0790\" data-element_type=\"section\" data-e-type=\"section\">\n\t\t\t\t\t\t<div class=\"elementor-container elementor-column-gap-default\">\n\t\t\t\t\t<div class=\"elementor-column elementor-col-33 elementor-top-column elementor-element elementor-element-538c2d0\" data-id=\"538c2d0\" data-element_type=\"column\" data-e-type=\"column\">\n\t\t\t<div class=\"elementor-widget-wrap elementor-element-populated\">\n\t\t\t\t\t\t<div class=\"elementor-element elementor-element-316cb2c elementor-widget elementor-widget-heading\" data-id=\"316cb2c\" data-element_type=\"widget\" data-e-type=\"widget\" data-widget_type=\"heading.default\">\n\t\t\t\t<div class=\"elementor-widget-container\">\n\t\t\t\t\t<h3 class=\"elementor-heading-title elementor-size-default\">Bildungsangebote<\/h3>\t\t\t\t<\/div>\n\t\t\t\t<\/div>\n\t\t\t\t<div class=\"elementor-element elementor-element-781c58b elementor-widget elementor-widget-spacer\" data-id=\"781c58b\" data-element_type=\"widget\" data-e-type=\"widget\" data-widget_type=\"spacer.default\">\n\t\t\t\t<div class=\"elementor-widget-container\">\n\t\t\t\t\t\t\t<div class=\"elementor-spacer\">\n\t\t\t<div class=\"elementor-spacer-inner\"><\/div>\n\t\t<\/div>\n\t\t\t\t\t\t<\/div>\n\t\t\t\t<\/div>\n\t\t\t\t<div class=\"elementor-element elementor-element-7b1ecf4 elementor-widget elementor-widget-image\" data-id=\"7b1ecf4\" data-element_type=\"widget\" data-e-type=\"widget\" data-widget_type=\"image.default\">\n\t\t\t\t<div class=\"elementor-widget-container\">\n\t\t\t\t\t\t\t\t\t\t\t\t\t\t\t<img fetchpriority=\"high\" decoding=\"async\" width=\"400\" height=\"400\" src=\"https:\/\/juedisches-dortmund.de\/en\/wp-content\/uploads\/sites\/5\/2021\/04\/LOGO_leaFleischmann.jpg\" class=\"attachment-full size-full wp-image-4315\" alt=\"LOGO Lea Fleischmann Bildungsprojekte\" srcset=\"https:\/\/juedisches-dortmund.de\/en\/wp-content\/uploads\/sites\/5\/2021\/04\/LOGO_leaFleischmann.jpg 400w, https:\/\/juedisches-dortmund.de\/en\/wp-content\/uploads\/sites\/5\/2021\/04\/LOGO_leaFleischmann-300x300.jpg 300w, https:\/\/juedisches-dortmund.de\/en\/wp-content\/uploads\/sites\/5\/2021\/04\/LOGO_leaFleischmann-150x150.jpg 150w\" sizes=\"(max-width: 400px) 100vw, 400px\" \/>\t\t\t\t\t\t\t\t\t\t\t\t\t\t\t<\/div>\n\t\t\t\t<\/div>\n\t\t\t\t\t<\/div>\n\t\t<\/div>\n\t\t\t\t<div class=\"elementor-column elementor-col-66 elementor-top-column elementor-element elementor-element-aa1bed3\" data-id=\"aa1bed3\" data-element_type=\"column\" data-e-type=\"column\">\n\t\t\t<div class=\"elementor-widget-wrap elementor-element-populated\">\n\t\t\t\t\t\t<div class=\"elementor-element elementor-element-8171020 elementor-widget elementor-widget-heading\" data-id=\"8171020\" data-element_type=\"widget\" data-e-type=\"widget\" data-widget_type=\"heading.default\">\n\t\t\t\t<div class=\"elementor-widget-container\">\n\t\t\t\t\t<h5 class=\"elementor-heading-title elementor-size-default\">Lea Fleischmann: Judentum lernen \u2013 anhand des Schabbats<\/h5>\t\t\t\t<\/div>\n\t\t\t\t<\/div>\n\t\t\t\t<div class=\"elementor-element elementor-element-b116bed elementor-widget elementor-widget-text-editor\" data-id=\"b116bed\" data-element_type=\"widget\" data-e-type=\"widget\" data-widget_type=\"text-editor.default\">\n\t\t\t\t<div class=\"elementor-widget-container\">\n\t\t\t\t\t\t\t\t\t<p>Der H\u00f6hepunkt der j\u00fcdischen Woche ist der Schabbat. Er steht im Mittelpunkt eines Schulprojektes, das im Jahr 2021 an sechs Dortmunder Partnerschulen durchgef\u00fchrt wird. Indem die Sch\u00fcler*innen die gemeinsamen Werte von Judentum und ihrer eigenen Kultur erkennen lernen, sollen Vorurteile abgebaut und gegenseitiger Respekt gef\u00f6rdert werden.<\/p><p>Antisemitismus verbreitet sich in den sozialen Medien ebenso wie in Schulen, Vereinen, auf Sportpl\u00e4tzen und in Betrieben. Auf Schulh\u00f6fen in Deutschland z\u00e4hlen antisemitische Schimpfw\u00f6rter wie \u00bbdu Jude\u00ab zu den h\u00e4ufigsten Beleidigungen unter Sch\u00fclerinnen und Sch\u00fclern. Mit der Realit\u00e4t haben diese Zuschreibungen wenig zu tun. Denn viele Jugendliche wissen allenfalls etwas \u00fcber den Nationalsozialismus, aber nur wenig \u00fcber das Judentum oder Juden. Dies gilt oftmals auch f\u00fcr Lehrkr\u00e4fte. Sie stehen im Umgang mit Antisemitismus an Schulen vor enormen Herausforderungen. Das Schulprojekt \u00bbJudentum lernen &#8211; anhand des Schabbats\u00ab begegnet dieser Herausforderung auf zweifacher Weise: es handelt sich zum einen um eine Fortbildung f\u00fcr Lehrkr\u00e4fte; zum anderen werden Sch\u00fcler*innen angeregt, \u00fcber kulturelle Werte nachzudenken und Gemeinsamkeiten zur eigenen religi\u00f6sen Kultur zu entdecken. Auf diese Weise sollen Vorurteile und Stereotype abgebaut und antisemitischen Weltbildern entgegengewirkt werden.<br \/>In Absprache mit der Stadt Dortmund (VTD) wird das Projekt im Jahr 2021 an 6 Dortmunder Schulen durch den Verein zur F\u00f6rderung des interreligi\u00f6sen Dialogs an Bildungseinrichtungen e.V. mit Sitz in Frankfurt durchgef\u00fchrt. <br \/>Konzipiert wurde das Projekt von der in Israel lebenden j\u00fcdischen Studienr\u00e4tin, Autorin und Tr\u00e4gerin des Bundesverdienstkreuzes am Bande Lea Fleischmann (Publikation: \u00bbSchabbat &#8211; das Judentum f\u00fcr Nichtjuden verst\u00e4ndlich gemacht\u00ab). Seit 2012 entwickelt Lea Fleischmann auf der Grundlage ihres Werkes Lehrprogramme f\u00fcr Schulen. Sie steht w\u00e4hrend des Projektes den teilnehmenden Schulen und Lehrkr\u00e4ften in Dortmund als verl\u00e4ssliche Ansprechpartnerin zur Verf\u00fcgung.<\/p>\t\t\t\t\t\t\t\t<\/div>\n\t\t\t\t<\/div>\n\t\t\t\t\t<\/div>\n\t\t<\/div>\n\t\t\t\t\t<\/div>\n\t\t<\/section>\n\t\t\t\t<section class=\"elementor-section elementor-top-section elementor-element elementor-element-6338d87 elementor-section-boxed elementor-section-height-default elementor-section-height-default\" data-id=\"6338d87\" data-element_type=\"section\" data-e-type=\"section\">\n\t\t\t\t\t\t<div class=\"elementor-container elementor-column-gap-default\">\n\t\t\t\t\t<div class=\"elementor-column elementor-col-100 elementor-top-column elementor-element elementor-element-e78a21d\" data-id=\"e78a21d\" data-element_type=\"column\" data-e-type=\"column\">\n\t\t\t<div class=\"elementor-widget-wrap\">\n\t\t\t\t\t\t\t<\/div>\n\t\t<\/div>\n\t\t\t\t\t<\/div>\n\t\t<\/section>\n\t\t\t\t<section class=\"elementor-section elementor-top-section elementor-element elementor-element-b916679 elementor-section-boxed elementor-section-height-default elementor-section-height-default\" data-id=\"b916679\" data-element_type=\"section\" data-e-type=\"section\">\n\t\t\t\t\t\t<div class=\"elementor-container elementor-column-gap-default\">\n\t\t\t\t\t<div class=\"elementor-column elementor-col-33 elementor-top-column elementor-element elementor-element-c33ad1c\" data-id=\"c33ad1c\" data-element_type=\"column\" data-e-type=\"column\">\n\t\t\t<div class=\"elementor-widget-wrap\">\n\t\t\t\t\t\t\t<\/div>\n\t\t<\/div>\n\t\t\t\t<div class=\"elementor-column elementor-col-66 elementor-top-column elementor-element elementor-element-40243d6\" data-id=\"40243d6\" data-element_type=\"column\" data-e-type=\"column\">\n\t\t\t<div class=\"elementor-widget-wrap elementor-element-populated\">\n\t\t\t\t\t\t<div class=\"elementor-element elementor-element-b685beb elementor-widget elementor-widget-image\" data-id=\"b685beb\" data-element_type=\"widget\" data-e-type=\"widget\" data-widget_type=\"image.default\">\n\t\t\t\t<div class=\"elementor-widget-container\">\n\t\t\t\t\t\t\t\t\t\t\t\t\t\t\t\t<a href=\"https:\/\/www.dortmund.de\/de\/rathaus_und_buergerservice\/lokalpolitik\/vielfalt_toleranz_und_demokratie\/start_vielfalt_toleranz_demokratie\/index.html\" target=\"_blank\">\n\t\t\t\t\t\t\t<img decoding=\"async\" src=\"https:\/\/juedisches-dortmund.de\/en\/wp-content\/uploads\/sites\/5\/elementor\/thumbs\/Marke_Vielfalt_Wap_Url-400-web-pb0yptqy5aili30trupqs0gp7zuxu5tjlju4rdn8s4.png\" title=\"Marke_Vielfalt_Wap_Url-400-web\" alt=\"Marke_Vielfalt_Wap_Url-400-web\" loading=\"lazy\" \/>\t\t\t\t\t\t\t\t<\/a>\n\t\t\t\t\t\t\t\t\t\t\t\t\t\t\t<\/div>\n\t\t\t\t<\/div>\n\t\t\t\t<div class=\"elementor-element elementor-element-6187e34 elementor-widget elementor-widget-text-editor\" data-id=\"6187e34\" data-element_type=\"widget\" data-e-type=\"widget\" data-widget_type=\"text-editor.default\">\n\t\t\t\t<div class=\"elementor-widget-container\">\n\t\t\t\t\t\t\t\t\t<p><strong>Veranstalterin<\/strong>: Koordinierungsstelle f\u00fcr Vielfalt, Toleranz und Demokratie<\/p>\t\t\t\t\t\t\t\t<\/div>\n\t\t\t\t<\/div>\n\t\t\t\t\t<\/div>\n\t\t<\/div>\n\t\t\t\t\t<\/div>\n\t\t<\/section>\n\t\t\t\t<\/div>\n\t\t","protected":false},"excerpt":{"rendered":"<p>Bildungsangebote Lea Fleischmann: Judentum lernen \u2013 anhand des Schabbats Der H\u00f6hepunkt der j\u00fcdischen Woche ist der Schabbat. Er steht im Mittelpunkt eines Schulprojektes, das im Jahr 2021 an sechs Dortmunder Partnerschulen durchgef\u00fchrt wird. Indem die Sch\u00fcler*innen die gemeinsamen Werte von Judentum und ihrer eigenen Kultur erkennen lernen, sollen Vorurteile abgebaut und gegenseitiger Respekt gef\u00f6rdert werden. [&hellip;]<\/p>\n","protected":false},"author":2,"featured_media":0,"parent":0,"menu_order":0,"comment_status":"closed","ping_status":"closed","template":"","meta":{"inline_featured_image":false,"site-sidebar-layout":"no-sidebar","site-content-layout":"default","ast-site-content-layout":"default","site-content-style":"default","site-sidebar-style":"default","ast-global-header-display":"","ast-banner-title-visibility":"","ast-main-header-display":"","ast-hfb-above-header-display":"","ast-hfb-below-header-display":"","ast-hfb-mobile-header-display":"","site-post-title":"disabled","ast-breadcrumbs-content":"","ast-featured-img":"disabled","footer-sml-layout":"","ast-disable-related-posts":"","theme-transparent-header-meta":"default","adv-header-id-meta":"","stick-header-meta":"","header-above-stick-meta":"","header-main-stick-meta":"","header-below-stick-meta":"","astra-migrate-meta-layouts":"default","ast-page-background-enabled":"default","ast-page-background-meta":{"desktop":{"background-color":"","background-image":"","background-repeat":"repeat","background-position":"center center","background-size":"auto","background-attachment":"scroll","background-type":"","background-media":"","overlay-type":"","overlay-color":"","overlay-opacity":"","overlay-gradient":""},"tablet":{"background-color":"","background-image":"","background-repeat":"repeat","background-position":"center center","background-size":"auto","background-attachment":"scroll","background-type":"","background-media":"","overlay-type":"","overlay-color":"","overlay-opacity":"","overlay-gradient":""},"mobile":{"background-color":"","background-image":"","background-repeat":"repeat","background-position":"center center","background-size":"auto","background-attachment":"scroll","background-type":"","background-media":"","overlay-type":"","overlay-color":"","overlay-opacity":"","overlay-gradient":""}},"ast-content-background-meta":{"desktop":{"background-color":"var(--ast-global-color-5)","background-image":"","background-repeat":"repeat","background-position":"center center","background-size":"auto","background-attachment":"scroll","background-type":"","background-media":"","overlay-type":"","overlay-color":"","overlay-opacity":"","overlay-gradient":""},"tablet":{"background-color":"var(--ast-global-color-5)","background-image":"","background-repeat":"repeat","background-position":"center center","background-size":"auto","background-attachment":"scroll","background-type":"","background-media":"","overlay-type":"","overlay-color":"","overlay-opacity":"","overlay-gradient":""},"mobile":{"background-color":"var(--ast-global-color-5)","background-image":"","background-repeat":"repeat","background-position":"center center","background-size":"auto","background-attachment":"scroll","background-type":"","background-media":"","overlay-type":"","overlay-color":"","overlay-opacity":"","overlay-gradient":""}},"footnotes":""},"class_list":["post-4277","page","type-page","status-publish","hentry"],"yoast_head":"<!-- This site is optimized with the Yoast SEO plugin v27.2 - https:\/\/yoast.com\/product\/yoast-seo-wordpress\/ -->\n<title>Bildungsangebote - J\u00fcdisches Dortmund | english<\/title>\n<meta name=\"robots\" content=\"index, follow, max-snippet:-1, max-image-preview:large, max-video-preview:-1\" \/>\n<link rel=\"canonical\" href=\"https:\/\/juedisches-dortmund.de\/en\/bildungsangebote\/\" \/>\n<meta property=\"og:locale\" content=\"de_DE\" \/>\n<meta property=\"og:type\" content=\"article\" \/>\n<meta property=\"og:title\" content=\"Bildungsangebote - J\u00fcdisches Dortmund | english\" \/>\n<meta property=\"og:description\" content=\"Bildungsangebote Lea Fleischmann: Judentum lernen \u2013 anhand des Schabbats Der H\u00f6hepunkt der j\u00fcdischen Woche ist der Schabbat. Er steht im Mittelpunkt eines Schulprojektes, das im Jahr 2021 an sechs Dortmunder Partnerschulen durchgef\u00fchrt wird. Indem die Sch\u00fcler*innen die gemeinsamen Werte von Judentum und ihrer eigenen Kultur erkennen lernen, sollen Vorurteile abgebaut und gegenseitiger Respekt gef\u00f6rdert werden. [&hellip;]\" \/>\n<meta property=\"og:url\" content=\"https:\/\/juedisches-dortmund.de\/en\/bildungsangebote\/\" \/>\n<meta property=\"og:site_name\" content=\"J\u00fcdisches Dortmund | english\" \/>\n<meta property=\"article:modified_time\" content=\"2021-04-22T12:22:49+00:00\" \/>\n<meta property=\"og:image\" content=\"https:\/\/juedisches-dortmund.de\/en\/wp-content\/uploads\/sites\/5\/2021\/04\/LOGO_leaFleischmann.jpg\" \/>\n<meta name=\"twitter:card\" content=\"summary_large_image\" \/>\n<meta name=\"twitter:label1\" content=\"Gesch\u00e4tzte Lesezeit\" \/>\n\t<meta name=\"twitter:data1\" content=\"2\u00a0Minuten\" \/>\n<script type=\"application\/ld+json\" class=\"yoast-schema-graph\">{\"@context\":\"https:\/\/schema.org\",\"@graph\":[{\"@type\":\"WebPage\",\"@id\":\"https:\/\/juedisches-dortmund.de\/en\/bildungsangebote\/\",\"url\":\"https:\/\/juedisches-dortmund.de\/en\/bildungsangebote\/\",\"name\":\"Bildungsangebote - J\u00fcdisches Dortmund | english\",\"isPartOf\":{\"@id\":\"https:\/\/juedisches-dortmund.de\/en\/#website\"},\"primaryImageOfPage\":{\"@id\":\"https:\/\/juedisches-dortmund.de\/en\/bildungsangebote\/#primaryimage\"},\"image\":{\"@id\":\"https:\/\/juedisches-dortmund.de\/en\/bildungsangebote\/#primaryimage\"},\"thumbnailUrl\":\"https:\/\/juedisches-dortmund.de\/en\/wp-content\/uploads\/sites\/5\/2021\/04\/LOGO_leaFleischmann.jpg\",\"datePublished\":\"2021-04-22T10:35:43+00:00\",\"dateModified\":\"2021-04-22T12:22:49+00:00\",\"breadcrumb\":{\"@id\":\"https:\/\/juedisches-dortmund.de\/en\/bildungsangebote\/#breadcrumb\"},\"inLanguage\":\"de\",\"potentialAction\":[{\"@type\":\"ReadAction\",\"target\":[\"https:\/\/juedisches-dortmund.de\/en\/bildungsangebote\/\"]}]},{\"@type\":\"ImageObject\",\"inLanguage\":\"de\",\"@id\":\"https:\/\/juedisches-dortmund.de\/en\/bildungsangebote\/#primaryimage\",\"url\":\"https:\/\/juedisches-dortmund.de\/en\/wp-content\/uploads\/sites\/5\/2021\/04\/LOGO_leaFleischmann.jpg\",\"contentUrl\":\"https:\/\/juedisches-dortmund.de\/en\/wp-content\/uploads\/sites\/5\/2021\/04\/LOGO_leaFleischmann.jpg\",\"width\":400,\"height\":400,\"caption\":\"LOGO Lea Fleischmann Bildungsprojekte\"},{\"@type\":\"BreadcrumbList\",\"@id\":\"https:\/\/juedisches-dortmund.de\/en\/bildungsangebote\/#breadcrumb\",\"itemListElement\":[{\"@type\":\"ListItem\",\"position\":1,\"name\":\"Startseite\",\"item\":\"https:\/\/juedisches-dortmund.de\/en\/\"},{\"@type\":\"ListItem\",\"position\":2,\"name\":\"Bildungsangebote\"}]},{\"@type\":\"WebSite\",\"@id\":\"https:\/\/juedisches-dortmund.de\/en\/#website\",\"url\":\"https:\/\/juedisches-dortmund.de\/en\/\",\"name\":\"J\u00fcdisches Dortmund | english\",\"description\":\"\",\"publisher\":{\"@id\":\"https:\/\/juedisches-dortmund.de\/en\/#organization\"},\"potentialAction\":[{\"@type\":\"SearchAction\",\"target\":{\"@type\":\"EntryPoint\",\"urlTemplate\":\"https:\/\/juedisches-dortmund.de\/en\/?s={search_term_string}\"},\"query-input\":{\"@type\":\"PropertyValueSpecification\",\"valueRequired\":true,\"valueName\":\"search_term_string\"}}],\"inLanguage\":\"de\"},{\"@type\":\"Organization\",\"@id\":\"https:\/\/juedisches-dortmund.de\/en\/#organization\",\"name\":\"J\u00fcdisches Dortmund | english\",\"url\":\"https:\/\/juedisches-dortmund.de\/en\/\",\"logo\":{\"@type\":\"ImageObject\",\"inLanguage\":\"de\",\"@id\":\"https:\/\/juedisches-dortmund.de\/en\/#\/schema\/logo\/image\/\",\"url\":\"https:\/\/juedisches-dortmund.de\/en\/wp-content\/uploads\/sites\/5\/2021\/03\/cropped-logo-height240.png\",\"contentUrl\":\"https:\/\/juedisches-dortmund.de\/en\/wp-content\/uploads\/sites\/5\/2021\/03\/cropped-logo-height240.png\",\"width\":419,\"height\":240,\"caption\":\"J\u00fcdisches Dortmund | english\"},\"image\":{\"@id\":\"https:\/\/juedisches-dortmund.de\/en\/#\/schema\/logo\/image\/\"}}]}<\/script>\n<!-- \/ Yoast SEO plugin. -->","yoast_head_json":{"title":"Bildungsangebote - J\u00fcdisches Dortmund | english","robots":{"index":"index","follow":"follow","max-snippet":"max-snippet:-1","max-image-preview":"max-image-preview:large","max-video-preview":"max-video-preview:-1"},"canonical":"https:\/\/juedisches-dortmund.de\/en\/bildungsangebote\/","og_locale":"de_DE","og_type":"article","og_title":"Bildungsangebote - J\u00fcdisches Dortmund | english","og_description":"Bildungsangebote Lea Fleischmann: Judentum lernen \u2013 anhand des Schabbats Der H\u00f6hepunkt der j\u00fcdischen Woche ist der Schabbat. Er steht im Mittelpunkt eines Schulprojektes, das im Jahr 2021 an sechs Dortmunder Partnerschulen durchgef\u00fchrt wird. Indem die Sch\u00fcler*innen die gemeinsamen Werte von Judentum und ihrer eigenen Kultur erkennen lernen, sollen Vorurteile abgebaut und gegenseitiger Respekt gef\u00f6rdert werden. [&hellip;]","og_url":"https:\/\/juedisches-dortmund.de\/en\/bildungsangebote\/","og_site_name":"J\u00fcdisches Dortmund | english","article_modified_time":"2021-04-22T12:22:49+00:00","og_image":[{"url":"https:\/\/juedisches-dortmund.de\/en\/wp-content\/uploads\/sites\/5\/2021\/04\/LOGO_leaFleischmann.jpg","type":"","width":"","height":""}],"twitter_card":"summary_large_image","twitter_misc":{"Gesch\u00e4tzte Lesezeit":"2\u00a0Minuten"},"schema":{"@context":"https:\/\/schema.org","@graph":[{"@type":"WebPage","@id":"https:\/\/juedisches-dortmund.de\/en\/bildungsangebote\/","url":"https:\/\/juedisches-dortmund.de\/en\/bildungsangebote\/","name":"Bildungsangebote - J\u00fcdisches Dortmund | english","isPartOf":{"@id":"https:\/\/juedisches-dortmund.de\/en\/#website"},"primaryImageOfPage":{"@id":"https:\/\/juedisches-dortmund.de\/en\/bildungsangebote\/#primaryimage"},"image":{"@id":"https:\/\/juedisches-dortmund.de\/en\/bildungsangebote\/#primaryimage"},"thumbnailUrl":"https:\/\/juedisches-dortmund.de\/en\/wp-content\/uploads\/sites\/5\/2021\/04\/LOGO_leaFleischmann.jpg","datePublished":"2021-04-22T10:35:43+00:00","dateModified":"2021-04-22T12:22:49+00:00","breadcrumb":{"@id":"https:\/\/juedisches-dortmund.de\/en\/bildungsangebote\/#breadcrumb"},"inLanguage":"de","potentialAction":[{"@type":"ReadAction","target":["https:\/\/juedisches-dortmund.de\/en\/bildungsangebote\/"]}]},{"@type":"ImageObject","inLanguage":"de","@id":"https:\/\/juedisches-dortmund.de\/en\/bildungsangebote\/#primaryimage","url":"https:\/\/juedisches-dortmund.de\/en\/wp-content\/uploads\/sites\/5\/2021\/04\/LOGO_leaFleischmann.jpg","contentUrl":"https:\/\/juedisches-dortmund.de\/en\/wp-content\/uploads\/sites\/5\/2021\/04\/LOGO_leaFleischmann.jpg","width":400,"height":400,"caption":"LOGO Lea Fleischmann Bildungsprojekte"},{"@type":"BreadcrumbList","@id":"https:\/\/juedisches-dortmund.de\/en\/bildungsangebote\/#breadcrumb","itemListElement":[{"@type":"ListItem","position":1,"name":"Startseite","item":"https:\/\/juedisches-dortmund.de\/en\/"},{"@type":"ListItem","position":2,"name":"Bildungsangebote"}]},{"@type":"WebSite","@id":"https:\/\/juedisches-dortmund.de\/en\/#website","url":"https:\/\/juedisches-dortmund.de\/en\/","name":"J\u00fcdisches Dortmund | english","description":"","publisher":{"@id":"https:\/\/juedisches-dortmund.de\/en\/#organization"},"potentialAction":[{"@type":"SearchAction","target":{"@type":"EntryPoint","urlTemplate":"https:\/\/juedisches-dortmund.de\/en\/?s={search_term_string}"},"query-input":{"@type":"PropertyValueSpecification","valueRequired":true,"valueName":"search_term_string"}}],"inLanguage":"de"},{"@type":"Organization","@id":"https:\/\/juedisches-dortmund.de\/en\/#organization","name":"J\u00fcdisches Dortmund | english","url":"https:\/\/juedisches-dortmund.de\/en\/","logo":{"@type":"ImageObject","inLanguage":"de","@id":"https:\/\/juedisches-dortmund.de\/en\/#\/schema\/logo\/image\/","url":"https:\/\/juedisches-dortmund.de\/en\/wp-content\/uploads\/sites\/5\/2021\/03\/cropped-logo-height240.png","contentUrl":"https:\/\/juedisches-dortmund.de\/en\/wp-content\/uploads\/sites\/5\/2021\/03\/cropped-logo-height240.png","width":419,"height":240,"caption":"J\u00fcdisches Dortmund | english"},"image":{"@id":"https:\/\/juedisches-dortmund.de\/en\/#\/schema\/logo\/image\/"}}]}},"_links":{"self":[{"href":"https:\/\/juedisches-dortmund.de\/en\/wp-json\/wp\/v2\/pages\/4277","targetHints":{"allow":["GET"]}}],"collection":[{"href":"https:\/\/juedisches-dortmund.de\/en\/wp-json\/wp\/v2\/pages"}],"about":[{"href":"https:\/\/juedisches-dortmund.de\/en\/wp-json\/wp\/v2\/types\/page"}],"author":[{"embeddable":true,"href":"https:\/\/juedisches-dortmund.de\/en\/wp-json\/wp\/v2\/users\/2"}],"replies":[{"embeddable":true,"href":"https:\/\/juedisches-dortmund.de\/en\/wp-json\/wp\/v2\/comments?post=4277"}],"version-history":[{"count":98,"href":"https:\/\/juedisches-dortmund.de\/en\/wp-json\/wp\/v2\/pages\/4277\/revisions"}],"predecessor-version":[{"id":4392,"href":"https:\/\/juedisches-dortmund.de\/en\/wp-json\/wp\/v2\/pages\/4277\/revisions\/4392"}],"wp:attachment":[{"href":"https:\/\/juedisches-dortmund.de\/en\/wp-json\/wp\/v2\/media?parent=4277"}],"curies":[{"name":"wp","href":"https:\/\/api.w.org\/{rel}","templated":true}]}}