{"id":1751,"date":"2021-03-19T14:19:53","date_gmt":"2021-03-19T13:19:53","guid":{"rendered":"https:\/\/wp-staging-1.juedisches-dortmund.de\/?page_id=1751"},"modified":"2021-06-11T19:00:10","modified_gmt":"2021-06-11T17:00:10","slug":"impressum","status":"publish","type":"page","link":"https:\/\/juedisches-dortmund.de\/en\/impressum\/","title":{"rendered":"Impressum"},"content":{"rendered":"\t\t<div data-elementor-type=\"wp-page\" data-elementor-id=\"1751\" class=\"elementor elementor-1751\">\n\t\t\t\t\t\t<section class=\"elementor-section elementor-top-section elementor-element elementor-element-f317bbe elementor-section-boxed elementor-section-height-default elementor-section-height-default\" data-id=\"f317bbe\" data-element_type=\"section\" data-e-type=\"section\">\n\t\t\t\t\t\t<div class=\"elementor-container elementor-column-gap-default\">\n\t\t\t\t\t<div class=\"elementor-column elementor-col-100 elementor-top-column elementor-element elementor-element-3ee8b31\" data-id=\"3ee8b31\" data-element_type=\"column\" data-e-type=\"column\">\n\t\t\t<div class=\"elementor-widget-wrap elementor-element-populated\">\n\t\t\t\t\t\t<div class=\"elementor-element elementor-element-5717abc elementor-widget elementor-widget-spacer\" data-id=\"5717abc\" data-element_type=\"widget\" data-e-type=\"widget\" data-widget_type=\"spacer.default\">\n\t\t\t\t<div class=\"elementor-widget-container\">\n\t\t\t\t\t\t\t<div class=\"elementor-spacer\">\n\t\t\t<div class=\"elementor-spacer-inner\"><\/div>\n\t\t<\/div>\n\t\t\t\t\t\t<\/div>\n\t\t\t\t<\/div>\n\t\t\t\t\t<\/div>\n\t\t<\/div>\n\t\t\t\t\t<\/div>\n\t\t<\/section>\n\t\t\t\t<section class=\"elementor-section elementor-top-section elementor-element elementor-element-3ca8eee elementor-section-boxed elementor-section-height-default elementor-section-height-default\" data-id=\"3ca8eee\" data-element_type=\"section\" data-e-type=\"section\">\n\t\t\t\t\t\t<div class=\"elementor-container elementor-column-gap-default\">\n\t\t\t\t\t<div class=\"elementor-column elementor-col-33 elementor-top-column elementor-element elementor-element-54a041d\" data-id=\"54a041d\" data-element_type=\"column\" data-e-type=\"column\">\n\t\t\t<div class=\"elementor-widget-wrap elementor-element-populated\">\n\t\t\t\t\t\t<div class=\"elementor-element elementor-element-dce31b0 elementor-widget elementor-widget-heading\" data-id=\"dce31b0\" data-element_type=\"widget\" data-e-type=\"widget\" data-widget_type=\"heading.default\">\n\t\t\t\t<div class=\"elementor-widget-container\">\n\t\t\t\t\t<h2 class=\"elementor-heading-title elementor-size-default\">Impressum<\/h2>\t\t\t\t<\/div>\n\t\t\t\t<\/div>\n\t\t\t\t\t<\/div>\n\t\t<\/div>\n\t\t\t\t<div class=\"elementor-column elementor-col-66 elementor-top-column elementor-element elementor-element-ae07bf2\" data-id=\"ae07bf2\" data-element_type=\"column\" data-e-type=\"column\">\n\t\t\t<div class=\"elementor-widget-wrap elementor-element-populated\">\n\t\t\t\t\t\t<div class=\"elementor-element elementor-element-b53d808 elementor-widget elementor-widget-text-editor\" data-id=\"b53d808\" data-element_type=\"widget\" data-e-type=\"widget\" data-widget_type=\"text-editor.default\">\n\t\t\t\t<div class=\"elementor-widget-container\">\n\t\t\t\t\t\t\t\t\t<h3>Impressum<\/h3><p>Hausanschrift:<br \/>Historischer Verein f\u00fcr Dortmund und die Grafschaft Mark e.V.<br \/>Gesch\u00e4ftsstelle im Stadtarchiv Dortmund<br \/>M\u00e4rkische Str. 14<br \/>44135 Dortmund<br \/>Telefon:\u00a0 +49 231 50 236 90<br \/>Fax: +49 231 50 260 11<br \/>E-Mail: info@historischer-verein-dortmund.de<br \/>Web:\u00a0www.historischer-verein-dortmund.de<\/p><p>Gesch\u00e4ftsf\u00fchrer und inhaltlich Verantwortlicher:<br \/>Dr. Stefan M\u00fchlhofer \u2013 Direktor des Stadtarchiv Dortmund<\/p><p>Zust\u00e4ndiges Registergericht:<br \/>Amtsgericht Dortmund<\/p><p>Registernummer:<br \/>VR 2254<\/p><p>Hinweis:<br \/>Der Verein \u00fcbernimmt keine Haftung oder Gew\u00e4hrleistung f\u00fcr die Richtigkeit der Informationen, die hier zur Verf\u00fcgung gestellt werden. Der Empf\u00e4nger tr\u00e4gt das Risiko der Nutzung dieser Informationenen.<br \/>Es gibt keinerlei Zusicherungen, Garantien oder Gew\u00e4hrleistungen f\u00fcr andere Websites, auf die Sie \u00fcber diese Website gelangen k\u00f6nnen.<br \/>Dar\u00fcber hinaus bedeutet ein Link aus unserer Site heraus auf eine andere nicht, dass wir uns mit deren Inhalt identifizieren oder deren Nutzung unterst\u00fctzen.<br \/>In keinem Fall haftet der Verein Ihnen oder Dritten gegen\u00fcber f\u00fcr direkte, indirekte, spezielle oder sonstige Folgesch\u00e4den, die sich aus der Nutzung dieser oder einer damit verlinkten Website ergeben. Ausgeschlossen ist auch jegliche Haftung f\u00fcr entgangenen Gewinn, Betriebsunterbrechung, Verlust von Programmen oder sonstigen Daten in Ihren Systemen.\u00a0Dies gilt auch dann, wenn wir ausdr\u00fccklich auf die M\u00f6glichkeit solcher Sch\u00e4den hingewiesen werden.<br \/>Jegliche auf dieser Website verf\u00fcgbare Information \u2013 sowohl in bildlicher, textlicher oder sonstiger Form \u2013 ist urheberrechtlich gesch\u00fctzt und bedarf vor Weiterverwertung der schriftlich formulierten Genehmigung.<\/p><p><strong>Design &amp; Umsetzung<\/strong>:<br \/><a href=\"https:\/\/www.k4projektraum.de\" target=\"_blank\" rel=\"noopener\">K4 Projektraum<\/a><\/p>\t\t\t\t\t\t\t\t<\/div>\n\t\t\t\t<\/div>\n\t\t\t\t\t<\/div>\n\t\t<\/div>\n\t\t\t\t\t<\/div>\n\t\t<\/section>\n\t\t\t\t<\/div>\n\t\t","protected":false},"excerpt":{"rendered":"<p>Impressum Impressum Hausanschrift:Historischer Verein f\u00fcr Dortmund und die Grafschaft Mark e.V.Gesch\u00e4ftsstelle im Stadtarchiv DortmundM\u00e4rkische Str. 1444135 DortmundTelefon:\u00a0 +49 231 50 236 90Fax: +49 231 50 260 11E-Mail: info@historischer-verein-dortmund.deWeb:\u00a0www.historischer-verein-dortmund.de Gesch\u00e4ftsf\u00fchrer und inhaltlich Verantwortlicher:Dr. Stefan M\u00fchlhofer \u2013 Direktor des Stadtarchiv Dortmund Zust\u00e4ndiges Registergericht:Amtsgericht Dortmund Registernummer:VR 2254 Hinweis:Der Verein \u00fcbernimmt keine Haftung oder Gew\u00e4hrleistung f\u00fcr die Richtigkeit der [&hellip;]<\/p>\n","protected":false},"author":2,"featured_media":0,"parent":0,"menu_order":0,"comment_status":"closed","ping_status":"closed","template":"","meta":{"inline_featured_image":false,"site-sidebar-layout":"default","site-content-layout":"default","ast-site-content-layout":"default","site-content-style":"default","site-sidebar-style":"default","ast-global-header-display":"","ast-banner-title-visibility":"","ast-main-header-display":"","ast-hfb-above-header-display":"","ast-hfb-below-header-display":"","ast-hfb-mobile-header-display":"","site-post-title":"disabled","ast-breadcrumbs-content":"","ast-featured-img":"","footer-sml-layout":"","ast-disable-related-posts":"","theme-transparent-header-meta":"default","adv-header-id-meta":"","stick-header-meta":"","header-above-stick-meta":"","header-main-stick-meta":"","header-below-stick-meta":"","astra-migrate-meta-layouts":"default","ast-page-background-enabled":"default","ast-page-background-meta":{"desktop":{"background-color":"","background-image":"","background-repeat":"repeat","background-position":"center center","background-size":"auto","background-attachment":"scroll","background-type":"","background-media":"","overlay-type":"","overlay-color":"","overlay-opacity":"","overlay-gradient":""},"tablet":{"background-color":"","background-image":"","background-repeat":"repeat","background-position":"center center","background-size":"auto","background-attachment":"scroll","background-type":"","background-media":"","overlay-type":"","overlay-color":"","overlay-opacity":"","overlay-gradient":""},"mobile":{"background-color":"","background-image":"","background-repeat":"repeat","background-position":"center center","background-size":"auto","background-attachment":"scroll","background-type":"","background-media":"","overlay-type":"","overlay-color":"","overlay-opacity":"","overlay-gradient":""}},"ast-content-background-meta":{"desktop":{"background-color":"var(--ast-global-color-5)","background-image":"","background-repeat":"repeat","background-position":"center center","background-size":"auto","background-attachment":"scroll","background-type":"","background-media":"","overlay-type":"","overlay-color":"","overlay-opacity":"","overlay-gradient":""},"tablet":{"background-color":"var(--ast-global-color-5)","background-image":"","background-repeat":"repeat","background-position":"center center","background-size":"auto","background-attachment":"scroll","background-type":"","background-media":"","overlay-type":"","overlay-color":"","overlay-opacity":"","overlay-gradient":""},"mobile":{"background-color":"var(--ast-global-color-5)","background-image":"","background-repeat":"repeat","background-position":"center center","background-size":"auto","background-attachment":"scroll","background-type":"","background-media":"","overlay-type":"","overlay-color":"","overlay-opacity":"","overlay-gradient":""}},"footnotes":""},"class_list":["post-1751","page","type-page","status-publish","hentry"],"yoast_head":"<!-- This site is optimized with the Yoast SEO plugin v27.2 - https:\/\/yoast.com\/product\/yoast-seo-wordpress\/ -->\n<title>Impressum - J\u00fcdisches Dortmund | english<\/title>\n<meta name=\"robots\" content=\"index, follow, max-snippet:-1, max-image-preview:large, max-video-preview:-1\" \/>\n<link rel=\"canonical\" href=\"https:\/\/juedisches-dortmund.de\/en\/impressum\/\" \/>\n<meta property=\"og:locale\" content=\"de_DE\" \/>\n<meta property=\"og:type\" content=\"article\" \/>\n<meta property=\"og:title\" content=\"Impressum - J\u00fcdisches Dortmund | english\" \/>\n<meta property=\"og:description\" content=\"Impressum Impressum Hausanschrift:Historischer Verein f\u00fcr Dortmund und die Grafschaft Mark e.V.Gesch\u00e4ftsstelle im Stadtarchiv DortmundM\u00e4rkische Str. 1444135 DortmundTelefon:\u00a0 +49 231 50 236 90Fax: +49 231 50 260 11E-Mail: info@historischer-verein-dortmund.deWeb:\u00a0www.historischer-verein-dortmund.de Gesch\u00e4ftsf\u00fchrer und inhaltlich Verantwortlicher:Dr. Stefan M\u00fchlhofer \u2013 Direktor des Stadtarchiv Dortmund Zust\u00e4ndiges Registergericht:Amtsgericht Dortmund Registernummer:VR 2254 Hinweis:Der Verein \u00fcbernimmt keine Haftung oder Gew\u00e4hrleistung f\u00fcr die Richtigkeit der [&hellip;]\" \/>\n<meta property=\"og:url\" content=\"https:\/\/juedisches-dortmund.de\/en\/impressum\/\" \/>\n<meta property=\"og:site_name\" content=\"J\u00fcdisches Dortmund | english\" \/>\n<meta property=\"article:modified_time\" content=\"2021-06-11T17:00:10+00:00\" \/>\n<meta property=\"og:image\" content=\"https:\/\/juedisches-dortmund.de\/en\/wp-content\/uploads\/sites\/5\/2021\/03\/synagoge-Dortmund.jpg\" \/>\n\t<meta property=\"og:image:width\" content=\"980\" \/>\n\t<meta property=\"og:image:height\" content=\"709\" \/>\n\t<meta property=\"og:image:type\" content=\"image\/jpeg\" \/>\n<meta name=\"twitter:card\" content=\"summary_large_image\" \/>\n<meta name=\"twitter:label1\" content=\"Gesch\u00e4tzte Lesezeit\" \/>\n\t<meta name=\"twitter:data1\" content=\"1\u00a0Minute\" \/>\n<script type=\"application\/ld+json\" class=\"yoast-schema-graph\">{\"@context\":\"https:\/\/schema.org\",\"@graph\":[{\"@type\":\"WebPage\",\"@id\":\"https:\/\/juedisches-dortmund.de\/en\/impressum\/\",\"url\":\"https:\/\/juedisches-dortmund.de\/en\/impressum\/\",\"name\":\"Impressum - J\u00fcdisches Dortmund | english\",\"isPartOf\":{\"@id\":\"https:\/\/juedisches-dortmund.de\/en\/#website\"},\"datePublished\":\"2021-03-19T13:19:53+00:00\",\"dateModified\":\"2021-06-11T17:00:10+00:00\",\"breadcrumb\":{\"@id\":\"https:\/\/juedisches-dortmund.de\/en\/impressum\/#breadcrumb\"},\"inLanguage\":\"de\",\"potentialAction\":[{\"@type\":\"ReadAction\",\"target\":[\"https:\/\/juedisches-dortmund.de\/en\/impressum\/\"]}]},{\"@type\":\"BreadcrumbList\",\"@id\":\"https:\/\/juedisches-dortmund.de\/en\/impressum\/#breadcrumb\",\"itemListElement\":[{\"@type\":\"ListItem\",\"position\":1,\"name\":\"Startseite\",\"item\":\"https:\/\/juedisches-dortmund.de\/en\/\"},{\"@type\":\"ListItem\",\"position\":2,\"name\":\"Impressum\"}]},{\"@type\":\"WebSite\",\"@id\":\"https:\/\/juedisches-dortmund.de\/en\/#website\",\"url\":\"https:\/\/juedisches-dortmund.de\/en\/\",\"name\":\"J\u00fcdisches Dortmund | english\",\"description\":\"\",\"publisher\":{\"@id\":\"https:\/\/juedisches-dortmund.de\/en\/#organization\"},\"potentialAction\":[{\"@type\":\"SearchAction\",\"target\":{\"@type\":\"EntryPoint\",\"urlTemplate\":\"https:\/\/juedisches-dortmund.de\/en\/?s={search_term_string}\"},\"query-input\":{\"@type\":\"PropertyValueSpecification\",\"valueRequired\":true,\"valueName\":\"search_term_string\"}}],\"inLanguage\":\"de\"},{\"@type\":\"Organization\",\"@id\":\"https:\/\/juedisches-dortmund.de\/en\/#organization\",\"name\":\"J\u00fcdisches Dortmund | english\",\"url\":\"https:\/\/juedisches-dortmund.de\/en\/\",\"logo\":{\"@type\":\"ImageObject\",\"inLanguage\":\"de\",\"@id\":\"https:\/\/juedisches-dortmund.de\/en\/#\/schema\/logo\/image\/\",\"url\":\"https:\/\/juedisches-dortmund.de\/en\/wp-content\/uploads\/sites\/5\/2021\/03\/cropped-logo-height240.png\",\"contentUrl\":\"https:\/\/juedisches-dortmund.de\/en\/wp-content\/uploads\/sites\/5\/2021\/03\/cropped-logo-height240.png\",\"width\":419,\"height\":240,\"caption\":\"J\u00fcdisches Dortmund | english\"},\"image\":{\"@id\":\"https:\/\/juedisches-dortmund.de\/en\/#\/schema\/logo\/image\/\"}}]}<\/script>\n<!-- \/ Yoast SEO plugin. -->","yoast_head_json":{"title":"Impressum - J\u00fcdisches Dortmund | english","robots":{"index":"index","follow":"follow","max-snippet":"max-snippet:-1","max-image-preview":"max-image-preview:large","max-video-preview":"max-video-preview:-1"},"canonical":"https:\/\/juedisches-dortmund.de\/en\/impressum\/","og_locale":"de_DE","og_type":"article","og_title":"Impressum - J\u00fcdisches Dortmund | english","og_description":"Impressum Impressum Hausanschrift:Historischer Verein f\u00fcr Dortmund und die Grafschaft Mark e.V.Gesch\u00e4ftsstelle im Stadtarchiv DortmundM\u00e4rkische Str. 1444135 DortmundTelefon:\u00a0 +49 231 50 236 90Fax: +49 231 50 260 11E-Mail: info@historischer-verein-dortmund.deWeb:\u00a0www.historischer-verein-dortmund.de Gesch\u00e4ftsf\u00fchrer und inhaltlich Verantwortlicher:Dr. Stefan M\u00fchlhofer \u2013 Direktor des Stadtarchiv Dortmund Zust\u00e4ndiges Registergericht:Amtsgericht Dortmund Registernummer:VR 2254 Hinweis:Der Verein \u00fcbernimmt keine Haftung oder Gew\u00e4hrleistung f\u00fcr die Richtigkeit der [&hellip;]","og_url":"https:\/\/juedisches-dortmund.de\/en\/impressum\/","og_site_name":"J\u00fcdisches Dortmund | english","article_modified_time":"2021-06-11T17:00:10+00:00","og_image":[{"width":980,"height":709,"url":"https:\/\/juedisches-dortmund.de\/en\/wp-content\/uploads\/sites\/5\/2021\/03\/synagoge-Dortmund.jpg","type":"image\/jpeg"}],"twitter_card":"summary_large_image","twitter_misc":{"Gesch\u00e4tzte Lesezeit":"1\u00a0Minute"},"schema":{"@context":"https:\/\/schema.org","@graph":[{"@type":"WebPage","@id":"https:\/\/juedisches-dortmund.de\/en\/impressum\/","url":"https:\/\/juedisches-dortmund.de\/en\/impressum\/","name":"Impressum - J\u00fcdisches Dortmund | english","isPartOf":{"@id":"https:\/\/juedisches-dortmund.de\/en\/#website"},"datePublished":"2021-03-19T13:19:53+00:00","dateModified":"2021-06-11T17:00:10+00:00","breadcrumb":{"@id":"https:\/\/juedisches-dortmund.de\/en\/impressum\/#breadcrumb"},"inLanguage":"de","potentialAction":[{"@type":"ReadAction","target":["https:\/\/juedisches-dortmund.de\/en\/impressum\/"]}]},{"@type":"BreadcrumbList","@id":"https:\/\/juedisches-dortmund.de\/en\/impressum\/#breadcrumb","itemListElement":[{"@type":"ListItem","position":1,"name":"Startseite","item":"https:\/\/juedisches-dortmund.de\/en\/"},{"@type":"ListItem","position":2,"name":"Impressum"}]},{"@type":"WebSite","@id":"https:\/\/juedisches-dortmund.de\/en\/#website","url":"https:\/\/juedisches-dortmund.de\/en\/","name":"J\u00fcdisches Dortmund | english","description":"","publisher":{"@id":"https:\/\/juedisches-dortmund.de\/en\/#organization"},"potentialAction":[{"@type":"SearchAction","target":{"@type":"EntryPoint","urlTemplate":"https:\/\/juedisches-dortmund.de\/en\/?s={search_term_string}"},"query-input":{"@type":"PropertyValueSpecification","valueRequired":true,"valueName":"search_term_string"}}],"inLanguage":"de"},{"@type":"Organization","@id":"https:\/\/juedisches-dortmund.de\/en\/#organization","name":"J\u00fcdisches Dortmund | english","url":"https:\/\/juedisches-dortmund.de\/en\/","logo":{"@type":"ImageObject","inLanguage":"de","@id":"https:\/\/juedisches-dortmund.de\/en\/#\/schema\/logo\/image\/","url":"https:\/\/juedisches-dortmund.de\/en\/wp-content\/uploads\/sites\/5\/2021\/03\/cropped-logo-height240.png","contentUrl":"https:\/\/juedisches-dortmund.de\/en\/wp-content\/uploads\/sites\/5\/2021\/03\/cropped-logo-height240.png","width":419,"height":240,"caption":"J\u00fcdisches Dortmund | english"},"image":{"@id":"https:\/\/juedisches-dortmund.de\/en\/#\/schema\/logo\/image\/"}}]}},"_links":{"self":[{"href":"https:\/\/juedisches-dortmund.de\/en\/wp-json\/wp\/v2\/pages\/1751","targetHints":{"allow":["GET"]}}],"collection":[{"href":"https:\/\/juedisches-dortmund.de\/en\/wp-json\/wp\/v2\/pages"}],"about":[{"href":"https:\/\/juedisches-dortmund.de\/en\/wp-json\/wp\/v2\/types\/page"}],"author":[{"embeddable":true,"href":"https:\/\/juedisches-dortmund.de\/en\/wp-json\/wp\/v2\/users\/2"}],"replies":[{"embeddable":true,"href":"https:\/\/juedisches-dortmund.de\/en\/wp-json\/wp\/v2\/comments?post=1751"}],"version-history":[{"count":45,"href":"https:\/\/juedisches-dortmund.de\/en\/wp-json\/wp\/v2\/pages\/1751\/revisions"}],"predecessor-version":[{"id":11343,"href":"https:\/\/juedisches-dortmund.de\/en\/wp-json\/wp\/v2\/pages\/1751\/revisions\/11343"}],"wp:attachment":[{"href":"https:\/\/juedisches-dortmund.de\/en\/wp-json\/wp\/v2\/media?parent=1751"}],"curies":[{"name":"wp","href":"https:\/\/api.w.org\/{rel}","templated":true}]}}