{"id":10874,"date":"2021-06-08T17:38:09","date_gmt":"2021-06-08T15:38:09","guid":{"rendered":"https:\/\/juedisches-dortmund.de\/en\/?page_id=10874"},"modified":"2022-04-12T14:19:29","modified_gmt":"2022-04-12T12:19:29","slug":"wiedereroeffnung-einer-juedischen-grundschule","status":"publish","type":"page","link":"https:\/\/juedisches-dortmund.de\/en\/wiedereroeffnung-einer-juedischen-grundschule\/","title":{"rendered":"Wiederer\u00f6ffnung einer j\u00fcdischen Grundschule"},"content":{"rendered":"\t\t<div data-elementor-type=\"wp-page\" data-elementor-id=\"10874\" class=\"elementor elementor-10874\">\n\t\t\t\t\t\t<section class=\"elementor-section elementor-top-section elementor-element elementor-element-df300ad elementor-section-boxed elementor-section-height-default elementor-section-height-default\" data-id=\"df300ad\" data-element_type=\"section\" data-e-type=\"section\">\n\t\t\t\t\t\t<div class=\"elementor-container elementor-column-gap-default\">\n\t\t\t\t\t<div class=\"elementor-column elementor-col-100 elementor-top-column elementor-element elementor-element-c838c6f\" data-id=\"c838c6f\" data-element_type=\"column\" data-e-type=\"column\">\n\t\t\t<div class=\"elementor-widget-wrap elementor-element-populated\">\n\t\t\t\t\t\t<div class=\"elementor-element elementor-element-6f1efe2 elementor-widget elementor-widget-spacer\" data-id=\"6f1efe2\" data-element_type=\"widget\" data-e-type=\"widget\" data-widget_type=\"spacer.default\">\n\t\t\t\t<div class=\"elementor-widget-container\">\n\t\t\t\t\t\t\t<div class=\"elementor-spacer\">\n\t\t\t<div class=\"elementor-spacer-inner\"><\/div>\n\t\t<\/div>\n\t\t\t\t\t\t<\/div>\n\t\t\t\t<\/div>\n\t\t\t\t\t<\/div>\n\t\t<\/div>\n\t\t\t\t\t<\/div>\n\t\t<\/section>\n\t\t\t\t<section class=\"elementor-section elementor-top-section elementor-element elementor-element-f49d135 elementor-section-boxed elementor-section-height-default elementor-section-height-default\" data-id=\"f49d135\" data-element_type=\"section\" data-e-type=\"section\">\n\t\t\t\t\t\t<div class=\"elementor-container elementor-column-gap-wider\">\n\t\t\t\t\t<div class=\"elementor-column elementor-col-33 elementor-top-column elementor-element elementor-element-1aa36e4\" data-id=\"1aa36e4\" data-element_type=\"column\" data-e-type=\"column\">\n\t\t\t<div class=\"elementor-widget-wrap elementor-element-populated\">\n\t\t\t\t\t\t<div class=\"elementor-element elementor-element-ebb1183 elementor-widget elementor-widget-image\" data-id=\"ebb1183\" data-element_type=\"widget\" data-e-type=\"widget\" data-widget_type=\"image.default\">\n\t\t\t\t<div class=\"elementor-widget-container\">\n\t\t\t\t\t\t\t\t\t\t\t\t\t\t\t\t<a href=\"https:\/\/juedisches-dortmund.de\/wp-content\/uploads\/2021\/06\/Juedische-Schule-Klein-web.jpg\" data-elementor-open-lightbox=\"yes\" data-elementor-lightbox-title=\"J\u00fcdische-Schule\" data-e-action-hash=\"#elementor-action%3Aaction%3Dlightbox%26settings%3DeyJpZCI6MTA4ODEsInVybCI6Imh0dHBzOlwvXC9qdWVkaXNjaGVzLWRvcnRtdW5kLmRlXC9lblwvd3AtY29udGVudFwvdXBsb2Fkc1wvc2l0ZXNcLzVcLzIwMjFcLzA2XC9KdWVkaXNjaGUtU2NodWxlLUtsZWluLXdlYi5qcGcifQ%3D%3D\">\n\t\t\t\t\t\t\t<img fetchpriority=\"high\" decoding=\"async\" width=\"768\" height=\"522\" src=\"https:\/\/juedisches-dortmund.de\/en\/wp-content\/uploads\/sites\/5\/2021\/06\/Juedische-Schule-Klein-web-768x522.jpg\" class=\"attachment-medium_large size-medium_large wp-image-10881\" alt=\"J\u00fcdische Schule\" srcset=\"https:\/\/juedisches-dortmund.de\/en\/wp-content\/uploads\/sites\/5\/2021\/06\/Juedische-Schule-Klein-web-768x522.jpg 768w, https:\/\/juedisches-dortmund.de\/en\/wp-content\/uploads\/sites\/5\/2021\/06\/Juedische-Schule-Klein-web-300x204.jpg 300w, https:\/\/juedisches-dortmund.de\/en\/wp-content\/uploads\/sites\/5\/2021\/06\/Juedische-Schule-Klein-web.jpg 980w\" sizes=\"(max-width: 768px) 100vw, 768px\" \/>\t\t\t\t\t\t\t\t<\/a>\n\t\t\t\t\t\t\t\t\t\t\t\t\t\t\t<\/div>\n\t\t\t\t<\/div>\n\t\t\t\t<div class=\"elementor-element elementor-element-e626ddd elementor-widget elementor-widget-image\" data-id=\"e626ddd\" data-element_type=\"widget\" data-e-type=\"widget\" data-widget_type=\"image.default\">\n\t\t\t\t<div class=\"elementor-widget-container\">\n\t\t\t\t\t\t\t\t\t\t\t\t<figure class=\"wp-caption\">\n\t\t\t\t\t\t\t\t\t\t\t<a href=\"https:\/\/juedisches-dortmund.de\/wp-content\/uploads\/2021\/06\/Juedische-Schule-2-klein-web.jpg\" data-elementor-open-lightbox=\"yes\" data-elementor-lightbox-title=\"J\u00fcdische Schule 2\" data-e-action-hash=\"#elementor-action%3Aaction%3Dlightbox%26settings%3DeyJpZCI6MTA4ODAsInVybCI6Imh0dHBzOlwvXC9qdWVkaXNjaGVzLWRvcnRtdW5kLmRlXC9lblwvd3AtY29udGVudFwvdXBsb2Fkc1wvc2l0ZXNcLzVcLzIwMjFcLzA2XC9KdWVkaXNjaGUtU2NodWxlLTIta2xlaW4td2ViLmpwZyJ9\">\n\t\t\t\t\t\t\t<img decoding=\"async\" width=\"768\" height=\"476\" src=\"https:\/\/juedisches-dortmund.de\/en\/wp-content\/uploads\/sites\/5\/2021\/06\/Juedische-Schule-2-klein-web-768x476.jpg\" class=\"attachment-medium_large size-medium_large wp-image-10880\" alt=\"J\u00fcdische Schule\" srcset=\"https:\/\/juedisches-dortmund.de\/en\/wp-content\/uploads\/sites\/5\/2021\/06\/Juedische-Schule-2-klein-web-768x476.jpg 768w, https:\/\/juedisches-dortmund.de\/en\/wp-content\/uploads\/sites\/5\/2021\/06\/Juedische-Schule-2-klein-web-300x186.jpg 300w, https:\/\/juedisches-dortmund.de\/en\/wp-content\/uploads\/sites\/5\/2021\/06\/Juedische-Schule-2-klein-web.jpg 980w\" sizes=\"(max-width: 768px) 100vw, 768px\" \/>\t\t\t\t\t\t\t\t<\/a>\n\t\t\t\t\t\t\t\t\t\t\t<figcaption class=\"widget-image-caption wp-caption-text\">Building of the former \u201cHauptschule am Ostpark\u201d secondary school<\/figcaption>\n\t\t\t\t\t\t\t\t\t\t<\/figure>\n\t\t\t\t\t\t\t\t\t<\/div>\n\t\t\t\t<\/div>\n\t\t\t\t<div class=\"elementor-element elementor-element-01ca667 elementor-widget elementor-widget-spacer\" data-id=\"01ca667\" data-element_type=\"widget\" data-e-type=\"widget\" data-widget_type=\"spacer.default\">\n\t\t\t\t<div class=\"elementor-widget-container\">\n\t\t\t\t\t\t\t<div class=\"elementor-spacer\">\n\t\t\t<div class=\"elementor-spacer-inner\"><\/div>\n\t\t<\/div>\n\t\t\t\t\t\t<\/div>\n\t\t\t\t<\/div>\n\t\t\t\t\t<\/div>\n\t\t<\/div>\n\t\t\t\t<div class=\"elementor-column elementor-col-66 elementor-top-column elementor-element elementor-element-7aa2049\" data-id=\"7aa2049\" data-element_type=\"column\" data-e-type=\"column\">\n\t\t\t<div class=\"elementor-widget-wrap elementor-element-populated\">\n\t\t\t\t\t\t<div class=\"elementor-element elementor-element-afe4fbe elementor-widget elementor-widget-text-editor\" data-id=\"afe4fbe\" data-element_type=\"widget\" data-e-type=\"widget\" data-widget_type=\"text-editor.default\">\n\t\t\t\t<div class=\"elementor-widget-container\">\n\t\t\t\t\t\t\t\t\t<h2>Reopening of a Jewish primary school<\/h2><p>There are only nine Jewish primary schools in the whole of Germany. It is now planned to open a new Jewish primary school in Dortmund, in time for the 2022\/23 school year at the latest, making this the third such school in North Rhine-Westphalia after Cologne and D\u00fcsseldorf. As the location for the new school, the city authorities and the Jewish Community have agreed on a former secondary school building, the \u201cHauptschule am Ostpark\u201d. The two-stream school will therefore be situated in the immediate vicinity of Berswordt Primary School, which is already attended by many children from Jewish families. A joint school centre, which will also include Franziskus Primary School, is intended to promote inter-faith integration.<\/p><p>The re-opening of a Jewish school in Dortmund pays tribute to and constitutes the rebirth of an educational establishment, whose history began some 175 years ago and continued until forcefully ended through the crimes of the Nazis, who decreed that the 30th of June 1942 should be the last day on which Jewish pupils were allowed to be taught in Germany. The opening of a new Jewish school in Dortmund 80 years later is therefore a powerful symbol for the presence and future of Jewish life in the city.<\/p>\t\t\t\t\t\t\t\t<\/div>\n\t\t\t\t<\/div>\n\t\t\t\t<section class=\"elementor-section elementor-inner-section elementor-element elementor-element-0945e17 elementor-section-boxed elementor-section-height-default elementor-section-height-default\" data-id=\"0945e17\" data-element_type=\"section\" data-e-type=\"section\">\n\t\t\t\t\t\t<div class=\"elementor-container elementor-column-gap-default\">\n\t\t\t\t\t<div class=\"elementor-column elementor-col-33 elementor-inner-column elementor-element elementor-element-24bd300\" data-id=\"24bd300\" data-element_type=\"column\" data-e-type=\"column\">\n\t\t\t<div class=\"elementor-widget-wrap elementor-element-populated\">\n\t\t\t\t\t\t<div class=\"elementor-element elementor-element-749211a elementor-widget elementor-widget-button\" data-id=\"749211a\" data-element_type=\"widget\" data-e-type=\"widget\" data-widget_type=\"button.default\">\n\t\t\t\t<div class=\"elementor-widget-container\">\n\t\t\t\t\t\t\t\t\t<div class=\"elementor-button-wrapper\">\n\t\t\t\t\t<a class=\"elementor-button elementor-button-link elementor-size-sm\" href=\"\/en\/karte\/?marker=1451\">\n\t\t\t\t\t\t<span class=\"elementor-button-content-wrapper\">\n\t\t\t\t\t\t\t\t\t<span class=\"elementor-button-text\">map<\/span>\n\t\t\t\t\t<\/span>\n\t\t\t\t\t<\/a>\n\t\t\t\t<\/div>\n\t\t\t\t\t\t\t\t<\/div>\n\t\t\t\t<\/div>\n\t\t\t\t\t<\/div>\n\t\t<\/div>\n\t\t\t\t<div class=\"elementor-column elementor-col-33 elementor-inner-column elementor-element elementor-element-ecbadc5\" data-id=\"ecbadc5\" data-element_type=\"column\" data-e-type=\"column\">\n\t\t\t<div class=\"elementor-widget-wrap\">\n\t\t\t\t\t\t\t<\/div>\n\t\t<\/div>\n\t\t\t\t<div class=\"elementor-column elementor-col-33 elementor-inner-column elementor-element elementor-element-d944763\" data-id=\"d944763\" data-element_type=\"column\" data-e-type=\"column\">\n\t\t\t<div class=\"elementor-widget-wrap\">\n\t\t\t\t\t\t\t<\/div>\n\t\t<\/div>\n\t\t\t\t\t<\/div>\n\t\t<\/section>\n\t\t\t\t\t<\/div>\n\t\t<\/div>\n\t\t\t\t\t<\/div>\n\t\t<\/section>\n\t\t\t\t<section class=\"elementor-section elementor-top-section elementor-element elementor-element-f3cd0a2 elementor-section-boxed elementor-section-height-default elementor-section-height-default\" data-id=\"f3cd0a2\" data-element_type=\"section\" data-e-type=\"section\">\n\t\t\t\t\t\t<div class=\"elementor-container elementor-column-gap-default\">\n\t\t\t\t\t<div class=\"elementor-column elementor-col-100 elementor-top-column elementor-element elementor-element-a0cdd9f\" data-id=\"a0cdd9f\" data-element_type=\"column\" data-e-type=\"column\">\n\t\t\t<div class=\"elementor-widget-wrap elementor-element-populated\">\n\t\t\t\t\t\t<div class=\"elementor-element elementor-element-809c614 elementor-widget elementor-widget-spacer\" data-id=\"809c614\" data-element_type=\"widget\" data-e-type=\"widget\" data-widget_type=\"spacer.default\">\n\t\t\t\t<div class=\"elementor-widget-container\">\n\t\t\t\t\t\t\t<div class=\"elementor-spacer\">\n\t\t\t<div class=\"elementor-spacer-inner\"><\/div>\n\t\t<\/div>\n\t\t\t\t\t\t<\/div>\n\t\t\t\t<\/div>\n\t\t\t\t\t<\/div>\n\t\t<\/div>\n\t\t\t\t\t<\/div>\n\t\t<\/section>\n\t\t\t\t<\/div>\n\t\t","protected":false},"excerpt":{"rendered":"<p>Building of the former \u201cHauptschule am Ostpark\u201d secondary school Reopening of a Jewish primary school There are only nine Jewish primary schools in the whole of Germany. It is now planned to open a new Jewish primary school in Dortmund, in time for the 2022\/23 school year at the latest, making this the third such [&hellip;]<\/p>\n","protected":false},"author":2,"featured_media":0,"parent":0,"menu_order":0,"comment_status":"closed","ping_status":"closed","template":"","meta":{"inline_featured_image":false,"site-sidebar-layout":"no-sidebar","site-content-layout":"page-builder","ast-site-content-layout":"default","site-content-style":"default","site-sidebar-style":"default","ast-global-header-display":"","ast-banner-title-visibility":"","ast-main-header-display":"","ast-hfb-above-header-display":"","ast-hfb-below-header-display":"","ast-hfb-mobile-header-display":"","site-post-title":"disabled","ast-breadcrumbs-content":"","ast-featured-img":"disabled","footer-sml-layout":"","ast-disable-related-posts":"","theme-transparent-header-meta":"default","adv-header-id-meta":"","stick-header-meta":"","header-above-stick-meta":"","header-main-stick-meta":"","header-below-stick-meta":"","astra-migrate-meta-layouts":"default","ast-page-background-enabled":"default","ast-page-background-meta":{"desktop":{"background-color":"","background-image":"","background-repeat":"repeat","background-position":"center center","background-size":"auto","background-attachment":"scroll","background-type":"","background-media":"","overlay-type":"","overlay-color":"","overlay-opacity":"","overlay-gradient":""},"tablet":{"background-color":"","background-image":"","background-repeat":"repeat","background-position":"center center","background-size":"auto","background-attachment":"scroll","background-type":"","background-media":"","overlay-type":"","overlay-color":"","overlay-opacity":"","overlay-gradient":""},"mobile":{"background-color":"","background-image":"","background-repeat":"repeat","background-position":"center center","background-size":"auto","background-attachment":"scroll","background-type":"","background-media":"","overlay-type":"","overlay-color":"","overlay-opacity":"","overlay-gradient":""}},"ast-content-background-meta":{"desktop":{"background-color":"var(--ast-global-color-5)","background-image":"","background-repeat":"repeat","background-position":"center center","background-size":"auto","background-attachment":"scroll","background-type":"","background-media":"","overlay-type":"","overlay-color":"","overlay-opacity":"","overlay-gradient":""},"tablet":{"background-color":"var(--ast-global-color-5)","background-image":"","background-repeat":"repeat","background-position":"center center","background-size":"auto","background-attachment":"scroll","background-type":"","background-media":"","overlay-type":"","overlay-color":"","overlay-opacity":"","overlay-gradient":""},"mobile":{"background-color":"var(--ast-global-color-5)","background-image":"","background-repeat":"repeat","background-position":"center center","background-size":"auto","background-attachment":"scroll","background-type":"","background-media":"","overlay-type":"","overlay-color":"","overlay-opacity":"","overlay-gradient":""}},"footnotes":""},"class_list":["post-10874","page","type-page","status-publish","hentry"],"yoast_head":"<!-- This site is optimized with the Yoast SEO plugin v27.2 - https:\/\/yoast.com\/product\/yoast-seo-wordpress\/ -->\n<title>Wiederer\u00f6ffnung einer j\u00fcdischen Grundschule - J\u00fcdisches Dortmund | english<\/title>\n<meta name=\"robots\" content=\"index, follow, max-snippet:-1, max-image-preview:large, max-video-preview:-1\" \/>\n<link rel=\"canonical\" href=\"https:\/\/juedisches-dortmund.de\/en\/wiedereroeffnung-einer-juedischen-grundschule\/\" \/>\n<meta property=\"og:locale\" content=\"de_DE\" \/>\n<meta property=\"og:type\" content=\"article\" \/>\n<meta property=\"og:title\" content=\"Wiederer\u00f6ffnung einer j\u00fcdischen Grundschule - J\u00fcdisches Dortmund | english\" \/>\n<meta property=\"og:description\" content=\"Building of the former \u201cHauptschule am Ostpark\u201d secondary school Reopening of a Jewish primary school There are only nine Jewish primary schools in the whole of Germany. It is now planned to open a new Jewish primary school in Dortmund, in time for the 2022\/23 school year at the latest, making this the third such [&hellip;]\" \/>\n<meta property=\"og:url\" content=\"https:\/\/juedisches-dortmund.de\/en\/wiedereroeffnung-einer-juedischen-grundschule\/\" \/>\n<meta property=\"og:site_name\" content=\"J\u00fcdisches Dortmund | english\" \/>\n<meta property=\"article:modified_time\" content=\"2022-04-12T12:19:29+00:00\" \/>\n<meta property=\"og:image\" content=\"https:\/\/juedisches-dortmund.de\/en\/wp-content\/uploads\/sites\/5\/2021\/06\/Juedische-Schule-Klein-web-768x522.jpg\" \/>\n<meta name=\"twitter:card\" content=\"summary_large_image\" \/>\n<meta name=\"twitter:label1\" content=\"Gesch\u00e4tzte Lesezeit\" \/>\n\t<meta name=\"twitter:data1\" content=\"2\u00a0Minuten\" \/>\n<script type=\"application\/ld+json\" class=\"yoast-schema-graph\">{\"@context\":\"https:\/\/schema.org\",\"@graph\":[{\"@type\":\"WebPage\",\"@id\":\"https:\/\/juedisches-dortmund.de\/en\/wiedereroeffnung-einer-juedischen-grundschule\/\",\"url\":\"https:\/\/juedisches-dortmund.de\/en\/wiedereroeffnung-einer-juedischen-grundschule\/\",\"name\":\"Wiederer\u00f6ffnung einer j\u00fcdischen Grundschule - J\u00fcdisches Dortmund | english\",\"isPartOf\":{\"@id\":\"https:\/\/juedisches-dortmund.de\/en\/#website\"},\"primaryImageOfPage\":{\"@id\":\"https:\/\/juedisches-dortmund.de\/en\/wiedereroeffnung-einer-juedischen-grundschule\/#primaryimage\"},\"image\":{\"@id\":\"https:\/\/juedisches-dortmund.de\/en\/wiedereroeffnung-einer-juedischen-grundschule\/#primaryimage\"},\"thumbnailUrl\":\"https:\/\/juedisches-dortmund.de\/en\/wp-content\/uploads\/sites\/5\/2021\/06\/Juedische-Schule-Klein-web-768x522.jpg\",\"datePublished\":\"2021-06-08T15:38:09+00:00\",\"dateModified\":\"2022-04-12T12:19:29+00:00\",\"breadcrumb\":{\"@id\":\"https:\/\/juedisches-dortmund.de\/en\/wiedereroeffnung-einer-juedischen-grundschule\/#breadcrumb\"},\"inLanguage\":\"de\",\"potentialAction\":[{\"@type\":\"ReadAction\",\"target\":[\"https:\/\/juedisches-dortmund.de\/en\/wiedereroeffnung-einer-juedischen-grundschule\/\"]}]},{\"@type\":\"ImageObject\",\"inLanguage\":\"de\",\"@id\":\"https:\/\/juedisches-dortmund.de\/en\/wiedereroeffnung-einer-juedischen-grundschule\/#primaryimage\",\"url\":\"https:\/\/juedisches-dortmund.de\/en\/wp-content\/uploads\/sites\/5\/2021\/06\/Juedische-Schule-Klein-web.jpg\",\"contentUrl\":\"https:\/\/juedisches-dortmund.de\/en\/wp-content\/uploads\/sites\/5\/2021\/06\/Juedische-Schule-Klein-web.jpg\",\"width\":980,\"height\":666,\"caption\":\"J\u00fcdische Schule\"},{\"@type\":\"BreadcrumbList\",\"@id\":\"https:\/\/juedisches-dortmund.de\/en\/wiedereroeffnung-einer-juedischen-grundschule\/#breadcrumb\",\"itemListElement\":[{\"@type\":\"ListItem\",\"position\":1,\"name\":\"Startseite\",\"item\":\"https:\/\/juedisches-dortmund.de\/en\/\"},{\"@type\":\"ListItem\",\"position\":2,\"name\":\"Wiederer\u00f6ffnung einer j\u00fcdischen Grundschule\"}]},{\"@type\":\"WebSite\",\"@id\":\"https:\/\/juedisches-dortmund.de\/en\/#website\",\"url\":\"https:\/\/juedisches-dortmund.de\/en\/\",\"name\":\"J\u00fcdisches Dortmund | english\",\"description\":\"\",\"publisher\":{\"@id\":\"https:\/\/juedisches-dortmund.de\/en\/#organization\"},\"potentialAction\":[{\"@type\":\"SearchAction\",\"target\":{\"@type\":\"EntryPoint\",\"urlTemplate\":\"https:\/\/juedisches-dortmund.de\/en\/?s={search_term_string}\"},\"query-input\":{\"@type\":\"PropertyValueSpecification\",\"valueRequired\":true,\"valueName\":\"search_term_string\"}}],\"inLanguage\":\"de\"},{\"@type\":\"Organization\",\"@id\":\"https:\/\/juedisches-dortmund.de\/en\/#organization\",\"name\":\"J\u00fcdisches Dortmund | english\",\"url\":\"https:\/\/juedisches-dortmund.de\/en\/\",\"logo\":{\"@type\":\"ImageObject\",\"inLanguage\":\"de\",\"@id\":\"https:\/\/juedisches-dortmund.de\/en\/#\/schema\/logo\/image\/\",\"url\":\"https:\/\/juedisches-dortmund.de\/en\/wp-content\/uploads\/sites\/5\/2021\/03\/cropped-logo-height240.png\",\"contentUrl\":\"https:\/\/juedisches-dortmund.de\/en\/wp-content\/uploads\/sites\/5\/2021\/03\/cropped-logo-height240.png\",\"width\":419,\"height\":240,\"caption\":\"J\u00fcdisches Dortmund | english\"},\"image\":{\"@id\":\"https:\/\/juedisches-dortmund.de\/en\/#\/schema\/logo\/image\/\"}}]}<\/script>\n<!-- \/ Yoast SEO plugin. -->","yoast_head_json":{"title":"Wiederer\u00f6ffnung einer j\u00fcdischen Grundschule - J\u00fcdisches Dortmund | english","robots":{"index":"index","follow":"follow","max-snippet":"max-snippet:-1","max-image-preview":"max-image-preview:large","max-video-preview":"max-video-preview:-1"},"canonical":"https:\/\/juedisches-dortmund.de\/en\/wiedereroeffnung-einer-juedischen-grundschule\/","og_locale":"de_DE","og_type":"article","og_title":"Wiederer\u00f6ffnung einer j\u00fcdischen Grundschule - J\u00fcdisches Dortmund | english","og_description":"Building of the former \u201cHauptschule am Ostpark\u201d secondary school Reopening of a Jewish primary school There are only nine Jewish primary schools in the whole of Germany. It is now planned to open a new Jewish primary school in Dortmund, in time for the 2022\/23 school year at the latest, making this the third such [&hellip;]","og_url":"https:\/\/juedisches-dortmund.de\/en\/wiedereroeffnung-einer-juedischen-grundschule\/","og_site_name":"J\u00fcdisches Dortmund | english","article_modified_time":"2022-04-12T12:19:29+00:00","og_image":[{"url":"https:\/\/juedisches-dortmund.de\/en\/wp-content\/uploads\/sites\/5\/2021\/06\/Juedische-Schule-Klein-web-768x522.jpg","type":"","width":"","height":""}],"twitter_card":"summary_large_image","twitter_misc":{"Gesch\u00e4tzte Lesezeit":"2\u00a0Minuten"},"schema":{"@context":"https:\/\/schema.org","@graph":[{"@type":"WebPage","@id":"https:\/\/juedisches-dortmund.de\/en\/wiedereroeffnung-einer-juedischen-grundschule\/","url":"https:\/\/juedisches-dortmund.de\/en\/wiedereroeffnung-einer-juedischen-grundschule\/","name":"Wiederer\u00f6ffnung einer j\u00fcdischen Grundschule - J\u00fcdisches Dortmund | english","isPartOf":{"@id":"https:\/\/juedisches-dortmund.de\/en\/#website"},"primaryImageOfPage":{"@id":"https:\/\/juedisches-dortmund.de\/en\/wiedereroeffnung-einer-juedischen-grundschule\/#primaryimage"},"image":{"@id":"https:\/\/juedisches-dortmund.de\/en\/wiedereroeffnung-einer-juedischen-grundschule\/#primaryimage"},"thumbnailUrl":"https:\/\/juedisches-dortmund.de\/en\/wp-content\/uploads\/sites\/5\/2021\/06\/Juedische-Schule-Klein-web-768x522.jpg","datePublished":"2021-06-08T15:38:09+00:00","dateModified":"2022-04-12T12:19:29+00:00","breadcrumb":{"@id":"https:\/\/juedisches-dortmund.de\/en\/wiedereroeffnung-einer-juedischen-grundschule\/#breadcrumb"},"inLanguage":"de","potentialAction":[{"@type":"ReadAction","target":["https:\/\/juedisches-dortmund.de\/en\/wiedereroeffnung-einer-juedischen-grundschule\/"]}]},{"@type":"ImageObject","inLanguage":"de","@id":"https:\/\/juedisches-dortmund.de\/en\/wiedereroeffnung-einer-juedischen-grundschule\/#primaryimage","url":"https:\/\/juedisches-dortmund.de\/en\/wp-content\/uploads\/sites\/5\/2021\/06\/Juedische-Schule-Klein-web.jpg","contentUrl":"https:\/\/juedisches-dortmund.de\/en\/wp-content\/uploads\/sites\/5\/2021\/06\/Juedische-Schule-Klein-web.jpg","width":980,"height":666,"caption":"J\u00fcdische Schule"},{"@type":"BreadcrumbList","@id":"https:\/\/juedisches-dortmund.de\/en\/wiedereroeffnung-einer-juedischen-grundschule\/#breadcrumb","itemListElement":[{"@type":"ListItem","position":1,"name":"Startseite","item":"https:\/\/juedisches-dortmund.de\/en\/"},{"@type":"ListItem","position":2,"name":"Wiederer\u00f6ffnung einer j\u00fcdischen Grundschule"}]},{"@type":"WebSite","@id":"https:\/\/juedisches-dortmund.de\/en\/#website","url":"https:\/\/juedisches-dortmund.de\/en\/","name":"J\u00fcdisches Dortmund | english","description":"","publisher":{"@id":"https:\/\/juedisches-dortmund.de\/en\/#organization"},"potentialAction":[{"@type":"SearchAction","target":{"@type":"EntryPoint","urlTemplate":"https:\/\/juedisches-dortmund.de\/en\/?s={search_term_string}"},"query-input":{"@type":"PropertyValueSpecification","valueRequired":true,"valueName":"search_term_string"}}],"inLanguage":"de"},{"@type":"Organization","@id":"https:\/\/juedisches-dortmund.de\/en\/#organization","name":"J\u00fcdisches Dortmund | english","url":"https:\/\/juedisches-dortmund.de\/en\/","logo":{"@type":"ImageObject","inLanguage":"de","@id":"https:\/\/juedisches-dortmund.de\/en\/#\/schema\/logo\/image\/","url":"https:\/\/juedisches-dortmund.de\/en\/wp-content\/uploads\/sites\/5\/2021\/03\/cropped-logo-height240.png","contentUrl":"https:\/\/juedisches-dortmund.de\/en\/wp-content\/uploads\/sites\/5\/2021\/03\/cropped-logo-height240.png","width":419,"height":240,"caption":"J\u00fcdisches Dortmund | english"},"image":{"@id":"https:\/\/juedisches-dortmund.de\/en\/#\/schema\/logo\/image\/"}}]}},"_links":{"self":[{"href":"https:\/\/juedisches-dortmund.de\/en\/wp-json\/wp\/v2\/pages\/10874","targetHints":{"allow":["GET"]}}],"collection":[{"href":"https:\/\/juedisches-dortmund.de\/en\/wp-json\/wp\/v2\/pages"}],"about":[{"href":"https:\/\/juedisches-dortmund.de\/en\/wp-json\/wp\/v2\/types\/page"}],"author":[{"embeddable":true,"href":"https:\/\/juedisches-dortmund.de\/en\/wp-json\/wp\/v2\/users\/2"}],"replies":[{"embeddable":true,"href":"https:\/\/juedisches-dortmund.de\/en\/wp-json\/wp\/v2\/comments?post=10874"}],"version-history":[{"count":19,"href":"https:\/\/juedisches-dortmund.de\/en\/wp-json\/wp\/v2\/pages\/10874\/revisions"}],"predecessor-version":[{"id":14812,"href":"https:\/\/juedisches-dortmund.de\/en\/wp-json\/wp\/v2\/pages\/10874\/revisions\/14812"}],"wp:attachment":[{"href":"https:\/\/juedisches-dortmund.de\/en\/wp-json\/wp\/v2\/media?parent=10874"}],"curies":[{"name":"wp","href":"https:\/\/api.w.org\/{rel}","templated":true}]}}